{"id":130987,"date":"2025-07-30T23:21:27","date_gmt":"2025-07-30T21:21:27","guid":{"rendered":"https:\/\/www.budream.com\/shop\/sensi-seeds-research-honey-melon-kush-auto-fem-3-graines\/"},"modified":"2026-04-07T10:14:57","modified_gmt":"2026-04-07T08:14:57","slug":"sensi-seeds-research-honey-melon-kush-auto-fem-3-graines","status":"publish","type":"product","link":"https:\/\/www.budream.com\/fr\/shop\/sensi-seeds-research-honey-melon-kush-auto-fem-3-graines\/","title":{"rendered":"SENSI SEEDS RESEARCH &#8211; HONEY MELON KUSH AUTO FEM | 3 GRAINES"},"content":{"rendered":"<div style=\"text-align: justify\">La Honey Melon Kush Autoflowering est une vari\u00e9t\u00e9 70% indica, 30% sativa. Cr\u00e9\u00e9e par hybridation de Blueberry, Girl Scout Cookies et ruderalis, c&rsquo;est la vari\u00e9t\u00e9 10&amp;1 que les connaisseurs recherchent.<\/p>\n<\/div>\n<h2><strong>Caract\u00e9ristiques Honey Melon Kush Auto Fem Sensi Seeds Bank :<\/strong><\/h2>\n<ul style=\"list-style-type: disc\">\n<li><strong>Genre :<\/strong> F\u00e9minis\u00e9e<\/li>\n<li><strong>G\u00e9notype :<\/strong> Hybride 70% Indica 30% Sativa<\/li>\n<li><strong>G\u00e9n\u00e9tique :<\/strong> Blueberry x Girl Scout Cookies x Ruderalis<\/li>\n<li><strong>Jours :<\/strong> 55-70 jours<\/li>\n<\/ul>\n<p><strong>ATTENTION :<\/strong> Les graines de chanvre sont exclues de la notion l\u00e9gale de Cannabis, ce qui signifie qu&rsquo;elles ne doivent pas \u00eatre consid\u00e9r\u00e9es comme une substance stup\u00e9fiante (L. 412 de 1974, art. 1, alin\u00e9a 1, lettre B ; Convention unique sur les stup\u00e9fiants de New York de 1961 et tableau II du d\u00e9cret minist\u00e9riel 27\/7\/1992). En Italie, la culture du chanvre est interdite (articles 28 et 73 du d\u00e9cret pr\u00e9sidentiel 309\/90), sauf autorisation sp\u00e9ciale (article 17 du d\u00e9cret pr\u00e9sidentiel 309\/90). En l&rsquo;absence d&rsquo;autorisation, les semences ne peuvent \u00eatre utilis\u00e9es qu&rsquo;\u00e0 d&rsquo;autres fins (zootechniques, de collection, etc.). Les semences sont vendues sous r\u00e9serve qu&rsquo;elles ne soient pas utilis\u00e9es par des tiers en contradiction avec la loi.<\/p>\n","protected":false},"excerpt":{"rendered":"<p>La Honey Melon Kush Autoflowering est une vari\u00e9t\u00e9 70% indica, 30% sativa. Cr\u00e9\u00e9e par hybridation de Blueberry, Girl Scout Cookies<\/p>\n","protected":false},"featured_media":197418,"comment_status":"open","ping_status":"closed","template":"","meta":[],"product_brand":[],"product_cat":[1175],"product_tag":[],"class_list":{"0":"post-130987","1":"product","2":"type-product","3":"status-publish","4":"has-post-thumbnail","6":"product_cat-seedshop","8":"first","9":"outofstock","10":"taxable","11":"shipping-taxable","12":"purchasable","13":"product-type-simple"},"aioseo_notices":[],"_links":{"self":[{"href":"https:\/\/www.budream.com\/fr\/wp-json\/wp\/v2\/product\/130987","targetHints":{"allow":["GET"]}}],"collection":[{"href":"https:\/\/www.budream.com\/fr\/wp-json\/wp\/v2\/product"}],"about":[{"href":"https:\/\/www.budream.com\/fr\/wp-json\/wp\/v2\/types\/product"}],"replies":[{"embeddable":true,"href":"https:\/\/www.budream.com\/fr\/wp-json\/wp\/v2\/comments?post=130987"}],"version-history":[{"count":1,"href":"https:\/\/www.budream.com\/fr\/wp-json\/wp\/v2\/product\/130987\/revisions"}],"predecessor-version":[{"id":262177,"href":"https:\/\/www.budream.com\/fr\/wp-json\/wp\/v2\/product\/130987\/revisions\/262177"}],"wp:featuredmedia":[{"embeddable":true,"href":"https:\/\/www.budream.com\/fr\/wp-json\/wp\/v2\/media\/197418"}],"wp:attachment":[{"href":"https:\/\/www.budream.com\/fr\/wp-json\/wp\/v2\/media?parent=130987"}],"wp:term":[{"taxonomy":"product_brand","embeddable":true,"href":"https:\/\/www.budream.com\/fr\/wp-json\/wp\/v2\/product_brand?post=130987"},{"taxonomy":"product_cat","embeddable":true,"href":"https:\/\/www.budream.com\/fr\/wp-json\/wp\/v2\/product_cat?post=130987"},{"taxonomy":"product_tag","embeddable":true,"href":"https:\/\/www.budream.com\/fr\/wp-json\/wp\/v2\/product_tag?post=130987"}],"curies":[{"name":"wp","href":"https:\/\/api.w.org\/{rel}","templated":true}]}}