{"id":130997,"date":"2025-07-30T23:22:05","date_gmt":"2025-07-30T21:22:05","guid":{"rendered":"https:\/\/www.budream.com\/shop\/seedsalad-cbd-northern-light-fem-100-graines\/"},"modified":"2025-10-14T19:48:27","modified_gmt":"2025-10-14T17:48:27","slug":"seedsalad-cbd-northern-light-fem-100-graines","status":"publish","type":"product","link":"https:\/\/www.budream.com\/fr\/shop\/seedsalad-cbd-northern-light-fem-100-graines\/","title":{"rendered":"SEEDSALAD &#8211; CBD NORTHERN LIGHT FEM | 100 GRAINES"},"content":{"rendered":"<p>L&rsquo;une des toutes derni\u00e8res g\u00e9n\u00e9tiques CBD s\u00e9lectionn\u00e9es, avec une valeur CBD et THC \u00e9lev\u00e9e, normalement inf\u00e9rieure \u00e0 0,5 %. Tr\u00e8s rapide \u00e0 l&rsquo;int\u00e9rieur comme \u00e0 l&rsquo;ext\u00e9rieur et tr\u00e8s r\u00e9sistante aux moisissures et aux parasites. <br \/>Rendement abondant pour une plante compacte et tr\u00e8s rapide.<\/p>\n<p>Fleurs riches en terp\u00e8nes, il est pr\u00e9f\u00e9rable d&rsquo;attendre 1 semaine apr\u00e8s 8 vagues pour augmenter le rendement olfactif.<\/p>\n<h2><strong>Caract\u00e9ristiques CBD Northern Light :<\/strong><\/h2>\n<ul style=\"list-style-type: disc\">\n<li><strong>Genre :<\/strong> F\u00e9minis\u00e9e<\/li>\n<li><strong>Jours :<\/strong> 60 jours<\/li>\n<li><strong>Pipette scell\u00e9e dans un sachet durable et r\u00e9sistant aux UV<\/strong><\/li>\n<\/ul>\n<p><span style=\"font-size: 11pt\"><em><strong>ATTENTION :<\/strong> Les graines de chanvre sont exclues de la notion l\u00e9gale de Cannabis, ce qui signifie qu&rsquo;elles ne doivent pas \u00eatre consid\u00e9r\u00e9es comme une substance stup\u00e9fiante (L. 412 de 1974, art. 1, alin\u00e9a 1, lettre B ; Convention unique sur les stup\u00e9fiants de New York de 1961 et tableau II du d\u00e9cret minist\u00e9riel 27\/7\/1992). En Italie, la culture du chanvre est interdite (articles 28 et 73 du d\u00e9cret pr\u00e9sidentiel 309\/90), sauf autorisation sp\u00e9ciale (article 17 du d\u00e9cret pr\u00e9sidentiel 309\/90). En l&rsquo;absence d&rsquo;autorisation, les semences ne peuvent \u00eatre utilis\u00e9es qu&rsquo;\u00e0 d&rsquo;autres fins (zootechniques, de collection, etc.). Les semences sont vendues sous r\u00e9serve qu&rsquo;elles ne soient pas utilis\u00e9es par des tiers en contradiction avec la loi.<\/em><\/span><\/p>\n","protected":false},"excerpt":{"rendered":"<p>L&rsquo;une des toutes derni\u00e8res g\u00e9n\u00e9tiques CBD s\u00e9lectionn\u00e9es, avec une valeur CBD et THC \u00e9lev\u00e9e, normalement inf\u00e9rieure \u00e0 0,5 %. Tr\u00e8s<\/p>\n","protected":false},"featured_media":130992,"comment_status":"open","ping_status":"closed","template":"","meta":[],"product_brand":[],"product_cat":[7951],"product_tag":[],"class_list":{"0":"post-130997","1":"product","2":"type-product","3":"status-publish","4":"has-post-thumbnail","6":"product_cat-magasin-de-graines","8":"first","9":"instock","10":"taxable","11":"shipping-taxable","12":"purchasable","13":"product-type-simple"},"aioseo_notices":[],"_links":{"self":[{"href":"https:\/\/www.budream.com\/fr\/wp-json\/wp\/v2\/product\/130997","targetHints":{"allow":["GET"]}}],"collection":[{"href":"https:\/\/www.budream.com\/fr\/wp-json\/wp\/v2\/product"}],"about":[{"href":"https:\/\/www.budream.com\/fr\/wp-json\/wp\/v2\/types\/product"}],"replies":[{"embeddable":true,"href":"https:\/\/www.budream.com\/fr\/wp-json\/wp\/v2\/comments?post=130997"}],"version-history":[{"count":0,"href":"https:\/\/www.budream.com\/fr\/wp-json\/wp\/v2\/product\/130997\/revisions"}],"wp:featuredmedia":[{"embeddable":true,"href":"https:\/\/www.budream.com\/fr\/wp-json\/wp\/v2\/media\/130992"}],"wp:attachment":[{"href":"https:\/\/www.budream.com\/fr\/wp-json\/wp\/v2\/media?parent=130997"}],"wp:term":[{"taxonomy":"product_brand","embeddable":true,"href":"https:\/\/www.budream.com\/fr\/wp-json\/wp\/v2\/product_brand?post=130997"},{"taxonomy":"product_cat","embeddable":true,"href":"https:\/\/www.budream.com\/fr\/wp-json\/wp\/v2\/product_cat?post=130997"},{"taxonomy":"product_tag","embeddable":true,"href":"https:\/\/www.budream.com\/fr\/wp-json\/wp\/v2\/product_tag?post=130997"}],"curies":[{"name":"wp","href":"https:\/\/api.w.org\/{rel}","templated":true}]}}