{"id":131017,"date":"2025-07-30T23:23:02","date_gmt":"2025-07-30T21:23:02","guid":{"rendered":"https:\/\/www.budream.com\/shop\/uvonair-ozoniser-uv-80h-o-200mm-300m3\/"},"modified":"2026-02-03T13:52:33","modified_gmt":"2026-02-03T11:52:33","slug":"uvonair-ozoniser-uv-80h-o-200mm-300m3","status":"publish","type":"product","link":"https:\/\/www.budream.com\/fr\/shop\/uvonair-ozoniser-uv-80h-o-200mm-300m3\/","title":{"rendered":"UVONAIR &#8211; OZONISER UV-80H | \u00d8 200mm &#8211; 300m3"},"content":{"rendered":"<p>L&rsquo;<strong>UVONAIR UV-80H est un syst\u00e8me de conduit \u00e9conomique<\/strong> qui produit de l&rsquo;ozone \u00e0 l&rsquo;aide d&rsquo;ampoules ultraviolettes sp\u00e9ciales.<\/p>\n<p>La plupart des ozonateurs sur le march\u00e9<strong> <u>ne<\/u><\/strong> sont<strong> <u>pas<\/u><\/strong> test\u00e9s selon les normes UL ! \u00cates-vous s\u00fbr que vos odeurs sont \u00e9limin\u00e9es ? Assurez-vous-en avec UVONAIR&reg; !Le SEUL choix d&rsquo;\u00e9liminateurs d&rsquo;odeurs industriels de qualit\u00e9 ! Il ne fait pas que masquer les odeurs, il <strong>les d\u00e9truit ! <\/strong>Les \u00e9liminateurs d&rsquo;odeurs UVONAIR&reg; g\u00e9n\u00e8rent de l&rsquo;ozone, l&rsquo;un des agents oxydants les plus efficaces de la nature !<\/p>\n<h2><span style=\"text-decoration: underline\"><strong>Caract\u00e9ristiques Uvonair UV-80H :<\/strong><\/span><\/h2>\n<ul style=\"list-style-type: disc\">\n<li>Id\u00e9al pour les pi\u00e8ces de <strong>150 m3 \u00e0 300 m3<\/strong><\/li>\n<li>S&rsquo;installe dans des gaines de <strong>20 cm<\/strong> pour traiter l&rsquo;air au fur et \u00e0 mesure qu&rsquo;il est \u00e9vacu\u00e9<\/li>\n<li>Interrupteur r\u00e9glable (HIGH\/LOW\/OFF) avec deux niveaux de puissance : high (2 ampoules) et low (1 ampoule)<\/li>\n<li>Volet de service lat\u00e9ral disponible pour faciliter l&rsquo;acc\u00e8s aux composants internes<\/li>\n<li>Peut \u00eatre install\u00e9 dans d&rsquo;autres tailles de conduits \u00e0 l&rsquo;aide d&rsquo;adaptateurs* (cependant, les conduits plus grands peuvent compromettre le d\u00e9bit d&rsquo;air). Les mod\u00e8les Uvonair&reg; CD sont recommand\u00e9s dans les conduits plus grands et dans les situations de fortes odeurs.<\/li>\n<li>Fonctionne dans les zones \u00e0 forte <strong>HUMIDIT\u00c9<\/strong><\/li>\n<li>Fonctionne dans une large gamme de <strong>TEMP\u00c9RATURES<\/strong><\/li>\n<li><strong>RESPECTEZ L&rsquo;ENVIRONNEMENT<\/strong> sans cr\u00e9er de d\u00e9chets dangereux !<\/li>\n<li>Garantie compl\u00e8te d&rsquo;un an<\/li>\n<li>*Les adaptateurs ne sont pas inclus ; \u00e0 utiliser avec le syst\u00e8me de ventilation.<\/li>\n<\/ul>\n<p><u><strong><br \/>Note : <\/strong><\/u>Le syst\u00e8me Uvonair&reg; In-Duct UV doit \u00eatre positionn\u00e9 de mani\u00e8re \u00e0 pouvoir \u00eatre connect\u00e9 \u00e0 la source \u00e9lectrique sans utiliser de rallonge. L&rsquo;Uvonair&reg; UV80H a deux r\u00e9glages de sortie : High (2 ampoules) et Low (1 ampoule). D\u00e9terminez le niveau d&rsquo;ozone requis en surveillant le niveau d&rsquo;odeur de l&rsquo;air \u00e9vacu\u00e9. Ce niveau peut varier au cours du cycle de croissance.<u><strong><br \/><\/strong><\/u><\/p>\n","protected":false},"excerpt":{"rendered":"<p>L&rsquo;UVONAIR UV-80H est un syst\u00e8me de conduit \u00e9conomique qui produit de l&rsquo;ozone \u00e0 l&rsquo;aide d&rsquo;ampoules ultraviolettes sp\u00e9ciales. La plupart des<\/p>\n","protected":false},"featured_media":131012,"comment_status":"open","ping_status":"closed","template":"","meta":[],"product_brand":[],"product_cat":[7928],"product_tag":[],"class_list":{"0":"post-131017","1":"product","2":"type-product","3":"status-publish","4":"has-post-thumbnail","6":"product_cat-antiparasitaires-et-defense","8":"first","9":"instock","10":"taxable","11":"shipping-taxable","12":"purchasable","13":"product-type-simple"},"_links":{"self":[{"href":"https:\/\/www.budream.com\/fr\/wp-json\/wp\/v2\/product\/131017","targetHints":{"allow":["GET"]}}],"collection":[{"href":"https:\/\/www.budream.com\/fr\/wp-json\/wp\/v2\/product"}],"about":[{"href":"https:\/\/www.budream.com\/fr\/wp-json\/wp\/v2\/types\/product"}],"replies":[{"embeddable":true,"href":"https:\/\/www.budream.com\/fr\/wp-json\/wp\/v2\/comments?post=131017"}],"version-history":[{"count":0,"href":"https:\/\/www.budream.com\/fr\/wp-json\/wp\/v2\/product\/131017\/revisions"}],"wp:featuredmedia":[{"embeddable":true,"href":"https:\/\/www.budream.com\/fr\/wp-json\/wp\/v2\/media\/131012"}],"wp:attachment":[{"href":"https:\/\/www.budream.com\/fr\/wp-json\/wp\/v2\/media?parent=131017"}],"wp:term":[{"taxonomy":"product_brand","embeddable":true,"href":"https:\/\/www.budream.com\/fr\/wp-json\/wp\/v2\/product_brand?post=131017"},{"taxonomy":"product_cat","embeddable":true,"href":"https:\/\/www.budream.com\/fr\/wp-json\/wp\/v2\/product_cat?post=131017"},{"taxonomy":"product_tag","embeddable":true,"href":"https:\/\/www.budream.com\/fr\/wp-json\/wp\/v2\/product_tag?post=131017"}],"curies":[{"name":"wp","href":"https:\/\/api.w.org\/{rel}","templated":true}]}}