{"id":131027,"date":"2025-07-30T23:23:29","date_gmt":"2025-07-30T21:23:29","guid":{"rendered":"https:\/\/www.budream.com\/shop\/uvonair-ozoniser-cd-1000-2-o-250mm-1200m3\/"},"modified":"2026-02-23T19:06:24","modified_gmt":"2026-02-23T17:06:24","slug":"uvonair-ozoniser-cd-1000-2-o-250mm-1200m3","status":"publish","type":"product","link":"https:\/\/www.budream.com\/fr\/shop\/uvonair-ozoniser-cd-1000-2-o-250mm-1200m3\/","title":{"rendered":"UVONAIR &#8211; OZONISER CD-1000-2 | \u00d8 250mm &#8211; 1200m3"},"content":{"rendered":"<p>Le <strong> g\u00e9n\u00e9rateur d&rsquo;ozone<\/strong> <strong>Uvonair CD-1000-2 \u00e0 deux cellules<\/strong> <strong> est un g\u00e9n\u00e9rateur d&rsquo;ozone haute performance<\/strong> qui produit plus d&rsquo;ozone que tout autre mod\u00e8le connu \u00e0 ce jour. Il est r\u00e9glable pour s&rsquo;adapter \u00e0 la charge de la demande d&rsquo;ozone pour le contr\u00f4le des odeurs et pour fournir des \u00e9conomies d&rsquo;\u00e9nergie pendant les p\u00e9riodes de faible demande. Le g\u00e9n\u00e9rateur CD ne n\u00e9cessite pas d&rsquo;entretien.<\/p>\n<p>La plupart des ozonateurs sur le march\u00e9<strong> <u>ne<\/u><\/strong> sont<strong> <u>pas<\/u><\/strong> test\u00e9s selon les normes UL ! \u00cates-vous s\u00fbr que vos odeurs sont \u00e9limin\u00e9es ? Assurez-vous-en avec UVONAIR&reg; !Le SEUL choix d&rsquo;\u00e9liminateurs d&rsquo;odeurs industriels de qualit\u00e9 ! Il ne se contente pas de masquer les odeurs, <strong>il les d\u00e9truit ! <\/strong>Les \u00e9liminateurs d&rsquo;odeurs UVONAIR&reg; g\u00e9n\u00e8rent de l&rsquo;ozone, l&rsquo;un des agents oxydants les plus efficaces de la nature !<\/p>\n<h2><span style=\"text-decoration: underline\"><strong>Caract\u00e9ristiques Uvonair CD-1000-2 :<\/strong><\/span><\/h2>\n<ul style=\"list-style-type: disc\">\n<li>Id\u00e9al pour les pi\u00e8ces de <strong>600 m3 \u00e0 1200 m3<\/strong><\/li>\n<li>Install\u00e9 dans une gaine de <strong>25 cm<\/strong> pour traiter l&rsquo;air au fur et \u00e0 mesure qu&rsquo;il est \u00e9vacu\u00e9<\/li>\n<li>Interrupteur r\u00e9glable (HIGH\/LOW\/OFF).<\/li>\n<li>Les mod\u00e8les Uvonair&reg; CD sont recommand\u00e9s dans les gaines plus grandes et dans les situations de fortes odeurs.<\/li>\n<li>Fonctionne dans les zones \u00e0 forte <strong>HUMIDIT\u00c9<\/strong><\/li>\n<li>Fonctionne dans une large gamme de <strong>TEMP\u00c9RATURES<\/strong><\/li>\n<li><strong>RESPECTEZ L&rsquo;ENVIRONNEMENT<\/strong> sans cr\u00e9er de d\u00e9chets dangereux !<\/li>\n<li>Garantie compl\u00e8te d&rsquo;un an<\/li>\n<li>Aucun entretien n&rsquo;est n\u00e9cessaire<\/li>\n<li>*Adaptateurs non inclus ; \u00e0 utiliser avec le syst\u00e8me de ventilation<\/li>\n<\/ul>\n<p><u><strong><br \/>Note<\/strong><\/u><strong>:<\/strong> Le syst\u00e8me Uvonair&reg; CD In-Duct doit \u00eatre positionn\u00e9 de fa\u00e7on \u00e0 ce qu&rsquo;une connexion puisse \u00eatre faite \u00e0 la source \u00e9lectrique sans utiliser de rallonge. Aucun entretien n&rsquo;est requis pour ces unit\u00e9s. Elles ne sont PAS r\u00e9parables par l&rsquo;utilisateur, veuillez contacter votre revendeur local pour tout probl\u00e8me d&rsquo;entretien.<\/p>\n","protected":false},"excerpt":{"rendered":"<p>Le g\u00e9n\u00e9rateur d&rsquo;ozone Uvonair CD-1000-2 \u00e0 deux cellules est un g\u00e9n\u00e9rateur d&rsquo;ozone haute performance qui produit plus d&rsquo;ozone que tout<\/p>\n","protected":false},"featured_media":131022,"comment_status":"open","ping_status":"closed","template":"","meta":[],"product_brand":[],"product_cat":[7928],"product_tag":[],"class_list":{"0":"post-131027","1":"product","2":"type-product","3":"status-publish","4":"has-post-thumbnail","6":"product_cat-antiparasitaires-et-defense","8":"first","9":"instock","10":"taxable","11":"shipping-taxable","12":"purchasable","13":"product-type-simple"},"_links":{"self":[{"href":"https:\/\/www.budream.com\/fr\/wp-json\/wp\/v2\/product\/131027","targetHints":{"allow":["GET"]}}],"collection":[{"href":"https:\/\/www.budream.com\/fr\/wp-json\/wp\/v2\/product"}],"about":[{"href":"https:\/\/www.budream.com\/fr\/wp-json\/wp\/v2\/types\/product"}],"replies":[{"embeddable":true,"href":"https:\/\/www.budream.com\/fr\/wp-json\/wp\/v2\/comments?post=131027"}],"version-history":[{"count":0,"href":"https:\/\/www.budream.com\/fr\/wp-json\/wp\/v2\/product\/131027\/revisions"}],"wp:featuredmedia":[{"embeddable":true,"href":"https:\/\/www.budream.com\/fr\/wp-json\/wp\/v2\/media\/131022"}],"wp:attachment":[{"href":"https:\/\/www.budream.com\/fr\/wp-json\/wp\/v2\/media?parent=131027"}],"wp:term":[{"taxonomy":"product_brand","embeddable":true,"href":"https:\/\/www.budream.com\/fr\/wp-json\/wp\/v2\/product_brand?post=131027"},{"taxonomy":"product_cat","embeddable":true,"href":"https:\/\/www.budream.com\/fr\/wp-json\/wp\/v2\/product_cat?post=131027"},{"taxonomy":"product_tag","embeddable":true,"href":"https:\/\/www.budream.com\/fr\/wp-json\/wp\/v2\/product_tag?post=131027"}],"curies":[{"name":"wp","href":"https:\/\/api.w.org\/{rel}","templated":true}]}}