{"id":131047,"date":"2025-07-30T23:25:26","date_gmt":"2025-07-30T21:25:26","guid":{"rendered":"https:\/\/www.budream.com\/shop\/super-sativa-seed-club-auto-creeper-fem-3-graines\/"},"modified":"2025-11-27T13:20:39","modified_gmt":"2025-11-27T11:20:39","slug":"super-sativa-seed-club-auto-creeper-fem-3-graines","status":"publish","type":"product","link":"https:\/\/www.budream.com\/fr\/shop\/super-sativa-seed-club-auto-creeper-fem-3-graines\/","title":{"rendered":"SUPER SATIVA SEED CLUB &#8211; AUTO CREEPER FEM | 3 GRAINES"},"content":{"rendered":"<p><br style=\"font-size: 12.222222328186px\" \/><span style=\"font-size: 12.222222328186px\">Composition : (Creeper x Williams Wonder) x Creeper<br \/><\/span><br style=\"font-size: 12.222222328186px\" \/><br style=\"font-size: 12.222222328186px\" \/><span style=\"font-size: 12.222222328186px\">G\u00e9notype : Hybride auto-fleurissant f\u00e9minis\u00e9 \u00e0 pr\u00e9dominance Sativa<\/span><br style=\"font-size: 12.222222328186px\" \/><br style=\"font-size: 12.222222328186px\" \/><br style=\"font-size: 12.222222328186px\" \/><span style=\"font-size: 12.222222328186px\">JOURS : 84-91<\/span><br style=\"font-size: 12.222222328186px\" \/><br \/><br style=\"font-size: 12.222222328186px\" \/><span style=\"font-size: 12.222222328186px\"><a href=\"http:\/\/drunderground.com\/en\/\" target=\"_blank\" rel=\"noopener noreferrer\">pour plus d&rsquo;informations cliquez ici !<\/a><br \/><\/span><\/p>\n","protected":false},"excerpt":{"rendered":"<p>Composition : (Creeper x Williams Wonder) x CreeperG\u00e9notype : Hybride auto-fleurissant f\u00e9minis\u00e9 \u00e0 pr\u00e9dominance SativaJOURS : 84-91pour plus d&rsquo;informations cliquez<\/p>\n","protected":false},"featured_media":128562,"comment_status":"open","ping_status":"closed","template":"","meta":[],"product_brand":[],"product_cat":[7951],"product_tag":[],"class_list":{"0":"post-131047","1":"product","2":"type-product","3":"status-publish","4":"has-post-thumbnail","6":"product_cat-magasin-de-graines","8":"first","9":"instock","10":"sale","11":"taxable","12":"shipping-taxable","13":"purchasable","14":"product-type-simple"},"_links":{"self":[{"href":"https:\/\/www.budream.com\/fr\/wp-json\/wp\/v2\/product\/131047","targetHints":{"allow":["GET"]}}],"collection":[{"href":"https:\/\/www.budream.com\/fr\/wp-json\/wp\/v2\/product"}],"about":[{"href":"https:\/\/www.budream.com\/fr\/wp-json\/wp\/v2\/types\/product"}],"replies":[{"embeddable":true,"href":"https:\/\/www.budream.com\/fr\/wp-json\/wp\/v2\/comments?post=131047"}],"version-history":[{"count":0,"href":"https:\/\/www.budream.com\/fr\/wp-json\/wp\/v2\/product\/131047\/revisions"}],"wp:featuredmedia":[{"embeddable":true,"href":"https:\/\/www.budream.com\/fr\/wp-json\/wp\/v2\/media\/128562"}],"wp:attachment":[{"href":"https:\/\/www.budream.com\/fr\/wp-json\/wp\/v2\/media?parent=131047"}],"wp:term":[{"taxonomy":"product_brand","embeddable":true,"href":"https:\/\/www.budream.com\/fr\/wp-json\/wp\/v2\/product_brand?post=131047"},{"taxonomy":"product_cat","embeddable":true,"href":"https:\/\/www.budream.com\/fr\/wp-json\/wp\/v2\/product_cat?post=131047"},{"taxonomy":"product_tag","embeddable":true,"href":"https:\/\/www.budream.com\/fr\/wp-json\/wp\/v2\/product_tag?post=131047"}],"curies":[{"name":"wp","href":"https:\/\/api.w.org\/{rel}","templated":true}]}}