{"id":131072,"date":"2025-07-30T23:28:01","date_gmt":"2025-07-30T21:28:01","guid":{"rendered":"https:\/\/www.budream.com\/shop\/super-sativa-seed-club-auto-sweet-bourbon-kush-fem-8-semences-disponible-jusqua-epuisement-des-stocks\/"},"modified":"2025-11-27T13:22:04","modified_gmt":"2025-11-27T11:22:04","slug":"super-sativa-seed-club-auto-sweet-bourbon-kush-fem-8-semences-disponible-jusqua-epuisement-des-stocks","status":"publish","type":"product","link":"https:\/\/www.budream.com\/fr\/shop\/super-sativa-seed-club-auto-sweet-bourbon-kush-fem-8-semences-disponible-jusqua-epuisement-des-stocks\/","title":{"rendered":"SUPER SATIVA SEED CLUB &#8211; AUTO SWEET BOURBON KUSH FEM | 8 SEMENCES Disponible jusqu&rsquo;\u00e0 \u00e9puisement des stocks"},"content":{"rendered":"<div style=\"text-align: justify\">Pour cr\u00e9er la Sweet Bourbon Auto Kush, nous avons crois\u00e9 une Los Angeles Kush (LA Confidential x OG Kush) avec les meilleures g\u00e9n\u00e9tiques AutoKush europ\u00e9ennes disponibles. De cette mani\u00e8re, nous nous sommes assur\u00e9s que les caract\u00e9ristiques cl\u00e9s de la Kush.<\/div>\n<p><\/p>\n<h2><strong>Caract\u00e9ristiques Auto Sweet Bourbon Kush Fem :<\/strong><\/h2>\n<ul style=\"list-style-type: disc\">\n<li><strong>Genre :<\/strong> Autofloraison f\u00e9minis\u00e9e<\/li>\n<li><strong>G\u00e9notype :<\/strong> Hybride \u00e0 dominance indica<\/li>\n<li><strong>G\u00e9n\u00e9tique : <\/strong>Los Angeles Kush (LA Confidential x OG Kush) x g\u00e9n\u00e9tique europ\u00e9enne AutoKush<\/li>\n<li>Jours<strong>:<\/strong> 70 jours<\/li>\n<\/ul>\n<p><span style=\"font-size: 12.222222328186px\"><br \/><span style=\"font-size: 11pt\"><em><strong>ATTENTION :<\/strong> Les graines de chanvre sont exclues de la notion l\u00e9gale de Cannabis, ce qui signifie qu&rsquo;elles ne doivent pas \u00eatre consid\u00e9r\u00e9es comme une substance stup\u00e9fiante (L. 412 de 1974, art. 1, alin\u00e9a 1, lettre B ; Convention unique sur les stup\u00e9fiants de New York de 1961 et tableau II du d\u00e9cret minist\u00e9riel 27\/7\/1992). En Italie, la culture du chanvre est interdite (articles 28 et 73 du d\u00e9cret pr\u00e9sidentiel 309\/90), sauf autorisation sp\u00e9ciale (article 17 du d\u00e9cret pr\u00e9sidentiel 309\/90). En l&rsquo;absence d&rsquo;autorisation, les semences ne peuvent \u00eatre utilis\u00e9es qu&rsquo;\u00e0 d&rsquo;autres fins (zootechniques, de collection, etc.). Les semences sont vendues sous r\u00e9serve qu&rsquo;elles ne soient pas utilis\u00e9es par des tiers en contradiction avec la loi.<\/em><\/span><br \/><\/span><\/p>\n","protected":false},"excerpt":{"rendered":"<p>Pour cr\u00e9er la Sweet Bourbon Auto Kush, nous avons crois\u00e9 une Los Angeles Kush (LA Confidential x OG Kush) avec<\/p>\n","protected":false},"featured_media":128567,"comment_status":"open","ping_status":"closed","template":"","meta":[],"product_brand":[],"product_cat":[7951],"product_tag":[],"class_list":{"0":"post-131072","1":"product","2":"type-product","3":"status-publish","4":"has-post-thumbnail","6":"product_cat-magasin-de-graines","8":"first","9":"instock","10":"sale","11":"taxable","12":"shipping-taxable","13":"purchasable","14":"product-type-simple"},"aioseo_notices":[],"_links":{"self":[{"href":"https:\/\/www.budream.com\/fr\/wp-json\/wp\/v2\/product\/131072","targetHints":{"allow":["GET"]}}],"collection":[{"href":"https:\/\/www.budream.com\/fr\/wp-json\/wp\/v2\/product"}],"about":[{"href":"https:\/\/www.budream.com\/fr\/wp-json\/wp\/v2\/types\/product"}],"replies":[{"embeddable":true,"href":"https:\/\/www.budream.com\/fr\/wp-json\/wp\/v2\/comments?post=131072"}],"version-history":[{"count":0,"href":"https:\/\/www.budream.com\/fr\/wp-json\/wp\/v2\/product\/131072\/revisions"}],"wp:featuredmedia":[{"embeddable":true,"href":"https:\/\/www.budream.com\/fr\/wp-json\/wp\/v2\/media\/128567"}],"wp:attachment":[{"href":"https:\/\/www.budream.com\/fr\/wp-json\/wp\/v2\/media?parent=131072"}],"wp:term":[{"taxonomy":"product_brand","embeddable":true,"href":"https:\/\/www.budream.com\/fr\/wp-json\/wp\/v2\/product_brand?post=131072"},{"taxonomy":"product_cat","embeddable":true,"href":"https:\/\/www.budream.com\/fr\/wp-json\/wp\/v2\/product_cat?post=131072"},{"taxonomy":"product_tag","embeddable":true,"href":"https:\/\/www.budream.com\/fr\/wp-json\/wp\/v2\/product_tag?post=131072"}],"curies":[{"name":"wp","href":"https:\/\/api.w.org\/{rel}","templated":true}]}}