{"id":131082,"date":"2025-07-30T23:28:58","date_gmt":"2025-07-30T21:28:58","guid":{"rendered":"https:\/\/www.budream.com\/shop\/super-sativa-seed-club-kosher-haze-fem-5-graines\/"},"modified":"2025-11-27T13:24:05","modified_gmt":"2025-11-27T11:24:05","slug":"super-sativa-seed-club-kosher-haze-fem-5-graines","status":"publish","type":"product","link":"https:\/\/www.budream.com\/fr\/shop\/super-sativa-seed-club-kosher-haze-fem-5-graines\/","title":{"rendered":"SUPER SATIVA SEED CLUB &#8211; KOSHER HAZE FEM | 5 GRAINES"},"content":{"rendered":"<p><br style=\"font-size: 12.222222328186px\" \/><span style=\"font-size: 12.222222328186px\">Composition : Karel&rsquo;s Haze x Kosher Kush<br \/><\/span><br style=\"font-size: 12.222222328186px\" \/><br style=\"font-size: 12.222222328186px\" \/><span style=\"font-size: 12.222222328186px\">G\u00e9notype : Hybride f\u00e9minis\u00e9 70% Indica 30% Sativa<br \/><\/span><br style=\"font-size: 12.222222328186px\" \/><br style=\"font-size: 12.222222328186px\" \/><span style=\"font-size: 12.222222328186px\">JOURS : 63-70<\/span><br style=\"font-size: 12.222222328186px\" \/><br \/><br style=\"font-size: 12.222222328186px\" \/><span style=\"font-size: 12.222222328186px\"><a href=\"http:\/\/drunderground.com\/en\/\" target=\"_blank\" rel=\"noopener noreferrer\">pour plus d&rsquo;informations cliquez ici !<\/a><br \/><\/span><\/p>\n","protected":false},"excerpt":{"rendered":"<p>Composition : Karel&rsquo;s Haze x Kosher KushG\u00e9notype : Hybride f\u00e9minis\u00e9 70% Indica 30% SativaJOURS : 63-70pour plus d&rsquo;informations cliquez ici<\/p>\n","protected":false},"featured_media":128567,"comment_status":"open","ping_status":"closed","template":"","meta":[],"product_brand":[],"product_cat":[7951],"product_tag":[],"class_list":{"0":"post-131082","1":"product","2":"type-product","3":"status-publish","4":"has-post-thumbnail","6":"product_cat-magasin-de-graines","8":"first","9":"outofstock","10":"sale","11":"taxable","12":"shipping-taxable","13":"purchasable","14":"product-type-simple"},"aioseo_notices":[],"_links":{"self":[{"href":"https:\/\/www.budream.com\/fr\/wp-json\/wp\/v2\/product\/131082","targetHints":{"allow":["GET"]}}],"collection":[{"href":"https:\/\/www.budream.com\/fr\/wp-json\/wp\/v2\/product"}],"about":[{"href":"https:\/\/www.budream.com\/fr\/wp-json\/wp\/v2\/types\/product"}],"replies":[{"embeddable":true,"href":"https:\/\/www.budream.com\/fr\/wp-json\/wp\/v2\/comments?post=131082"}],"version-history":[{"count":0,"href":"https:\/\/www.budream.com\/fr\/wp-json\/wp\/v2\/product\/131082\/revisions"}],"wp:featuredmedia":[{"embeddable":true,"href":"https:\/\/www.budream.com\/fr\/wp-json\/wp\/v2\/media\/128567"}],"wp:attachment":[{"href":"https:\/\/www.budream.com\/fr\/wp-json\/wp\/v2\/media?parent=131082"}],"wp:term":[{"taxonomy":"product_brand","embeddable":true,"href":"https:\/\/www.budream.com\/fr\/wp-json\/wp\/v2\/product_brand?post=131082"},{"taxonomy":"product_cat","embeddable":true,"href":"https:\/\/www.budream.com\/fr\/wp-json\/wp\/v2\/product_cat?post=131082"},{"taxonomy":"product_tag","embeddable":true,"href":"https:\/\/www.budream.com\/fr\/wp-json\/wp\/v2\/product_tag?post=131082"}],"curies":[{"name":"wp","href":"https:\/\/api.w.org\/{rel}","templated":true}]}}