{"id":131102,"date":"2025-07-30T23:29:55","date_gmt":"2025-07-30T21:29:55","guid":{"rendered":"https:\/\/www.budream.com\/shop\/qnubu-bong-en-verre-boulder-203cm\/"},"modified":"2026-02-06T13:45:07","modified_gmt":"2026-02-06T11:45:07","slug":"qnubu-bong-en-verre-boulder-203cm","status":"publish","type":"product","link":"https:\/\/www.budream.com\/fr\/shop\/qnubu-bong-en-verre-boulder-203cm\/","title":{"rendered":"QNUBU &#8211; BONG EN VERRE \u00ab\u00a0BOULDER\u00a0\u00bb | 20,3cm"},"content":{"rendered":"<p>Bong en verre avec brasero en verre adapt\u00e9 \u00e0 l&rsquo;utilisation d&rsquo;extraits ; un bong de conception unique, facile \u00e0 nettoyer et r\u00e9sistant aux chocs.<br \/>Le brasero peut \u00eatre remplac\u00e9 pour l&rsquo;utilisation d&rsquo;herbes.<\/p>\n<h2><span style=\"text-decoration: underline\">Qnubu &#8211; bong en verre \u00ab\u00a0Boulder\u00a0\u00bb | 20,3cm<\/span><\/h2>\n<ul style=\"list-style-type: disc\">\n<li>Bong en verre ;<\/li>\n<li>Taille : 20,3 cm ;<\/li>\n<li>banger pour les extraits ;<\/li>\n<\/ul>\n","protected":false},"excerpt":{"rendered":"<p>Bong en verre avec brasero en verre adapt\u00e9 \u00e0 l&rsquo;utilisation d&rsquo;extraits ; un bong de conception unique, facile \u00e0 nettoyer<\/p>\n","protected":false},"featured_media":131092,"comment_status":"open","ping_status":"closed","template":"","meta":[],"product_brand":[],"product_cat":[7949],"product_tag":[],"class_list":{"0":"post-131102","1":"product","2":"type-product","3":"status-publish","4":"has-post-thumbnail","6":"product_cat-headshop-fr","8":"first","9":"instock","10":"taxable","11":"shipping-taxable","12":"purchasable","13":"product-type-simple"},"aioseo_notices":[],"_links":{"self":[{"href":"https:\/\/www.budream.com\/fr\/wp-json\/wp\/v2\/product\/131102","targetHints":{"allow":["GET"]}}],"collection":[{"href":"https:\/\/www.budream.com\/fr\/wp-json\/wp\/v2\/product"}],"about":[{"href":"https:\/\/www.budream.com\/fr\/wp-json\/wp\/v2\/types\/product"}],"replies":[{"embeddable":true,"href":"https:\/\/www.budream.com\/fr\/wp-json\/wp\/v2\/comments?post=131102"}],"version-history":[{"count":0,"href":"https:\/\/www.budream.com\/fr\/wp-json\/wp\/v2\/product\/131102\/revisions"}],"wp:featuredmedia":[{"embeddable":true,"href":"https:\/\/www.budream.com\/fr\/wp-json\/wp\/v2\/media\/131092"}],"wp:attachment":[{"href":"https:\/\/www.budream.com\/fr\/wp-json\/wp\/v2\/media?parent=131102"}],"wp:term":[{"taxonomy":"product_brand","embeddable":true,"href":"https:\/\/www.budream.com\/fr\/wp-json\/wp\/v2\/product_brand?post=131102"},{"taxonomy":"product_cat","embeddable":true,"href":"https:\/\/www.budream.com\/fr\/wp-json\/wp\/v2\/product_cat?post=131102"},{"taxonomy":"product_tag","embeddable":true,"href":"https:\/\/www.budream.com\/fr\/wp-json\/wp\/v2\/product_tag?post=131102"}],"curies":[{"name":"wp","href":"https:\/\/api.w.org\/{rel}","templated":true}]}}