{"id":131242,"date":"2025-07-30T23:37:15","date_gmt":"2025-07-30T21:37:15","guid":{"rendered":"https:\/\/www.budream.com\/shop\/storzbickel-set-de-filets-de-remplacement-crafty-and-mighty\/"},"modified":"2026-02-05T11:25:28","modified_gmt":"2026-02-05T09:25:28","slug":"storzbickel-set-de-filets-de-remplacement-crafty-and-mighty","status":"publish","type":"product","link":"https:\/\/www.budream.com\/fr\/shop\/storzbickel-set-de-filets-de-remplacement-crafty-and-mighty\/","title":{"rendered":"STORZ&amp;BICKEL &#8211; SET DE FILETS DE REMPLACEMENT | CRAFTY+ AND MIGHTY+"},"content":{"rendered":"<p>Set contenant tous les filtres pour votre Mighty+ ou Crafty+.<\/p>\n<h2><span style=\"text-decoration: underline\">STORZ&amp;BICKEL &#8211; REPLACEMENT NETSET comprend :<\/span><\/h2>\n<ul style=\"list-style-type: disc\">\n<li>6 pi\u00e8ces de filets de remplacement pour Crafty+ et Mighty+ :<\/li>\n<li>4 pi\u00e8ces de filet sup\u00e9rieur \u00e0 larges mailles (environ &Oslash; 15 mm) ;<\/li>\n<li>2 pi\u00e8ces filet inf\u00e9rieur \u00e0 mailles r\u00e9guli\u00e8res (environ &Oslash; 15 mm) ;<\/li>\n<\/ul>\n","protected":false},"excerpt":{"rendered":"<p>Set contenant tous les filtres pour votre Mighty+ ou Crafty+. STORZ&amp;BICKEL &#8211; REPLACEMENT NETSET comprend : 6 pi\u00e8ces de filets<\/p>\n","protected":false},"featured_media":131237,"comment_status":"open","ping_status":"closed","template":"","meta":[],"product_brand":[],"product_cat":[7910],"product_tag":[],"class_list":{"0":"post-131242","1":"product","2":"type-product","3":"status-publish","4":"has-post-thumbnail","6":"product_cat-vaporisateurs","8":"first","9":"instock","10":"sale","11":"taxable","12":"shipping-taxable","13":"purchasable","14":"product-type-simple"},"aioseo_notices":[],"_links":{"self":[{"href":"https:\/\/www.budream.com\/fr\/wp-json\/wp\/v2\/product\/131242","targetHints":{"allow":["GET"]}}],"collection":[{"href":"https:\/\/www.budream.com\/fr\/wp-json\/wp\/v2\/product"}],"about":[{"href":"https:\/\/www.budream.com\/fr\/wp-json\/wp\/v2\/types\/product"}],"replies":[{"embeddable":true,"href":"https:\/\/www.budream.com\/fr\/wp-json\/wp\/v2\/comments?post=131242"}],"version-history":[{"count":0,"href":"https:\/\/www.budream.com\/fr\/wp-json\/wp\/v2\/product\/131242\/revisions"}],"wp:featuredmedia":[{"embeddable":true,"href":"https:\/\/www.budream.com\/fr\/wp-json\/wp\/v2\/media\/131237"}],"wp:attachment":[{"href":"https:\/\/www.budream.com\/fr\/wp-json\/wp\/v2\/media?parent=131242"}],"wp:term":[{"taxonomy":"product_brand","embeddable":true,"href":"https:\/\/www.budream.com\/fr\/wp-json\/wp\/v2\/product_brand?post=131242"},{"taxonomy":"product_cat","embeddable":true,"href":"https:\/\/www.budream.com\/fr\/wp-json\/wp\/v2\/product_cat?post=131242"},{"taxonomy":"product_tag","embeddable":true,"href":"https:\/\/www.budream.com\/fr\/wp-json\/wp\/v2\/product_tag?post=131242"}],"curies":[{"name":"wp","href":"https:\/\/api.w.org\/{rel}","templated":true}]}}