{"id":131347,"date":"2025-07-30T23:39:16","date_gmt":"2025-07-30T21:39:16","guid":{"rendered":"https:\/\/www.budream.com\/shop\/storzbickel-set-de-remplissage-40-capsules-volcano-mighty-crafty-plenty\/"},"modified":"2026-02-18T17:47:16","modified_gmt":"2026-02-18T15:47:16","slug":"storzbickel-set-de-remplissage-40-capsules-volcano-mighty-crafty-plenty","status":"publish","type":"product","link":"https:\/\/www.budream.com\/fr\/shop\/storzbickel-set-de-remplissage-40-capsules-volcano-mighty-crafty-plenty\/","title":{"rendered":"STORZ&amp;BICKEL &#8211; SET DE REMPLISSAGE 40 CAPSULES | VOLCANO MIGHTY+ CRAFTY+ PLENTY"},"content":{"rendered":"<p>Le set de remplissage pour 40 g\u00e9lules est con\u00e7u pour le remplissage simultan\u00e9 d&rsquo;une plus grande quantit\u00e9 de g\u00e9lules.<br \/>Le piston inclus facilite la fermeture des g\u00e9lules.<\/p>\n<h2><span style=\"text-decoration: underline\">Le set de remplissage de 40 capsules comprend :<\/span><\/h2>\n<ul style=\"list-style-type: disc\">\n<li>Gabarit de remplissage ;<\/li>\n<li>Spatule ;<\/li>\n<li>Piston ;<\/li>\n<li>Moulin \u00e0 herbe XL (environ &Oslash; 90 mm) ;<\/li>\n<li>R\u00e9cipient pour 8 capsules de dosage ;<\/li>\n<li>40 capsules de dosage ;<\/li>\n<li>Balance ;<\/li>\n<\/ul>\n","protected":false},"excerpt":{"rendered":"<p>Le set de remplissage pour 40 g\u00e9lules est con\u00e7u pour le remplissage simultan\u00e9 d&rsquo;une plus grande quantit\u00e9 de g\u00e9lules.Le piston<\/p>\n","protected":false},"featured_media":131312,"comment_status":"open","ping_status":"closed","template":"","meta":[],"product_brand":[],"product_cat":[7910],"product_tag":[],"class_list":{"0":"post-131347","1":"product","2":"type-product","3":"status-publish","4":"has-post-thumbnail","6":"product_cat-vaporisateurs","8":"first","9":"instock","10":"sale","11":"taxable","12":"shipping-taxable","13":"purchasable","14":"product-type-simple"},"aioseo_notices":[],"_links":{"self":[{"href":"https:\/\/www.budream.com\/fr\/wp-json\/wp\/v2\/product\/131347","targetHints":{"allow":["GET"]}}],"collection":[{"href":"https:\/\/www.budream.com\/fr\/wp-json\/wp\/v2\/product"}],"about":[{"href":"https:\/\/www.budream.com\/fr\/wp-json\/wp\/v2\/types\/product"}],"replies":[{"embeddable":true,"href":"https:\/\/www.budream.com\/fr\/wp-json\/wp\/v2\/comments?post=131347"}],"version-history":[{"count":0,"href":"https:\/\/www.budream.com\/fr\/wp-json\/wp\/v2\/product\/131347\/revisions"}],"wp:featuredmedia":[{"embeddable":true,"href":"https:\/\/www.budream.com\/fr\/wp-json\/wp\/v2\/media\/131312"}],"wp:attachment":[{"href":"https:\/\/www.budream.com\/fr\/wp-json\/wp\/v2\/media?parent=131347"}],"wp:term":[{"taxonomy":"product_brand","embeddable":true,"href":"https:\/\/www.budream.com\/fr\/wp-json\/wp\/v2\/product_brand?post=131347"},{"taxonomy":"product_cat","embeddable":true,"href":"https:\/\/www.budream.com\/fr\/wp-json\/wp\/v2\/product_cat?post=131347"},{"taxonomy":"product_tag","embeddable":true,"href":"https:\/\/www.budream.com\/fr\/wp-json\/wp\/v2\/product_tag?post=131347"}],"curies":[{"name":"wp","href":"https:\/\/api.w.org\/{rel}","templated":true}]}}