{"id":131357,"date":"2025-07-30T23:39:44","date_gmt":"2025-07-30T21:39:44","guid":{"rendered":"https:\/\/www.budream.com\/shop\/storzbickel-porte-capsules-etanche-avec-4-capsules\/"},"modified":"2026-02-27T14:19:55","modified_gmt":"2026-02-27T12:19:55","slug":"storzbickel-porte-capsules-etanche-avec-4-capsules","status":"publish","type":"product","link":"https:\/\/www.budream.com\/fr\/shop\/storzbickel-porte-capsules-etanche-avec-4-capsules\/","title":{"rendered":"STORZ&amp;BICKEL &#8211; PORTE-CAPSULES \u00c9TANCHE AVEC 4 CAPSULES"},"content":{"rendered":"<p>Le r\u00e9cipient \u00e9tanche pratique pour les capsules de dosage peut \u00eatre utilis\u00e9 comme porte-cl\u00e9s : vous pouvez y ranger de mani\u00e8re optimale jusqu&rsquo;\u00e0 quatre capsules de dosage.<\/p>\n<p>Le Capsule Caddy est \u00e9galement imperm\u00e9able aux odeurs et \u00e0 l&rsquo;eau.<\/p>\n<p>Le produit comprend<\/p>\n<p>&#8211; 1 pc. porte-capsules (Capsule Caddy)<br \/>&#8211; 4 capsules de dosage<\/p><\/p>\n","protected":false},"excerpt":{"rendered":"<p>Le r\u00e9cipient \u00e9tanche pratique pour les capsules de dosage peut \u00eatre utilis\u00e9 comme porte-cl\u00e9s : vous pouvez y ranger de<\/p>\n","protected":false},"featured_media":131352,"comment_status":"open","ping_status":"closed","template":"","meta":[],"product_brand":[],"product_cat":[7910],"product_tag":[],"class_list":{"0":"post-131357","1":"product","2":"type-product","3":"status-publish","4":"has-post-thumbnail","6":"product_cat-vaporisateurs","8":"first","9":"instock","10":"sale","11":"taxable","12":"shipping-taxable","13":"purchasable","14":"product-type-simple"},"aioseo_notices":[],"_links":{"self":[{"href":"https:\/\/www.budream.com\/fr\/wp-json\/wp\/v2\/product\/131357","targetHints":{"allow":["GET"]}}],"collection":[{"href":"https:\/\/www.budream.com\/fr\/wp-json\/wp\/v2\/product"}],"about":[{"href":"https:\/\/www.budream.com\/fr\/wp-json\/wp\/v2\/types\/product"}],"replies":[{"embeddable":true,"href":"https:\/\/www.budream.com\/fr\/wp-json\/wp\/v2\/comments?post=131357"}],"version-history":[{"count":0,"href":"https:\/\/www.budream.com\/fr\/wp-json\/wp\/v2\/product\/131357\/revisions"}],"wp:featuredmedia":[{"embeddable":true,"href":"https:\/\/www.budream.com\/fr\/wp-json\/wp\/v2\/media\/131352"}],"wp:attachment":[{"href":"https:\/\/www.budream.com\/fr\/wp-json\/wp\/v2\/media?parent=131357"}],"wp:term":[{"taxonomy":"product_brand","embeddable":true,"href":"https:\/\/www.budream.com\/fr\/wp-json\/wp\/v2\/product_brand?post=131357"},{"taxonomy":"product_cat","embeddable":true,"href":"https:\/\/www.budream.com\/fr\/wp-json\/wp\/v2\/product_cat?post=131357"},{"taxonomy":"product_tag","embeddable":true,"href":"https:\/\/www.budream.com\/fr\/wp-json\/wp\/v2\/product_tag?post=131357"}],"curies":[{"name":"wp","href":"https:\/\/api.w.org\/{rel}","templated":true}]}}