{"id":131387,"date":"2025-07-30T23:40:17","date_gmt":"2025-07-30T21:40:17","guid":{"rendered":"https:\/\/www.budream.com\/shop\/storzbickel-adaptateur-de-capsule-de-dosage-pour-volcano-hybrid\/"},"modified":"2026-02-19T16:45:27","modified_gmt":"2026-02-19T14:45:27","slug":"storzbickel-adaptateur-de-capsule-de-dosage-pour-volcano-hybrid","status":"publish","type":"product","link":"https:\/\/www.budream.com\/fr\/shop\/storzbickel-adaptateur-de-capsule-de-dosage-pour-volcano-hybrid\/","title":{"rendered":"STORZ&amp;BICKEL &#8211; ADAPTATEUR DE CAPSULE DE DOSAGE POUR VOLCANO HYBRID"},"content":{"rendered":"<p>L&rsquo;adaptateur pour capsules de dosage est con\u00e7u pour vaporiser de petites quantit\u00e9s de plantes d\u00e9chiquet\u00e9es avec Easy Valve. En outre, il est possible d&rsquo;y ins\u00e9rer des capsules de dosage.<\/p>\n<p><strong>Le paquet comprend :<\/strong><\/p>\n<ul style=\"list-style-type: disc\">\n<li>1 pc. R\u00e9ducteur de la chambre de remplissage (environ &Oslash; 15 mm)<\/li>\n<li>2 pc. Filtre standard, petit (maille normale d&rsquo;environ &Oslash; 15 mm))<\/li>\n<li>1 pi\u00e8ce Capsule de dosage<\/li>\n<\/ul>\n<p><strong>Compatible avec :<\/strong><\/p>\n<ul style=\"list-style-type: disc\">\n<li><span style=\"text-decoration: underline\"><strong><a rel=\"nofollow\" href=\"https:\/\/www.indoorline.com\/volcano-hybrid-vaporizzatore-storz-amp-bickel.html\">Volcano Hybrid<\/a><\/strong><\/span><\/li>\n<\/ul>\n","protected":false},"excerpt":{"rendered":"<p>L&rsquo;adaptateur pour capsules de dosage est con\u00e7u pour vaporiser de petites quantit\u00e9s de plantes d\u00e9chiquet\u00e9es avec Easy Valve. En outre,<\/p>\n","protected":false},"featured_media":131362,"comment_status":"open","ping_status":"closed","template":"","meta":[],"product_brand":[],"product_cat":[7910],"product_tag":[],"class_list":{"0":"post-131387","1":"product","2":"type-product","3":"status-publish","4":"has-post-thumbnail","6":"product_cat-vaporisateurs","8":"first","9":"instock","10":"sale","11":"taxable","12":"shipping-taxable","13":"purchasable","14":"product-type-simple"},"aioseo_notices":[],"_links":{"self":[{"href":"https:\/\/www.budream.com\/fr\/wp-json\/wp\/v2\/product\/131387","targetHints":{"allow":["GET"]}}],"collection":[{"href":"https:\/\/www.budream.com\/fr\/wp-json\/wp\/v2\/product"}],"about":[{"href":"https:\/\/www.budream.com\/fr\/wp-json\/wp\/v2\/types\/product"}],"replies":[{"embeddable":true,"href":"https:\/\/www.budream.com\/fr\/wp-json\/wp\/v2\/comments?post=131387"}],"version-history":[{"count":0,"href":"https:\/\/www.budream.com\/fr\/wp-json\/wp\/v2\/product\/131387\/revisions"}],"wp:featuredmedia":[{"embeddable":true,"href":"https:\/\/www.budream.com\/fr\/wp-json\/wp\/v2\/media\/131362"}],"wp:attachment":[{"href":"https:\/\/www.budream.com\/fr\/wp-json\/wp\/v2\/media?parent=131387"}],"wp:term":[{"taxonomy":"product_brand","embeddable":true,"href":"https:\/\/www.budream.com\/fr\/wp-json\/wp\/v2\/product_brand?post=131387"},{"taxonomy":"product_cat","embeddable":true,"href":"https:\/\/www.budream.com\/fr\/wp-json\/wp\/v2\/product_cat?post=131387"},{"taxonomy":"product_tag","embeddable":true,"href":"https:\/\/www.budream.com\/fr\/wp-json\/wp\/v2\/product_tag?post=131387"}],"curies":[{"name":"wp","href":"https:\/\/api.w.org\/{rel}","templated":true}]}}