{"id":131402,"date":"2025-07-30T23:40:46","date_gmt":"2025-07-30T21:40:46","guid":{"rendered":"https:\/\/www.budream.com\/shop\/xvape-xmax-v3-pro-kit-embout-complet\/"},"modified":"2025-12-23T21:52:15","modified_gmt":"2025-12-23T19:52:15","slug":"xvape-xmax-v3-pro-kit-embout-complet","status":"publish","type":"product","link":"https:\/\/www.budream.com\/fr\/shop\/xvape-xmax-v3-pro-kit-embout-complet\/","title":{"rendered":"XVAPE &#8211; XMAX V3 PRO | KIT EMBOUT COMPLET"},"content":{"rendered":"<p>Ce kit comprend toutes les pi\u00e8ces de rechange pour l&#8217;embout XVAPE XMAX V3 PRO.<\/p>\n<h2><span style=\"text-decoration: underline\">XVAPE &#8211; XMAX V3 PRO &#8211; Kit d&#8217;embout de remplacement comprenant :<\/span><\/h2>\n<ul style=\"list-style-type: disc\">\n<li>Embout en plastique avec aimants ;<\/li>\n<li>Joint en silicone avec filtre m\u00e9tallique et maille ;<\/li>\n<li>Bo\u00eete d&rsquo;\u00e9coulement d&rsquo;air en c\u00e9ramique ;<\/li>\n<\/ul>\n","protected":false},"excerpt":{"rendered":"<p>Ce kit comprend toutes les pi\u00e8ces de rechange pour l&#8217;embout XVAPE XMAX V3 PRO. XVAPE &#8211; XMAX V3 PRO &#8211;<\/p>\n","protected":false},"featured_media":131392,"comment_status":"open","ping_status":"closed","template":"","meta":[],"product_brand":[],"product_cat":[7910],"product_tag":[],"class_list":{"0":"post-131402","1":"product","2":"type-product","3":"status-publish","4":"has-post-thumbnail","6":"product_cat-vaporisateurs","8":"first","9":"instock","10":"sale","11":"taxable","12":"shipping-taxable","13":"purchasable","14":"product-type-simple"},"aioseo_notices":[],"_links":{"self":[{"href":"https:\/\/www.budream.com\/fr\/wp-json\/wp\/v2\/product\/131402","targetHints":{"allow":["GET"]}}],"collection":[{"href":"https:\/\/www.budream.com\/fr\/wp-json\/wp\/v2\/product"}],"about":[{"href":"https:\/\/www.budream.com\/fr\/wp-json\/wp\/v2\/types\/product"}],"replies":[{"embeddable":true,"href":"https:\/\/www.budream.com\/fr\/wp-json\/wp\/v2\/comments?post=131402"}],"version-history":[{"count":0,"href":"https:\/\/www.budream.com\/fr\/wp-json\/wp\/v2\/product\/131402\/revisions"}],"wp:featuredmedia":[{"embeddable":true,"href":"https:\/\/www.budream.com\/fr\/wp-json\/wp\/v2\/media\/131392"}],"wp:attachment":[{"href":"https:\/\/www.budream.com\/fr\/wp-json\/wp\/v2\/media?parent=131402"}],"wp:term":[{"taxonomy":"product_brand","embeddable":true,"href":"https:\/\/www.budream.com\/fr\/wp-json\/wp\/v2\/product_brand?post=131402"},{"taxonomy":"product_cat","embeddable":true,"href":"https:\/\/www.budream.com\/fr\/wp-json\/wp\/v2\/product_cat?post=131402"},{"taxonomy":"product_tag","embeddable":true,"href":"https:\/\/www.budream.com\/fr\/wp-json\/wp\/v2\/product_tag?post=131402"}],"curies":[{"name":"wp","href":"https:\/\/api.w.org\/{rel}","templated":true}]}}