{"id":131427,"date":"2025-07-30T23:41:45","date_gmt":"2025-07-30T21:41:45","guid":{"rendered":"https:\/\/www.budream.com\/shop\/xvape-xmax-v3-pro-reservoir-dextraits\/"},"modified":"2025-12-23T21:51:40","modified_gmt":"2025-12-23T19:51:40","slug":"xvape-xmax-v3-pro-reservoir-dextraits","status":"publish","type":"product","link":"https:\/\/www.budream.com\/fr\/shop\/xvape-xmax-v3-pro-reservoir-dextraits\/","title":{"rendered":"XVAPE &#8211; XMAX V3 PRO | R\u00c9SERVOIR D&rsquo;EXTRAITS"},"content":{"rendered":"<p>Avec ce bac \u00e0 extraits en acier, vous pouvez vaporiser toutes sortes de concentr\u00e9s avec votre XVAPE XMAX V3 PRO.<\/p>\n<h2><span style=\"text-decoration: underline\">XVAPE &#8211; XMAX V3 PRO | R\u00e9cipient \u00e0 extraits :<\/span><\/h2>\n<ul style=\"list-style-type: disc\">\n<li>R\u00e9cipient d&rsquo;extraction en acier ;<\/li>\n<li>1 pi\u00e8ce ;<\/li>\n<li>Comprend du coton bio \u00e0 l&rsquo;int\u00e9rieur ;<\/li>\n<\/ul>\n","protected":false},"excerpt":{"rendered":"<p>Avec ce bac \u00e0 extraits en acier, vous pouvez vaporiser toutes sortes de concentr\u00e9s avec votre XVAPE XMAX V3 PRO.<\/p>\n","protected":false},"featured_media":131422,"comment_status":"open","ping_status":"closed","template":"","meta":[],"product_brand":[],"product_cat":[7910],"product_tag":[],"class_list":{"0":"post-131427","1":"product","2":"type-product","3":"status-publish","4":"has-post-thumbnail","6":"product_cat-vaporisateurs","8":"first","9":"instock","10":"sale","11":"taxable","12":"shipping-taxable","13":"purchasable","14":"product-type-simple"},"aioseo_notices":[],"_links":{"self":[{"href":"https:\/\/www.budream.com\/fr\/wp-json\/wp\/v2\/product\/131427","targetHints":{"allow":["GET"]}}],"collection":[{"href":"https:\/\/www.budream.com\/fr\/wp-json\/wp\/v2\/product"}],"about":[{"href":"https:\/\/www.budream.com\/fr\/wp-json\/wp\/v2\/types\/product"}],"replies":[{"embeddable":true,"href":"https:\/\/www.budream.com\/fr\/wp-json\/wp\/v2\/comments?post=131427"}],"version-history":[{"count":0,"href":"https:\/\/www.budream.com\/fr\/wp-json\/wp\/v2\/product\/131427\/revisions"}],"wp:featuredmedia":[{"embeddable":true,"href":"https:\/\/www.budream.com\/fr\/wp-json\/wp\/v2\/media\/131422"}],"wp:attachment":[{"href":"https:\/\/www.budream.com\/fr\/wp-json\/wp\/v2\/media?parent=131427"}],"wp:term":[{"taxonomy":"product_brand","embeddable":true,"href":"https:\/\/www.budream.com\/fr\/wp-json\/wp\/v2\/product_brand?post=131427"},{"taxonomy":"product_cat","embeddable":true,"href":"https:\/\/www.budream.com\/fr\/wp-json\/wp\/v2\/product_cat?post=131427"},{"taxonomy":"product_tag","embeddable":true,"href":"https:\/\/www.budream.com\/fr\/wp-json\/wp\/v2\/product_tag?post=131427"}],"curies":[{"name":"wp","href":"https:\/\/api.w.org\/{rel}","templated":true}]}}