{"id":131452,"date":"2025-07-30T23:42:16","date_gmt":"2025-07-30T21:42:16","guid":{"rendered":"https:\/\/www.budream.com\/shop\/xvape-xmax-v3-pro-capsule-de-mesure\/"},"modified":"2025-12-23T21:50:45","modified_gmt":"2025-12-23T19:50:45","slug":"xvape-xmax-v3-pro-capsule-de-mesure","status":"publish","type":"product","link":"https:\/\/www.budream.com\/fr\/shop\/xvape-xmax-v3-pro-capsule-de-mesure\/","title":{"rendered":"XVAPE &#8211; XMAX V3 PRO | CAPSULE DE MESURE"},"content":{"rendered":"<p>Rendez votre dosage d&rsquo;herbes plus pr\u00e9cis avec les toutes nouvelles capsules de dosage en acier pour XVAPE XMAX V3 PRO.<br \/>Gr\u00e2ce \u00e0 ces capsules, vous pouvez pr\u00e9-emballer vos sessions de vapotage, avoir un dosage plus pr\u00e9cis et vaper confortablement o\u00f9 vous le souhaitez !<\/p>\n<h2><span style=\"text-decoration: underline\">XVAPE &#8211; XMAX V3 PRO | Capsule de dosage :<\/span><\/h2>\n<ul style=\"list-style-type: disc\">\n<li>Capsule de dosage en acier ;<\/li>\n<li>Couvercle filet\u00e9 ;<\/li>\n<li>1 pi\u00e8ce ;<\/li>\n<\/ul>\n","protected":false},"excerpt":{"rendered":"<p>Rendez votre dosage d&rsquo;herbes plus pr\u00e9cis avec les toutes nouvelles capsules de dosage en acier pour XVAPE XMAX V3 PRO.Gr\u00e2ce<\/p>\n","protected":false},"featured_media":131432,"comment_status":"open","ping_status":"closed","template":"","meta":[],"product_brand":[],"product_cat":[7910],"product_tag":[],"class_list":{"0":"post-131452","1":"product","2":"type-product","3":"status-publish","4":"has-post-thumbnail","6":"product_cat-vaporisateurs","8":"first","9":"instock","10":"sale","11":"taxable","12":"shipping-taxable","13":"purchasable","14":"product-type-simple"},"aioseo_notices":[],"_links":{"self":[{"href":"https:\/\/www.budream.com\/fr\/wp-json\/wp\/v2\/product\/131452","targetHints":{"allow":["GET"]}}],"collection":[{"href":"https:\/\/www.budream.com\/fr\/wp-json\/wp\/v2\/product"}],"about":[{"href":"https:\/\/www.budream.com\/fr\/wp-json\/wp\/v2\/types\/product"}],"replies":[{"embeddable":true,"href":"https:\/\/www.budream.com\/fr\/wp-json\/wp\/v2\/comments?post=131452"}],"version-history":[{"count":0,"href":"https:\/\/www.budream.com\/fr\/wp-json\/wp\/v2\/product\/131452\/revisions"}],"wp:featuredmedia":[{"embeddable":true,"href":"https:\/\/www.budream.com\/fr\/wp-json\/wp\/v2\/media\/131432"}],"wp:attachment":[{"href":"https:\/\/www.budream.com\/fr\/wp-json\/wp\/v2\/media?parent=131452"}],"wp:term":[{"taxonomy":"product_brand","embeddable":true,"href":"https:\/\/www.budream.com\/fr\/wp-json\/wp\/v2\/product_brand?post=131452"},{"taxonomy":"product_cat","embeddable":true,"href":"https:\/\/www.budream.com\/fr\/wp-json\/wp\/v2\/product_cat?post=131452"},{"taxonomy":"product_tag","embeddable":true,"href":"https:\/\/www.budream.com\/fr\/wp-json\/wp\/v2\/product_tag?post=131452"}],"curies":[{"name":"wp","href":"https:\/\/api.w.org\/{rel}","templated":true}]}}