{"id":131487,"date":"2025-07-30T23:42:47","date_gmt":"2025-07-30T21:42:47","guid":{"rendered":"https:\/\/www.budream.com\/shop\/arizer-vaporisateur-air-max\/"},"modified":"2026-01-19T11:35:57","modified_gmt":"2026-01-19T09:35:57","slug":"arizer-vaporisateur-air-max","status":"publish","type":"product","link":"https:\/\/www.budream.com\/fr\/shop\/arizer-vaporisateur-air-max\/","title":{"rendered":"ARIZER &#8211; VAPORISATEUR AIR MAX"},"content":{"rendered":"<p>Arizer pr\u00e9sente l&rsquo;atomiseur d&rsquo;herbe s\u00e8che Air MAX. D\u00e9couvrez les derni\u00e8res innovations de notre diffuseur portable polyvalent.<\/p>\n<p>Dot\u00e9 de param\u00e8tres de session personnalis\u00e9s et mis \u00e0 niveau, d&rsquo;une inversion automatique de l&rsquo;\u00e9cran, d&rsquo;un mode sombre, d&rsquo;une nouvelle technologie de chaleur rapide, d&rsquo;une charge rapide USB-C et d&rsquo;une batterie lithium-ion haute capacit\u00e9 26650. Plus de 16 ans d&rsquo;exp\u00e9rience dans l&rsquo;industrie int\u00e9gr\u00e9s dans chaque unit\u00e9.<\/p>\n<h2><span style=\"text-decoration: underline\">D\u00e9couvrez pourquoi l&rsquo;Arizer Air Max est meilleur par sa conception :<\/span><\/h2>\n<h3>Contr\u00f4le maximal<\/h3>\n<p>Configurez votre Air MAX comme vous le souhaitez avec des param\u00e8tres de session personnalis\u00e9s ; La libert\u00e9 de choix est au bout de vos doigts avec des commandes faciles \u00e0 utiliser et un \u00e9cran OLED r\u00e9glable. Les r\u00e9glages du mode normal et du mode sombre sont stock\u00e9s s\u00e9par\u00e9ment et pr\u00eats \u00e0 \u00eatre utilis\u00e9s lorsque vous changez de mode.<\/p>\n<h3>Bienvenue dans le mode sombre<\/h3>\n<p>Soyez tranquille dans l&rsquo;obscurit\u00e9. Passez en mode sombre, un affichage de symboles \u00e0 faible luminosit\u00e9 avec des param\u00e8tres de session personnalis\u00e9s condens\u00e9s pour une utilisation discr\u00e8te.<\/p>\n<h3>Puissance maximale<\/h3>\n<p>L&rsquo;Air MAX est \u00e9quip\u00e9 d&rsquo;une batterie lithium-ion haute capacit\u00e9 26650 rechargeable et interchangeable, offrant jusqu&rsquo;\u00e0 2 &frac14; heures d&rsquo;utilisation par charge, une <strong>charge rapide USB-C<\/strong> (jusqu&rsquo;\u00e0 90 % en deux heures), ainsi qu&rsquo;une fonctionnalit\u00e9 d&rsquo;utilisation pendant la charge. Toute la puissance dont vous avez besoin, quand vous en avez besoin.<\/p>\n<h3>Performance maximale<\/h3>\n<p>La technologie c\u00e9ramique avanc\u00e9e \u00e0 chauffage rapide chauffe en moins de 60 secondes. Contr\u00f4le pr\u00e9cis de la temp\u00e9rature \u00e0 1 degr\u00e9 avec une large plage (50&deg; &#8211; 220&deg; Celsius \/ 122&deg; &#8211; 428&deg; Fahrenheit).<\/p>\n<p>Acc\u00e9dez \u00e0 la temp\u00e9rature optimale pour vos herbes pr\u00e9f\u00e9r\u00e9es : pour une exp\u00e9rience douce et savoureuse, essayez 180-200&deg; Celsius, ou pour une extraction plus forte et plus rapide, essayez 200-220&deg; Celsius.<\/p>\n<h3>Le syst\u00e8me original de tube en verre<\/h3>\n<p>Appr\u00e9ciez un go\u00fbt d\u00e9licieux en toute simplicit\u00e9 lors de vos d\u00e9placements. Les tubes aromatiques en verre Arizer sont faciles \u00e0 utiliser et \u00e0 nettoyer. Ils sont fabriqu\u00e9s en verre borosilicat\u00e9 pur et sont r\u00e9put\u00e9s dans le monde entier pour donner une saveur incroyable \u00e0 vos herbes s\u00e9ch\u00e9es pr\u00e9f\u00e9r\u00e9es. Pr\u00e9chargez des doses pr\u00e9cises rapidement et facilement et emballez vos tubes aromatiques dans des tubes de voyage en PVC.<\/p>\n<h3>Mettez le monde \u00e0 l&rsquo;envers<\/h3>\n<p>Le tube aromatique en verre d\u00e9poli utilise un connecteur m\u00e2le universel de 14 mm pour se connecter \u00e0 votre bang pr\u00e9f\u00e9r\u00e9, ce qui permet une extraction rapide et\/ou une filtration de l&rsquo;eau. Lorsqu&rsquo;il est invers\u00e9 pour \u00eatre connect\u00e9 \u00e0 votre verre, l&rsquo;\u00e9cran Air MAX s&rsquo;inverse automatiquement pour faciliter la visualisation. Des r\u00e9ducteurs et des \u00e9largisseurs de verre optionnels permettent d&rsquo;obtenir la bonne taille pour n&rsquo;importe quel appareil.<\/p>\n<h3>Aromath\u00e9rapie personnelle<\/h3>\n<p>De nombreuses plantes aromatiques peuvent \u00eatre vaporis\u00e9es pour l&rsquo;aromath\u00e9rapie avec des r\u00e9sultats positifs. En chauffant vos herbes et fleurs pr\u00e9f\u00e9r\u00e9es \u00e0 des temp\u00e9ratures pr\u00e9cises, des ar\u00f4mes agr\u00e9ables, des terp\u00e8nes et des compos\u00e9s botaniques sont lib\u00e9r\u00e9s pour promouvoir\/am\u00e9liorer des environnements \u00e9nergiques ou relaxants.<\/p>\n","protected":false},"excerpt":{"rendered":"<p>Arizer pr\u00e9sente l&rsquo;atomiseur d&rsquo;herbe s\u00e8che Air MAX. D\u00e9couvrez les derni\u00e8res innovations de notre diffuseur portable polyvalent. Dot\u00e9 de param\u00e8tres de<\/p>\n","protected":false},"featured_media":131457,"comment_status":"open","ping_status":"closed","template":"","meta":[],"product_brand":[],"product_cat":[7910],"product_tag":[],"class_list":{"0":"post-131487","1":"product","2":"type-product","3":"status-publish","4":"has-post-thumbnail","6":"product_cat-vaporisateurs","8":"first","9":"instock","10":"sale","11":"taxable","12":"shipping-taxable","13":"purchasable","14":"product-type-simple"},"aioseo_notices":[],"_links":{"self":[{"href":"https:\/\/www.budream.com\/fr\/wp-json\/wp\/v2\/product\/131487","targetHints":{"allow":["GET"]}}],"collection":[{"href":"https:\/\/www.budream.com\/fr\/wp-json\/wp\/v2\/product"}],"about":[{"href":"https:\/\/www.budream.com\/fr\/wp-json\/wp\/v2\/types\/product"}],"replies":[{"embeddable":true,"href":"https:\/\/www.budream.com\/fr\/wp-json\/wp\/v2\/comments?post=131487"}],"version-history":[{"count":0,"href":"https:\/\/www.budream.com\/fr\/wp-json\/wp\/v2\/product\/131487\/revisions"}],"wp:featuredmedia":[{"embeddable":true,"href":"https:\/\/www.budream.com\/fr\/wp-json\/wp\/v2\/media\/131457"}],"wp:attachment":[{"href":"https:\/\/www.budream.com\/fr\/wp-json\/wp\/v2\/media?parent=131487"}],"wp:term":[{"taxonomy":"product_brand","embeddable":true,"href":"https:\/\/www.budream.com\/fr\/wp-json\/wp\/v2\/product_brand?post=131487"},{"taxonomy":"product_cat","embeddable":true,"href":"https:\/\/www.budream.com\/fr\/wp-json\/wp\/v2\/product_cat?post=131487"},{"taxonomy":"product_tag","embeddable":true,"href":"https:\/\/www.budream.com\/fr\/wp-json\/wp\/v2\/product_tag?post=131487"}],"curies":[{"name":"wp","href":"https:\/\/api.w.org\/{rel}","templated":true}]}}