{"id":131512,"date":"2025-07-30T23:43:17","date_gmt":"2025-07-30T21:43:17","guid":{"rendered":"https:\/\/www.budream.com\/shop\/xvape-fog-pro-vaporizer\/"},"modified":"2026-03-12T15:45:42","modified_gmt":"2026-03-12T13:45:42","slug":"xvape-fog-pro-vaporizer","status":"publish","type":"product","link":"https:\/\/www.budream.com\/fr\/shop\/xvape-fog-pro-vaporizer\/","title":{"rendered":"XVAPE &#8211; FOG PRO VAPORIZER"},"content":{"rendered":"<p>X-vape Fog Pro est le tout dernier vaporisateur \u00e0 convection de X-Vape pour les herbes et les concentr\u00e9s ; <br \/>La nouvelle version d\u00e9voil\u00e9e par X-Vape est une am\u00e9lioration du X-Vape Fog original : adoptant la derni\u00e8re technologie de chauffage par convection, ajoutant un \u00e9cran OLED avec un <strong>contr\u00f4le pr\u00e9cis de la<\/strong> temp\u00e9rature et un <strong>retour tactile<\/strong>, mettant en \u0153uvre la charge USB-C et une capacit\u00e9 de batterie accrue, FOG PRO est largement am\u00e9lior\u00e9 dans tous les aspects et absolument capable de faire un travail de premier ordre pour une vapeur douce et savoureuse.<\/p>\n<h2><span style=\"text-decoration: underline\">Vaporisateur \u00e0 convection \u00e0 double usage X-Vape Fog Pro : pour les herbes et les concentr\u00e9s :<\/span><\/h2>\n<p>Un vaporisateur pour les vrais passionn\u00e9s, le X-Vape Fog Pro est un vaporisateur \u00e0 convection \u00e0 100% qui tient dans la paume de votre main. Le Fog Pro est le seul choix pour les go\u00fbts exigeants. Du bo\u00eetier \u00e9l\u00e9gant en aluminium anodis\u00e9 noir \u00e0 l&#8217;embout en zircone de <strong>la plus haute qualit\u00e9<\/strong>, en passant par la technologie de convection de pointe et la batterie amovible, chaque \u00e9l\u00e9ment du X-vape Fog Pro a \u00e9t\u00e9 con\u00e7u pour \u00eatre la repr\u00e9sentation ultime de la perfection en mati\u00e8re de vapotage portable.<\/p>\n<h3>Vaporisateur \u00e0 convection XVAPE Fog Pro<\/h3>\n<p>Lorsque le go\u00fbt doit \u00eatre parfait \u00e0 tout moment et que vous voulez la vapeur la plus douce, le seul choix est le vaporisateur XVape Fog Pro \u00e0 double usage. Avec une chambre de convection interne, un contr\u00f4le num\u00e9rique complet de la temp\u00e9rature, un temps de chauffe instantan\u00e9, une batterie amovible \u00e0 d\u00e9gagement rapide et un couvercle \u00e0 charni\u00e8re pour faciliter la vaporisation, le vaporisateur Fog Pro offre une exp\u00e9rience de premi\u00e8re classe.<\/p>\n<h2><span style=\"text-decoration: underline\">Caract\u00e9ristiques techniques X-vape Fog Pro :<\/span><\/h2>\n<ul style=\"list-style-type: disc\">\n<li>V\u00e9ritable technologie de convection ;<\/li>\n<li>Contr\u00f4le de la temp\u00e9rature enti\u00e8rement num\u00e9rique ;<\/li>\n<li>Embout en zircone de haute qualit\u00e9 ;<\/li>\n<li>Corps en aluminium anodis\u00e9 durable et \u00e9l\u00e9gant ;<\/li>\n<li>Couvercle magn\u00e9tique pour une utilisation facile ;<\/li>\n<li>Temps de chauffe inf\u00e9rieur \u00e0 10 secondes ;<\/li>\n<li>Plage de temp\u00e9rature (100&deg;C &#8211; 220&deg;C)<\/li>\n<li>Batterie 18650 rempla\u00e7able avec chargeur USB-C ;<\/li>\n<li>Comprend un r\u00e9cipient pour l&rsquo;utilisation de concentr\u00e9s ;<\/li>\n<\/ul>\n<h2><span style=\"text-decoration: underline\">X-vape Fog Pro inclus dans la bo\u00eete :<\/span><\/h2>\n<ul style=\"list-style-type: disc\">\n<li>Vaporisateur X-Vape Fog Pro ;<\/li>\n<li>Manuel d&rsquo;utilisation ;<\/li>\n<li>C\u00e2ble USB-C ;<\/li>\n<li>Lingettes de nettoyage ;<\/li>\n<li>Joints toriques de remplacement ;<\/li>\n<li>Coton-tiges ;<\/li>\n<li>Brosse ;<\/li>\n<li>R\u00e9cipient de concentr\u00e9 ;<\/li>\n<\/ul>\n","protected":false},"excerpt":{"rendered":"<p>X-vape Fog Pro est le tout dernier vaporisateur \u00e0 convection de X-Vape pour les herbes et les concentr\u00e9s ; La<\/p>\n","protected":false},"featured_media":131492,"comment_status":"open","ping_status":"closed","template":"","meta":[],"product_brand":[],"product_cat":[7910],"product_tag":[],"class_list":{"0":"post-131512","1":"product","2":"type-product","3":"status-publish","4":"has-post-thumbnail","6":"product_cat-vaporisateurs","8":"first","9":"instock","10":"sale","11":"taxable","12":"shipping-taxable","13":"purchasable","14":"product-type-simple"},"aioseo_notices":[],"_links":{"self":[{"href":"https:\/\/www.budream.com\/fr\/wp-json\/wp\/v2\/product\/131512","targetHints":{"allow":["GET"]}}],"collection":[{"href":"https:\/\/www.budream.com\/fr\/wp-json\/wp\/v2\/product"}],"about":[{"href":"https:\/\/www.budream.com\/fr\/wp-json\/wp\/v2\/types\/product"}],"replies":[{"embeddable":true,"href":"https:\/\/www.budream.com\/fr\/wp-json\/wp\/v2\/comments?post=131512"}],"version-history":[{"count":0,"href":"https:\/\/www.budream.com\/fr\/wp-json\/wp\/v2\/product\/131512\/revisions"}],"wp:featuredmedia":[{"embeddable":true,"href":"https:\/\/www.budream.com\/fr\/wp-json\/wp\/v2\/media\/131492"}],"wp:attachment":[{"href":"https:\/\/www.budream.com\/fr\/wp-json\/wp\/v2\/media?parent=131512"}],"wp:term":[{"taxonomy":"product_brand","embeddable":true,"href":"https:\/\/www.budream.com\/fr\/wp-json\/wp\/v2\/product_brand?post=131512"},{"taxonomy":"product_cat","embeddable":true,"href":"https:\/\/www.budream.com\/fr\/wp-json\/wp\/v2\/product_cat?post=131512"},{"taxonomy":"product_tag","embeddable":true,"href":"https:\/\/www.budream.com\/fr\/wp-json\/wp\/v2\/product_tag?post=131512"}],"curies":[{"name":"wp","href":"https:\/\/api.w.org\/{rel}","templated":true}]}}