{"id":131522,"date":"2025-07-30T23:43:46","date_gmt":"2025-07-30T21:43:46","guid":{"rendered":"https:\/\/www.budream.com\/shop\/sensi-seeds-bank-banana-kush-cake-auto-fem-3-graines\/"},"modified":"2026-03-24T11:58:28","modified_gmt":"2026-03-24T09:58:28","slug":"sensi-seeds-bank-banana-kush-cake-auto-fem-3-graines","status":"publish","type":"product","link":"https:\/\/www.budream.com\/fr\/shop\/sensi-seeds-bank-banana-kush-cake-auto-fem-3-graines\/","title":{"rendered":"SENSI SEEDS BANK &#8211; BANANA KUSH CAKE AUTO FEM | 3 GRAINES"},"content":{"rendered":"<p><span style=\"font-size: 12.222222328186px\"><span style=\"font-size: 11pt\">La Banana Kush Cake Autoflowering est compos\u00e9e \u00e0 75 % d&rsquo;indica et \u00e0 25 % de sativa. D\u00e9velopp\u00e9e dans le cadre du projet Sensi Seeds Research 2021, le pool g\u00e9n\u00e9tique de cette nouvelle vari\u00e9t\u00e9 comprend Wedding Cheesecake, Banana Kush et Hindu Kush Autoflowering.<br \/><\/span><br \/><\/span><\/p>\n<h2><strong>Caract\u00e9ristiques Banana Kush Cake Auto Fem :<\/strong><\/h2>\n<ul style=\"list-style-type: disc\">\n<li><strong>Genre :<\/strong> Autofloraison F\u00e9minis\u00e9e<\/li>\n<li><strong>G\u00e9notype :<\/strong> Hybride 75% Indica 25% Sativa<\/li>\n<li><strong>G\u00e9n\u00e9tique : <\/strong>Wedding Cheesecake x Banana Kush x Hindu Kush Auto<\/li>\n<li><strong>Jours :<\/strong> 60 jours<\/li>\n<\/ul>\n<p><span style=\"font-size: 12.222222328186px\"><br \/><span style=\"font-size: 11pt\"><em><strong>ATTENTION :<\/strong> Les graines de chanvre sont exclues de la notion l\u00e9gale de Cannabis, ce qui signifie qu&rsquo;elles ne doivent pas \u00eatre consid\u00e9r\u00e9es comme une substance stup\u00e9fiante (L. 412 de 1974, art. 1, paragraphe 1, lettre B ; Convention unique sur les stup\u00e9fiants de New York de 1961 et tableau II du d\u00e9cret minist\u00e9riel 27\/7\/1992). En Italie, la culture du chanvre est interdite (articles 28 et 73 du d\u00e9cret pr\u00e9sidentiel 309\/90), sauf autorisation sp\u00e9ciale (article 17 du d\u00e9cret pr\u00e9sidentiel 309\/90). En l&rsquo;absence d&rsquo;autorisation, les semences ne peuvent \u00eatre utilis\u00e9es qu&rsquo;\u00e0 d&rsquo;autres fins (zootechniques, de collection, etc.). Les semences sont vendues sous r\u00e9serve qu&rsquo;elles ne soient pas utilis\u00e9es par des tiers en contradiction avec la loi.<\/em><\/span><\/span><\/p>\n","protected":false},"excerpt":{"rendered":"<p>La Banana Kush Cake Autoflowering est compos\u00e9e \u00e0 75 % d&rsquo;indica et \u00e0 25 % de sativa. D\u00e9velopp\u00e9e dans le<\/p>\n","protected":false},"featured_media":196955,"comment_status":"open","ping_status":"closed","template":"","meta":[],"product_brand":[],"product_cat":[1175],"product_tag":[],"class_list":{"0":"post-131522","1":"product","2":"type-product","3":"status-publish","4":"has-post-thumbnail","6":"product_cat-seedshop","8":"first","9":"instock","10":"taxable","11":"shipping-taxable","12":"purchasable","13":"product-type-simple"},"aioseo_notices":[],"_links":{"self":[{"href":"https:\/\/www.budream.com\/fr\/wp-json\/wp\/v2\/product\/131522","targetHints":{"allow":["GET"]}}],"collection":[{"href":"https:\/\/www.budream.com\/fr\/wp-json\/wp\/v2\/product"}],"about":[{"href":"https:\/\/www.budream.com\/fr\/wp-json\/wp\/v2\/types\/product"}],"replies":[{"embeddable":true,"href":"https:\/\/www.budream.com\/fr\/wp-json\/wp\/v2\/comments?post=131522"}],"version-history":[{"count":0,"href":"https:\/\/www.budream.com\/fr\/wp-json\/wp\/v2\/product\/131522\/revisions"}],"wp:featuredmedia":[{"embeddable":true,"href":"https:\/\/www.budream.com\/fr\/wp-json\/wp\/v2\/media\/196955"}],"wp:attachment":[{"href":"https:\/\/www.budream.com\/fr\/wp-json\/wp\/v2\/media?parent=131522"}],"wp:term":[{"taxonomy":"product_brand","embeddable":true,"href":"https:\/\/www.budream.com\/fr\/wp-json\/wp\/v2\/product_brand?post=131522"},{"taxonomy":"product_cat","embeddable":true,"href":"https:\/\/www.budream.com\/fr\/wp-json\/wp\/v2\/product_cat?post=131522"},{"taxonomy":"product_tag","embeddable":true,"href":"https:\/\/www.budream.com\/fr\/wp-json\/wp\/v2\/product_tag?post=131522"}],"curies":[{"name":"wp","href":"https:\/\/api.w.org\/{rel}","templated":true}]}}