{"id":131542,"date":"2025-07-30T23:45:33","date_gmt":"2025-07-30T21:45:33","guid":{"rendered":"https:\/\/www.budream.com\/shop\/xvape-xmax-v3-pro-set-capsules-de-dosage-avec-recipient-5-pcs\/"},"modified":"2025-12-23T21:52:50","modified_gmt":"2025-12-23T19:52:50","slug":"xvape-xmax-v3-pro-set-capsules-de-dosage-avec-recipient-5-pcs","status":"publish","type":"product","link":"https:\/\/www.budream.com\/fr\/shop\/xvape-xmax-v3-pro-set-capsules-de-dosage-avec-recipient-5-pcs\/","title":{"rendered":"XVAPE &#8211; XMAX V3 PRO | SET CAPSULES DE DOSAGE AVEC R\u00c9CIPIENT | 5 PCS"},"content":{"rendered":"<p>Rendez votre dosage d&rsquo;herbes plus pr\u00e9cis avec les toutes nouvelles capsules de dosage en acier pour XVAPE XMAX V3 PRO.<br \/>Gr\u00e2ce \u00e0 ces capsules, vous pouvez pr\u00e9-emballer vos sessions de vapotage, avoir un dosage plus pr\u00e9cis et vaper confortablement o\u00f9 vous voulez !<br \/>De plus, vous pouvez emporter vos capsules partout avec vous gr\u00e2ce \u00e0 l&rsquo;\u00e9tui de poche en m\u00e9tal inclus dans ce kit.<\/p>\n<h2><span style=\"text-decoration: underline\">XVAPE &#8211; XMAX V3 PRO | Kit de capsules de dosage :<\/span><\/h2>\n<ul style=\"list-style-type: disc\">\n<li>Capsules de dosage en acier ;<\/li>\n<li>couvercle filet\u00e9 ;<\/li>\n<li>5 pi\u00e8ces ;<\/li>\n<li>bo\u00eetier m\u00e9tallique avec bouchon herm\u00e9tique ;<\/li>\n<\/ul>\n","protected":false},"excerpt":{"rendered":"<p>Rendez votre dosage d&rsquo;herbes plus pr\u00e9cis avec les toutes nouvelles capsules de dosage en acier pour XVAPE XMAX V3 PRO.Gr\u00e2ce<\/p>\n","protected":false},"featured_media":131532,"comment_status":"open","ping_status":"closed","template":"","meta":[],"product_brand":[],"product_cat":[7910],"product_tag":[],"class_list":{"0":"post-131542","1":"product","2":"type-product","3":"status-publish","4":"has-post-thumbnail","6":"product_cat-vaporisateurs","8":"first","9":"instock","10":"sale","11":"taxable","12":"shipping-taxable","13":"purchasable","14":"product-type-simple"},"_links":{"self":[{"href":"https:\/\/www.budream.com\/fr\/wp-json\/wp\/v2\/product\/131542","targetHints":{"allow":["GET"]}}],"collection":[{"href":"https:\/\/www.budream.com\/fr\/wp-json\/wp\/v2\/product"}],"about":[{"href":"https:\/\/www.budream.com\/fr\/wp-json\/wp\/v2\/types\/product"}],"replies":[{"embeddable":true,"href":"https:\/\/www.budream.com\/fr\/wp-json\/wp\/v2\/comments?post=131542"}],"version-history":[{"count":0,"href":"https:\/\/www.budream.com\/fr\/wp-json\/wp\/v2\/product\/131542\/revisions"}],"wp:featuredmedia":[{"embeddable":true,"href":"https:\/\/www.budream.com\/fr\/wp-json\/wp\/v2\/media\/131532"}],"wp:attachment":[{"href":"https:\/\/www.budream.com\/fr\/wp-json\/wp\/v2\/media?parent=131542"}],"wp:term":[{"taxonomy":"product_brand","embeddable":true,"href":"https:\/\/www.budream.com\/fr\/wp-json\/wp\/v2\/product_brand?post=131542"},{"taxonomy":"product_cat","embeddable":true,"href":"https:\/\/www.budream.com\/fr\/wp-json\/wp\/v2\/product_cat?post=131542"},{"taxonomy":"product_tag","embeddable":true,"href":"https:\/\/www.budream.com\/fr\/wp-json\/wp\/v2\/product_tag?post=131542"}],"curies":[{"name":"wp","href":"https:\/\/api.w.org\/{rel}","templated":true}]}}