{"id":131552,"date":"2025-07-30T23:46:02","date_gmt":"2025-07-30T21:46:02","guid":{"rendered":"https:\/\/www.budream.com\/shop\/rewell-creme-visage-hydratante-avec-cbd-50ml-250mg-cbd\/"},"modified":"2025-12-23T00:11:17","modified_gmt":"2025-12-22T22:11:17","slug":"rewell-creme-visage-hydratante-avec-cbd-50ml-250mg-cbd","status":"publish","type":"product","link":"https:\/\/www.budream.com\/fr\/shop\/rewell-creme-visage-hydratante-avec-cbd-50ml-250mg-cbd\/","title":{"rendered":"REWELL &#8211; CR\u00c8ME VISAGE HYDRATANTE AVEC CBD | 50ml 250mg CBD"},"content":{"rendered":"<p>Commencez la journ\u00e9e du bon pied et obtenez une peau plus lumineuse en appliquant notre cr\u00e8me hydratante pour le visage, une peau hydrat\u00e9e, plus saine et d&rsquo;apparence plus jeune. Gr\u00e2ce \u00e0 son complexe d&rsquo;huiles v\u00e9g\u00e9tales naturelles, il nourrit la peau de toutes les substances lipidiques s\u00e9bac\u00e9es et cireuses dont elle a besoin.<br \/>Au fil du temps, notre peau commence \u00e0 refl\u00e9ter les dommages caus\u00e9s par le temps, la pollution due \u00e0 un nettoyage excessif ou \u00e0 des situations de grande s\u00e9cheresse. Le CBD aide \u00e0 fortifier la barri\u00e8re cutan\u00e9e, ce qui est essentiel pour apaiser l&rsquo;inflammation et r\u00e9duire l&rsquo;apparence des cicatrices, des rides et des ridules.<\/p>\n<h2><span style=\"text-decoration: underline\">Propri\u00e9t\u00e9s des cr\u00e8mes hydratantes pour le visage \u00e0 base de CBD :<\/span><\/h2>\n<p>Les cr\u00e8mes \u00e0 base de CBD et d&rsquo;huile de chanvre ont une teneur \u00e9lev\u00e9e en om\u00e9ga 3 et 6, qui stimulent les processus de gu\u00e9rison de la peau et augmentent ses d\u00e9fenses naturelles.<\/p>\n<p><strong>Emballage en verre et en plastique recyclable.<\/strong><br \/><strong>Sans silicones, parab\u00e8nes, colorants ni essence.<\/strong><\/p>\n<h2><span style=\"text-decoration: underline\">Mode d&#8217;emploi de la cr\u00e8me hydratante CBD pour le visage :<\/span><\/h2>\n<p>Peut \u00eatre utilis\u00e9e sur le visage, le cou et le haut de la poitrine. Pour optimiser les r\u00e9sultats, laver la surface de la peau avant l&rsquo;application. Appliqu\u00e9e quotidiennement, elle offre la protection dont votre peau a besoin chaque jour.<\/p>\n<p><strong>Ingr\u00e9dients :<\/strong><br \/>AQUA, ORIGANUM MAJORANA LEAF WATER, DICAPRYLYL ETHER, CETEARYL ALCOHOL, POLYGLYCERYL-3RICE BRANATE, UREA, ALOE BARBADENSIS LEAF JUICE, GLYCERYL STEARATE SE, SODIUM PCA, CANNABISSATIVA SEED OIL, LIMONENE, CITRUS SINENSIS PEEL OIL EXPRESSED, LEVULINIC ACID, TOCOPHERYLACETATE, GLYCERIN, CANNABIDIOL, SODIUM BENZOATE, ALLANTO\u00cfNE, PARFUM, ARCTIUM LAPPA ROOTEXTRACT, ARGANIA SPINOSA KERNEL OIL, CRAMBE ABYSSINICA SEED OIL, LACTIC ACID, OLEA EUROPAEAFRUIT OIL, LECITHIN, TETRASODIUM GLUTAMATE DIACETATE, LINALOOL, TOCOPHEROL, HYDROLYZEDWHEAT PROTEIN, ASCORBYL PALMITATE, GERANIOL, CITRONELLOL, CITRAL, CITRIC ACID, EUGENOL.<\/p>\n<p><strong>Avertissements<\/strong>:<br \/>PRODUIT COSM\u00c9TIQUE.<br \/>Usage externe. \u00c9viter le contact avec les yeux. Tenir hors de port\u00e9e des enfants.<\/p>\n","protected":false},"excerpt":{"rendered":"<p>Commencez la journ\u00e9e du bon pied et obtenez une peau plus lumineuse en appliquant notre cr\u00e8me hydratante pour le visage,<\/p>\n","protected":false},"featured_media":131547,"comment_status":"open","ping_status":"closed","template":"","meta":[],"product_brand":[],"product_cat":[7913],"product_tag":[],"class_list":{"0":"post-131552","1":"product","2":"type-product","3":"status-publish","4":"has-post-thumbnail","6":"product_cat-cosmetiques","8":"first","9":"instock","10":"taxable","11":"shipping-taxable","12":"purchasable","13":"product-type-simple"},"_links":{"self":[{"href":"https:\/\/www.budream.com\/fr\/wp-json\/wp\/v2\/product\/131552","targetHints":{"allow":["GET"]}}],"collection":[{"href":"https:\/\/www.budream.com\/fr\/wp-json\/wp\/v2\/product"}],"about":[{"href":"https:\/\/www.budream.com\/fr\/wp-json\/wp\/v2\/types\/product"}],"replies":[{"embeddable":true,"href":"https:\/\/www.budream.com\/fr\/wp-json\/wp\/v2\/comments?post=131552"}],"version-history":[{"count":0,"href":"https:\/\/www.budream.com\/fr\/wp-json\/wp\/v2\/product\/131552\/revisions"}],"wp:featuredmedia":[{"embeddable":true,"href":"https:\/\/www.budream.com\/fr\/wp-json\/wp\/v2\/media\/131547"}],"wp:attachment":[{"href":"https:\/\/www.budream.com\/fr\/wp-json\/wp\/v2\/media?parent=131552"}],"wp:term":[{"taxonomy":"product_brand","embeddable":true,"href":"https:\/\/www.budream.com\/fr\/wp-json\/wp\/v2\/product_brand?post=131552"},{"taxonomy":"product_cat","embeddable":true,"href":"https:\/\/www.budream.com\/fr\/wp-json\/wp\/v2\/product_cat?post=131552"},{"taxonomy":"product_tag","embeddable":true,"href":"https:\/\/www.budream.com\/fr\/wp-json\/wp\/v2\/product_tag?post=131552"}],"curies":[{"name":"wp","href":"https:\/\/api.w.org\/{rel}","templated":true}]}}