{"id":131692,"date":"2025-07-30T23:55:39","date_gmt":"2025-07-30T21:55:39","guid":{"rendered":"https:\/\/www.budream.com\/shop\/addipure-dme-dimetic-gases-500ml\/"},"modified":"2026-03-27T12:05:48","modified_gmt":"2026-03-27T10:05:48","slug":"addipure-dme-dimetic-gases-500ml","status":"publish","type":"product","link":"https:\/\/www.budream.com\/fr\/shop\/addipure-dme-dimetic-gases-500ml\/","title":{"rendered":"ADDIPURE &#8211; DME DIMETIC GASES | 500ml"},"content":{"rendered":"<p>L&rsquo;\u00e9ther dim\u00e9thylique (DME) est un gaz utilis\u00e9 comme agent d&rsquo;extraction dans la fabrication de produits alimentaires, pharmaceutiques, m\u00e9dicinaux, cosm\u00e9tiques et de soins corporels.<\/p>\n<p>ADDIPURE DME est parfaitement adapt\u00e9 \u00e0 l&rsquo;extraction des feuilles, des fleurs, des herbes, des r\u00e9sidus de taille et \u00e0 la transformation. <br \/>ADDIPURE Dimethyl Ether (DME) est un agent d&rsquo;extraction biologique pur produit \u00e9cologiquement dans l&rsquo;Union europ\u00e9enne, avec une <strong>puret\u00e9 de 99,99%<\/strong>, r\u00e9guli\u00e8rement confirm\u00e9e et certifi\u00e9e par des laboratoires suisses ind\u00e9pendants.<\/p>\n<p>Le DME d&rsquo;ADDIPURE est de qualit\u00e9 alimentaire, extr\u00eamement pur et inodore.<\/p>\n<p><strong>Le DME ADDIPURE ne peut pas \u00eatre utilis\u00e9 avec des extracteurs plastiques ou des pi\u00e8ces en plastique.<\/strong> L&rsquo;\u00e9ther dim\u00e9thylique peut d\u00e9grader ces mat\u00e9riaux (microplastiques).<\/p>\n<p>Pour les extracteurs en plastique\/avec des pi\u00e8ces en plastique, nous recommandons<a href=\"https:\/\/www.indoorline.com\/addipure-n-butano-500ml.html\">ADDIPURE n-Butane<\/a>.<\/p>\n<h2><strong><span style=\"text-decoration: underline\">Diff\u00e9rence entre l&rsquo;E.M.D. et le N-Butane :<\/span><\/strong><\/h2>\n<p>Compar\u00e9 au n-butane, le DME permet d&rsquo;extraire un <strong>plus large spectre d&rsquo;<\/strong> \u00e9l\u00e9ments, dont les flavono\u00efdes et les terp\u00e8nes. <br \/>Cela rend le DME d&rsquo;ADDIPURE tr\u00e8s int\u00e9ressant pour l&rsquo;utilisation et l&rsquo;extraction \u00e0 des fins m\u00e9dicinales : le large spectre d&rsquo;extraction de l&rsquo;\u00e9ther dim\u00e9thylique permet un rendement plus \u00e9lev\u00e9 que le N-butane, offrant un produit plus complet et \u00e0 \u00a0\u00bb spectre complet \u00ab\u00a0.<\/p>\n<p>En fonction de la quantit\u00e9 de mati\u00e8re plac\u00e9e dans l&rsquo;extracteur, un seul bidon de DME ADDIPURE sera n\u00e9cessaire : gr\u00e2ce au bidon de 500 ml, les d\u00e9chets peuvent \u00eatre r\u00e9duits par rapport aux bidons ayant un contenu plus petit.<\/p>\n<h2><strong><span style=\"text-decoration: underline\">Caract\u00e9ristiques du DME Addipure :<\/span><\/strong><\/h2>\n<ul style=\"list-style-type: disc\">\n<li>Puret\u00e9 sup\u00e9rieure \u00e0 99% ;<\/li>\n<li>Qualit\u00e9 de gaz sup\u00e9rieure \u00e0 celle des concurrents (Dexso) ;<\/li>\n<li>Rendement d&rsquo;extraction sup\u00e9rieur \u00e0 celui du N-Butane ;<\/li>\n<li>Bidon de 500 ml ;<\/li>\n<li>Ne peut \u00eatre utilis\u00e9 avec des extracteurs ou des composants en plastique ;<\/li>\n<\/ul>\n<p><strong>Le DME est un gaz hautement inflammable. <\/strong><br \/><strong>Ne pas utiliser \u00e0 l&rsquo;int\u00e9rieur, mais uniquement \u00e0 l&rsquo;ext\u00e9rieur. <\/strong><br \/><strong>Tenir \u00e0 l&rsquo;\u00e9cart des feux ouverts et autres sources inflammables. <\/strong><br \/><strong>Veuillez respecter la fiche de donn\u00e9es de s\u00e9curit\u00e9 ADDIPURE DME.<\/strong><\/p>\n","protected":false},"excerpt":{"rendered":"<p>L&rsquo;\u00e9ther dim\u00e9thylique (DME) est un gaz utilis\u00e9 comme agent d&rsquo;extraction dans la fabrication de produits alimentaires, pharmaceutiques, m\u00e9dicinaux, cosm\u00e9tiques et<\/p>\n","protected":false},"featured_media":131672,"comment_status":"open","ping_status":"closed","template":"","meta":[],"product_brand":[],"product_cat":[7949],"product_tag":[],"class_list":{"0":"post-131692","1":"product","2":"type-product","3":"status-publish","4":"has-post-thumbnail","6":"product_cat-headshop-fr","8":"first","9":"instock","10":"taxable","11":"shipping-taxable","12":"purchasable","13":"product-type-simple"},"_links":{"self":[{"href":"https:\/\/www.budream.com\/fr\/wp-json\/wp\/v2\/product\/131692","targetHints":{"allow":["GET"]}}],"collection":[{"href":"https:\/\/www.budream.com\/fr\/wp-json\/wp\/v2\/product"}],"about":[{"href":"https:\/\/www.budream.com\/fr\/wp-json\/wp\/v2\/types\/product"}],"replies":[{"embeddable":true,"href":"https:\/\/www.budream.com\/fr\/wp-json\/wp\/v2\/comments?post=131692"}],"version-history":[{"count":0,"href":"https:\/\/www.budream.com\/fr\/wp-json\/wp\/v2\/product\/131692\/revisions"}],"wp:featuredmedia":[{"embeddable":true,"href":"https:\/\/www.budream.com\/fr\/wp-json\/wp\/v2\/media\/131672"}],"wp:attachment":[{"href":"https:\/\/www.budream.com\/fr\/wp-json\/wp\/v2\/media?parent=131692"}],"wp:term":[{"taxonomy":"product_brand","embeddable":true,"href":"https:\/\/www.budream.com\/fr\/wp-json\/wp\/v2\/product_brand?post=131692"},{"taxonomy":"product_cat","embeddable":true,"href":"https:\/\/www.budream.com\/fr\/wp-json\/wp\/v2\/product_cat?post=131692"},{"taxonomy":"product_tag","embeddable":true,"href":"https:\/\/www.budream.com\/fr\/wp-json\/wp\/v2\/product_tag?post=131692"}],"curies":[{"name":"wp","href":"https:\/\/api.w.org\/{rel}","templated":true}]}}