{"id":131737,"date":"2025-07-30T23:58:30","date_gmt":"2025-07-30T21:58:30","guid":{"rendered":"https:\/\/www.budream.com\/shop\/kenex-balance-digitale-colophane-ros-200-max-200-grammes-pas-001g-avec-tapis-silicone\/"},"modified":"2026-03-11T19:52:09","modified_gmt":"2026-03-11T17:52:09","slug":"kenex-balance-digitale-colophane-ros-200-max-200-grammes-pas-001g-avec-tapis-silicone","status":"publish","type":"product","link":"https:\/\/www.budream.com\/fr\/shop\/kenex-balance-digitale-colophane-ros-200-max-200-grammes-pas-001g-avec-tapis-silicone\/","title":{"rendered":"KENEX &#8211; BALANCE DIGITALE COLOPHANE ROS-200 | MAX 200 GRAMMES PAS 0,01G AVEC TAPIS SILICONE"},"content":{"rendered":"<p>La balance num\u00e9rique Rosin comprend un fantastique tapis pliable en silicone de qualit\u00e9 alimentaire, utile pour peser vos produits \u00ab\u00a0collants\u00a0\u00bb tels que les extraits de colophane et le BHO.<br \/>Cette simple fonction a fait de la pes\u00e9e de ces extraits un jeu d&rsquo;enfant. Le tapis se lave facilement et peut \u00e9galement \u00eatre utilis\u00e9 pour verser l&rsquo;extrait dans un r\u00e9cipient.<\/p>\n<h2><span style=\"text-decoration: underline\">Caract\u00e9ristiques de la balance num\u00e9rique Kenex Rosin :<\/span><\/h2>\n<ul style=\"list-style-type: disc\">\n<li>Balance num\u00e9rique ;<\/li>\n<li>Plage de mesure : max. 200g ;<\/li>\n<li>Pr\u00e9cision de l&rsquo;\u00e9chelon : 0,01g ;<\/li>\n<li>Tapis en silicone pliable pour la mesure ;<\/li>\n<li>Plateau de pes\u00e9e en acier inoxydable ;<\/li>\n<li>Protection contre les surcharges ;<\/li>\n<li>Disponible en couleurs assorties : vert, rouge et noir ;<\/li>\n<li>7 modes de pes\u00e9e : g\/oz\/ozt\/tl\/ct\/gn\/dwt ;<\/li>\n<\/ul>\n","protected":false},"excerpt":{"rendered":"<p>La balance num\u00e9rique Rosin comprend un fantastique tapis pliable en silicone de qualit\u00e9 alimentaire, utile pour peser vos produits \u00ab\u00a0collants\u00a0\u00bb<\/p>\n","protected":false},"featured_media":131712,"comment_status":"open","ping_status":"closed","template":"","meta":[],"product_brand":[],"product_cat":[7949],"product_tag":[],"class_list":{"0":"post-131737","1":"product","2":"type-product","3":"status-publish","4":"has-post-thumbnail","6":"product_cat-headshop-fr","8":"first","9":"instock","10":"taxable","11":"shipping-taxable","12":"purchasable","13":"product-type-simple"},"_links":{"self":[{"href":"https:\/\/www.budream.com\/fr\/wp-json\/wp\/v2\/product\/131737","targetHints":{"allow":["GET"]}}],"collection":[{"href":"https:\/\/www.budream.com\/fr\/wp-json\/wp\/v2\/product"}],"about":[{"href":"https:\/\/www.budream.com\/fr\/wp-json\/wp\/v2\/types\/product"}],"replies":[{"embeddable":true,"href":"https:\/\/www.budream.com\/fr\/wp-json\/wp\/v2\/comments?post=131737"}],"version-history":[{"count":0,"href":"https:\/\/www.budream.com\/fr\/wp-json\/wp\/v2\/product\/131737\/revisions"}],"wp:featuredmedia":[{"embeddable":true,"href":"https:\/\/www.budream.com\/fr\/wp-json\/wp\/v2\/media\/131712"}],"wp:attachment":[{"href":"https:\/\/www.budream.com\/fr\/wp-json\/wp\/v2\/media?parent=131737"}],"wp:term":[{"taxonomy":"product_brand","embeddable":true,"href":"https:\/\/www.budream.com\/fr\/wp-json\/wp\/v2\/product_brand?post=131737"},{"taxonomy":"product_cat","embeddable":true,"href":"https:\/\/www.budream.com\/fr\/wp-json\/wp\/v2\/product_cat?post=131737"},{"taxonomy":"product_tag","embeddable":true,"href":"https:\/\/www.budream.com\/fr\/wp-json\/wp\/v2\/product_tag?post=131737"}],"curies":[{"name":"wp","href":"https:\/\/api.w.org\/{rel}","templated":true}]}}