{"id":131882,"date":"2025-07-31T00:06:20","date_gmt":"2025-07-30T22:06:20","guid":{"rendered":"https:\/\/www.budream.com\/shop\/ortoled-quantum-full-cycle-60w-2-7-60w-samsung\/"},"modified":"2026-03-11T12:52:20","modified_gmt":"2026-03-11T10:52:20","slug":"ortoled-quantum-full-cycle-60w-2-7-60w-samsung","status":"publish","type":"product","link":"https:\/\/www.budream.com\/fr\/shop\/ortoled-quantum-full-cycle-60w-2-7-60w-samsung\/","title":{"rendered":"ORTOLED &#8211; QUANTUM FULL CYCLE 60W 2.7 | 60W SAMSUNG"},"content":{"rendered":"<div style=\"text-align: left\">ORTOLED ajoute \u00e0 son catalogue la nouvelle s\u00e9rie de lampes <strong>Ortoled Full Cycle 60W Samsung <\/strong>, parfaite pour les espaces de culture restreints et les surfaces carr\u00e9es.<strong><br \/><\/strong><\/div>\n<p>La lampe Ortoled<strong>Full Cycle 60W Samsung<\/strong><strong> est <\/strong> un appareil l\u00e9ger et pratique qui produit des niveaux \u00e9lev\u00e9s de <strong>PPF (162<\/strong><strong> &micro;mol\/s<\/strong><strong>)<\/strong> et une efficacit\u00e9 photonique de 2,7&micro;mol\/J<strong>, <span style=\"color: #000000\">couvrant parfaitement 0,25-0,60 m\u00e8tres carr\u00e9s de surface de culture ou 0,81 par entretien.<\/span><\/p>\n<p>Le spectre lumineux<\/strong> <strong>Full Cycle Ortoled <\/strong>produit par la combinaison des LED <strong>Samsung lm201b x336pcs + 3w SMD3535 660nm x18pcs <\/strong>garantit un excellent rendement et une p\u00e9n\u00e9tration optimale de la lumi\u00e8re sans surchauffe de l&rsquo;apex des plantes.<\/p>\n<p>La s\u00e9rie <strong>Ortoled Full Cycle 60W de Samsung<\/strong><strong> est <\/strong> construite \u00e0 partir des alimentations <strong>fixes Letron&reg;<\/strong> de la plus haute qualit\u00e9.<br \/>Les diodes Samsung<strong>lm201b + 3w SMD35 660nm <\/strong> sont mont\u00e9es uniform\u00e9ment dans le corps de la lampe pour assurer une excellente distribution et une parfaite dissipation de la chaleur produite.<\/p>\n<p>Le degr\u00e9 de protection est IP65 avec une r\u00e9sine utratransparente prot\u00e9geant les diodes afin de maintenir le flux lumineux.<\/p>\n<p><strong>Spectre \u00e0 cycle complet<br \/><\/strong>La combinaison et la coloration des LED install\u00e9es captent toutes les bandes n\u00e9cessaires \u00e0 la plante, garantissant un flux optimal de la croissance \u00e0 la floraison pour les petites surfaces.<\/p>\n<p style=\"padding: 10px;background: #ebebeb\"><strong>Samsung Full Cycle 60W LED Ortoled Distribution<br \/><\/strong><br \/>&#8211; <strong>Samsung lm201b : 336 LED<\/strong><br \/>&#8211;<strong> 3W SMD 3535 660nm :<\/strong> 18 LEDs<\/p>\n<p><strong>Tableau de bord \u00e0 refroidissement statique et syst\u00e8me Sound zero<br \/><\/strong>Le nouveau tableau de bord <strong>Sound zero<\/strong> con\u00e7u pour la s\u00e9rie <strong>Ortoled Full Cycle 60W de Samsung<\/strong><strong> assure une <\/strong>excellente dissipation de la chaleur produite par les LED. Cela signifie que la lampe n&rsquo;a pas besoin d&rsquo;un syst\u00e8me de refroidissement suppl\u00e9mentaire. Gr\u00e2ce au syst\u00e8me <strong>Sound zero<\/strong>, le r\u00e9sultat est une lampe performante et extr\u00eamement silencieuse.<\/p>\n<h2><span style=\"text-decoration: underline\"><span class=\"insidetitle\"><strong>Caract\u00e9ristiques techniques Ortoled Quantum Board Full Cycle 60W Samsung :<\/strong><\/span><\/span><\/h2>\n<ul style=\"list-style-type: disc\">\n<li><strong>Efficacit\u00e9 :<\/strong><strong> 2,7 &micro;mol \/ J<\/strong><\/li>\n<li><strong><span class=\"insidetitle\">PPF:162<\/span> &micro;mol \/ s<\/strong><\/li>\n<li><span class=\"insidetitle\">Tension d&rsquo;entr\u00e9e :<\/span> AC 100-277V\/50-60HZ<\/li>\n<li><span class=\"insidetitle\">Consommation \u00e9lectrique :<\/span> 60 W<\/li>\n<li><span style=\"color: #000000\"><span class=\"insidetitle\">Surface \u00e9clairable :<\/span> <strong>0,25-0,6 m2<\/strong><\/span><\/li>\n<li>Distance aux plantes : min.30 max.60 cm<\/li>\n<li><span class=\"insidetitle\">Dur\u00e9e de vie :<\/span> 60 000 heures<\/li>\n<li><span class=\"insidetitle\">R\u00e9partition de la lumi\u00e8re :<\/span> 120<\/li>\n<li><span class=\"insidetitle\">Source lumineuse :<\/span> <strong><strong>diodes <\/strong>Samsung lm201b x336pcs + 3w SMD3535 660nm x18pcs<\/strong><\/li>\n<li><span class=\"insidetitle\">Poids :<\/span> 1,5 kg<\/li>\n<li><span class=\"insidetitle\">Dimensions :<\/span> 300x300x61 mm<\/li>\n<li><span class=\"insidetitle\">Spectre :<\/span> cycle complet<\/li>\n<\/ul>\n<p><strong>Articles inclus dans le paquet<\/strong><\/p>\n<ul style=\"list-style-type: disc\">\n<li>1x Ortoled FC 60w<\/li>\n<li>1x C\u00e2ble d&rsquo;alimentation de 1,8 m<\/li>\n<li>2x C\u00e2ble de suspension r\u00e9glable<\/li>\n<li>2x C\u00e2ble de suspension fixe<\/li>\n<\/ul>\n<p class=\"p1\">\n<h2><span class=\"insidetitle\"><strong><span style=\"text-decoration: underline\">Caract\u00e9ristiques principales Ortoled FULL CYCLE 60W 2.7 &micro;mol\/J | 60W SAMSUNG<\/span><\/strong><\/span><\/h2>\n<ul style=\"list-style-type: disc\">\n<li>Rendement \u00e9lev\u00e9 2,7 &micro;mol\/J<\/li>\n<li>Sortie PPF \u00e9lev\u00e9e pour 162 &micro;mol\/s \u00e0 haute intensit\u00e9<\/li>\n<li>Pilote LED<i> <strong>Letron&reg;<\/strong><\/i> de haute qualit\u00e9<i> <strong>\u00e0 puissance fixe<\/strong><\/i> <\/li>\n<li>Technologie de couverture protectrice avec r\u00e9sine \u00e0 haute transparence<\/li>\n<li>Spectre \u00e0 cycle complet<\/li>\n<li>Am\u00e9lioration de la diffusion et de l&rsquo;uniformit\u00e9 de la lumi\u00e8re et syst\u00e8me <strong>Sound Zero<\/strong><\/li>\n<li><span style=\"color: #000000\">Conception compacte id\u00e9ale pour une surface de culture allant jusqu&rsquo;\u00e0 <strong>0,25-0,60 m\u00b2 ou une surface d&rsquo;entretien de 0,81 m\u00b2.<\/strong><\/span><\/li>\n<li>Installation facile plug &amp; play<\/li>\n<\/ul>\n<p><\/p>\n<p class=\"p1\">Ne pas utiliser le luminaire LED \u00e0 la verticale ou \u00e0 l&rsquo;envers (le contact direct avec les yeux et une exposition prolong\u00e9e peuvent causer des dommages permanents \u00e0 la peau).<br \/>contact direct avec les yeux et une exposition prolong\u00e9e peuvent causer des dommages permanents \u00e0 la vue).<br \/>Il est d\u00e9conseill\u00e9 d&rsquo;utiliser l&rsquo;appareil comme lampe d&rsquo;ambiance. Il est con\u00e7u et d\u00e9velopp\u00e9<br \/>exclusivement pour la germination, la culture et la floraison des plantes. Veillez \u00e0 ce que le luminaire \u00e0 LED soit<br \/>hors de la vue et de la port\u00e9e des enfants et des animaux afin de prot\u00e9ger leurs yeux !<br \/>Nous recommandons l&rsquo;utilisation de lunettes sp\u00e9ciales pour prot\u00e9ger vos yeux.<\/p>\n","protected":false},"excerpt":{"rendered":"<p>ORTOLED ajoute \u00e0 son catalogue la nouvelle s\u00e9rie de lampes Ortoled Full Cycle 60W Samsung , parfaite pour les espaces<\/p>\n","protected":false},"featured_media":131847,"comment_status":"open","ping_status":"closed","template":"","meta":[],"product_brand":[],"product_cat":[7935],"product_tag":[],"class_list":{"0":"post-131882","1":"product","2":"type-product","3":"status-publish","4":"has-post-thumbnail","6":"product_cat-lampe-led","8":"first","9":"instock","10":"sale","11":"taxable","12":"shipping-taxable","13":"purchasable","14":"product-type-simple"},"_links":{"self":[{"href":"https:\/\/www.budream.com\/fr\/wp-json\/wp\/v2\/product\/131882","targetHints":{"allow":["GET"]}}],"collection":[{"href":"https:\/\/www.budream.com\/fr\/wp-json\/wp\/v2\/product"}],"about":[{"href":"https:\/\/www.budream.com\/fr\/wp-json\/wp\/v2\/types\/product"}],"replies":[{"embeddable":true,"href":"https:\/\/www.budream.com\/fr\/wp-json\/wp\/v2\/comments?post=131882"}],"version-history":[{"count":0,"href":"https:\/\/www.budream.com\/fr\/wp-json\/wp\/v2\/product\/131882\/revisions"}],"wp:featuredmedia":[{"embeddable":true,"href":"https:\/\/www.budream.com\/fr\/wp-json\/wp\/v2\/media\/131847"}],"wp:attachment":[{"href":"https:\/\/www.budream.com\/fr\/wp-json\/wp\/v2\/media?parent=131882"}],"wp:term":[{"taxonomy":"product_brand","embeddable":true,"href":"https:\/\/www.budream.com\/fr\/wp-json\/wp\/v2\/product_brand?post=131882"},{"taxonomy":"product_cat","embeddable":true,"href":"https:\/\/www.budream.com\/fr\/wp-json\/wp\/v2\/product_cat?post=131882"},{"taxonomy":"product_tag","embeddable":true,"href":"https:\/\/www.budream.com\/fr\/wp-json\/wp\/v2\/product_tag?post=131882"}],"curies":[{"name":"wp","href":"https:\/\/api.w.org\/{rel}","templated":true}]}}