{"id":131892,"date":"2025-07-31T00:06:59","date_gmt":"2025-07-30T22:06:59","guid":{"rendered":"https:\/\/www.budream.com\/shop\/super-sativa-seed-club-frosty-friday-reg-24-graines\/"},"modified":"2026-05-13T15:57:37","modified_gmt":"2026-05-13T13:57:37","slug":"super-sativa-seed-club-frosty-friday-reg-24-graines","status":"publish","type":"product","link":"https:\/\/www.budream.com\/fr\/shop\/super-sativa-seed-club-frosty-friday-reg-24-graines\/","title":{"rendered":"SUPER SATIVA SEED CLUB &#8211; FROSTY FRIDAY REG | 24 GRAINES"},"content":{"rendered":"<div class=\"FFpbKc\">\n<div class=\"ZTPlmc\">\n<div class=\"FFpbKc\">\n<div class=\"ZTPlmc\">Frosty Friday est l&rsquo;\u0153uvre old-school du Super Sativa Seed Club, nous parlons d&rsquo;une vari\u00e9t\u00e9 qui vous ram\u00e8ne dans les ann\u00e9es 80.<br \/>Frosty Friday est un croisement \u00e0 dominance sativa (70%) de la M4 Creeper et de la l\u00e9gendaire vari\u00e9t\u00e9 du SSSC, la Karel&rsquo;s Haze.<\/p>\n<\/div>\n<\/div>\n<\/div>\n<\/div>\n<h2><strong>Caract\u00e9ristiques Frosty Friday Reg :<\/strong><\/h2>\n<ul style=\"list-style-type: disc\">\n<li><strong>Genre :<\/strong> Hybride r\u00e9gulier<\/li>\n<li><strong>G\u00e9notype :<\/strong> Hybride 70% Sativa 30% Indica<\/li>\n<li><strong>G\u00e9n\u00e9tique :<\/strong> OM4 Creeper x Karel&rsquo;s Haze<\/li>\n<li>Jours<strong>:<\/strong> environ 70 jours<\/li>\n<\/ul>\n<p><span style=\"font-size: 11pt\"><em><strong>ATTENTION :<\/strong> Les graines de chanvre sont exclues de la notion l\u00e9gale de Cannabis, ce qui signifie qu&rsquo;elles ne doivent pas \u00eatre consid\u00e9r\u00e9es comme une substance narcotique (Loi 412 de 1974, Art. 1, paragraphe 1, lettre B ; Convention Unique sur les Stup\u00e9fiants de New York de 1961 et tableau II du D\u00e9cret Minist\u00e9riel 27\/7\/1992). En Italie, la culture du chanvre est interdite (articles 28 et 73 du d\u00e9cret pr\u00e9sidentiel 309\/90), sauf autorisation sp\u00e9ciale (article 17 du d\u00e9cret pr\u00e9sidentiel 309\/90). En l&rsquo;absence d&rsquo;autorisation, les semences ne peuvent \u00eatre utilis\u00e9es qu&rsquo;\u00e0 d&rsquo;autres fins (zootechniques, de collection, etc.). Les semences sont vendues sous r\u00e9serve qu&rsquo;elles ne soient pas utilis\u00e9es par des tiers en contradiction avec la loi.<\/em><\/span><\/p>\n","protected":false},"excerpt":{"rendered":"<p>Frosty Friday est l&rsquo;\u0153uvre old-school du Super Sativa Seed Club, nous parlons d&rsquo;une vari\u00e9t\u00e9 qui vous ram\u00e8ne dans les ann\u00e9es<\/p>\n","protected":false},"featured_media":131887,"comment_status":"open","ping_status":"closed","template":"","meta":[],"product_brand":[],"product_cat":[7951],"product_tag":[],"class_list":{"0":"post-131892","1":"product","2":"type-product","3":"status-publish","4":"has-post-thumbnail","6":"product_cat-magasin-de-graines","8":"first","9":"instock","10":"sale","11":"taxable","12":"shipping-taxable","13":"purchasable","14":"product-type-simple"},"aioseo_notices":[],"_links":{"self":[{"href":"https:\/\/www.budream.com\/fr\/wp-json\/wp\/v2\/product\/131892","targetHints":{"allow":["GET"]}}],"collection":[{"href":"https:\/\/www.budream.com\/fr\/wp-json\/wp\/v2\/product"}],"about":[{"href":"https:\/\/www.budream.com\/fr\/wp-json\/wp\/v2\/types\/product"}],"replies":[{"embeddable":true,"href":"https:\/\/www.budream.com\/fr\/wp-json\/wp\/v2\/comments?post=131892"}],"version-history":[{"count":1,"href":"https:\/\/www.budream.com\/fr\/wp-json\/wp\/v2\/product\/131892\/revisions"}],"predecessor-version":[{"id":270523,"href":"https:\/\/www.budream.com\/fr\/wp-json\/wp\/v2\/product\/131892\/revisions\/270523"}],"wp:featuredmedia":[{"embeddable":true,"href":"https:\/\/www.budream.com\/fr\/wp-json\/wp\/v2\/media\/131887"}],"wp:attachment":[{"href":"https:\/\/www.budream.com\/fr\/wp-json\/wp\/v2\/media?parent=131892"}],"wp:term":[{"taxonomy":"product_brand","embeddable":true,"href":"https:\/\/www.budream.com\/fr\/wp-json\/wp\/v2\/product_brand?post=131892"},{"taxonomy":"product_cat","embeddable":true,"href":"https:\/\/www.budream.com\/fr\/wp-json\/wp\/v2\/product_cat?post=131892"},{"taxonomy":"product_tag","embeddable":true,"href":"https:\/\/www.budream.com\/fr\/wp-json\/wp\/v2\/product_tag?post=131892"}],"curies":[{"name":"wp","href":"https:\/\/api.w.org\/{rel}","templated":true}]}}