{"id":131922,"date":"2025-07-31T00:08:07","date_gmt":"2025-07-30T22:08:07","guid":{"rendered":"https:\/\/www.budream.com\/shop\/storzbickel-etui-de-voyage-pour-crafty-et-crafty\/"},"modified":"2026-03-10T16:16:02","modified_gmt":"2026-03-10T14:16:02","slug":"storzbickel-etui-de-voyage-pour-crafty-et-crafty","status":"publish","type":"product","link":"https:\/\/www.budream.com\/fr\/shop\/storzbickel-etui-de-voyage-pour-crafty-et-crafty\/","title":{"rendered":"STORZ&amp;BICKEL &#8211; \u00c9TUI DE VOYAGE POUR CRAFTY+ ET CRAFTY"},"content":{"rendered":"<p>\u00c9tui de voyage rigide et inodore pour votre Crafty+. Transportez toujours votre Crafty en toute s\u00e9curit\u00e9. Gr\u00e2ce \u00e0 l&rsquo;\u00e9tui rigide, votre appareil est prot\u00e9g\u00e9 de mani\u00e8re optimale. <\/p>\n<p><strong>VAPORISATEUR NON INCLUS<\/strong><\/p>\n<h2><span style=\"text-decoration: underline\">Storz &amp; Bickel &#8211; l&rsquo;\u00e9tui de voyage comprend :<\/span><\/h2>\n<ul style=\"list-style-type: disc\">\n<li>\u00c9tui de voyage rigide pour le Crafty+ ;<\/li>\n<\/ul>\n","protected":false},"excerpt":{"rendered":"<p>\u00c9tui de voyage rigide et inodore pour votre Crafty+. Transportez toujours votre Crafty en toute s\u00e9curit\u00e9. Gr\u00e2ce \u00e0 l&rsquo;\u00e9tui rigide,<\/p>\n","protected":false},"featured_media":131897,"comment_status":"open","ping_status":"closed","template":"","meta":[],"product_brand":[],"product_cat":[7910],"product_tag":[],"class_list":{"0":"post-131922","1":"product","2":"type-product","3":"status-publish","4":"has-post-thumbnail","6":"product_cat-vaporisateurs","8":"first","9":"instock","10":"sale","11":"taxable","12":"shipping-taxable","13":"purchasable","14":"product-type-simple"},"aioseo_notices":[],"_links":{"self":[{"href":"https:\/\/www.budream.com\/fr\/wp-json\/wp\/v2\/product\/131922","targetHints":{"allow":["GET"]}}],"collection":[{"href":"https:\/\/www.budream.com\/fr\/wp-json\/wp\/v2\/product"}],"about":[{"href":"https:\/\/www.budream.com\/fr\/wp-json\/wp\/v2\/types\/product"}],"replies":[{"embeddable":true,"href":"https:\/\/www.budream.com\/fr\/wp-json\/wp\/v2\/comments?post=131922"}],"version-history":[{"count":0,"href":"https:\/\/www.budream.com\/fr\/wp-json\/wp\/v2\/product\/131922\/revisions"}],"wp:featuredmedia":[{"embeddable":true,"href":"https:\/\/www.budream.com\/fr\/wp-json\/wp\/v2\/media\/131897"}],"wp:attachment":[{"href":"https:\/\/www.budream.com\/fr\/wp-json\/wp\/v2\/media?parent=131922"}],"wp:term":[{"taxonomy":"product_brand","embeddable":true,"href":"https:\/\/www.budream.com\/fr\/wp-json\/wp\/v2\/product_brand?post=131922"},{"taxonomy":"product_cat","embeddable":true,"href":"https:\/\/www.budream.com\/fr\/wp-json\/wp\/v2\/product_cat?post=131922"},{"taxonomy":"product_tag","embeddable":true,"href":"https:\/\/www.budream.com\/fr\/wp-json\/wp\/v2\/product_tag?post=131922"}],"curies":[{"name":"wp","href":"https:\/\/api.w.org\/{rel}","templated":true}]}}