{"id":131992,"date":"2025-07-31T00:10:36","date_gmt":"2025-07-30T22:10:36","guid":{"rendered":"https:\/\/www.budream.com\/shop\/vapormed-mighty-medic-vaporisateur-a-usage-medical\/"},"modified":"2026-04-22T11:05:01","modified_gmt":"2026-04-22T09:05:01","slug":"vapormed-mighty-medic-vaporisateur-a-usage-medical","status":"publish","type":"product","link":"https:\/\/www.budream.com\/fr\/shop\/vapormed-mighty-medic-vaporisateur-a-usage-medical\/","title":{"rendered":"VAPORMED &#8211; MIGHTY+ MEDIC | VAPORISATEUR \u00c0 USAGE M\u00c9DICAL"},"content":{"rendered":"<p>Le <strong>MIGHTY+ MEDIC<\/strong> est le premier vaporisateur portable approuv\u00e9 par les autorit\u00e9s sanitaires pour l&rsquo;inhalation d&rsquo;infusions. Il utilise un syst\u00e8me de chauffage par convection \u00e0 air chaud combin\u00e9 \u00e0 une conduction suppl\u00e9mentaire, garantissant un vapotage efficace d\u00e8s le premier tirage.<\/p>\n<h2><strong><span style=\"text-decoration: underline\">MIGHTY+ MEDIC, le premier inhalateur m\u00e9dical fonctionnant sur batterie :<\/span><\/strong><\/h2>\n<p>L&rsquo;utilisation de MIGHTY+ MEDIC est extr\u00eamement simple gr\u00e2ce aux boutons plus et moins et \u00e0 l&rsquo;affichage LED tr\u00e8s lisible : d\u00e8s que la temp\u00e9rature r\u00e9elle correspond \u00e0 la temp\u00e9rature th\u00e9orique r\u00e9glable individuellement, l&rsquo;appareil est pr\u00eat pour l&rsquo;inhalation. Ceci est \u00e9galement signal\u00e9 par une <strong>double vibration br<\/strong>\u00e8ve. La temp\u00e9rature pr\u00e9f\u00e9r\u00e9e par le vapoteur peut \u00eatre ajust\u00e9e progressivement par le biais des options de r\u00e9glage directement sur l&rsquo;appareil pendant le vapotage.<\/p>\n<p>Avec le MIGHTY+ MEDIC, la vaporisation s&rsquo;effectue par un <strong>chauffage combin\u00e9 de l&rsquo;air et de la chambre<\/strong>: le chauffage de l&rsquo;air assure une vaporisation continue, tandis que le chauffage de la chambre garantit que la vapeur est g\u00e9n\u00e9r\u00e9e d\u00e8s la premi\u00e8re bouff\u00e9e.<br \/>Pour un remplissage rapide et propre de la chambre de remplissage int\u00e9gr\u00e9e au g\u00e9n\u00e9rateur d&rsquo;air chaud, les <strong>capsules de dosage<\/strong> fournies peuvent \u00eatre utilis\u00e9es. <\/p>\n<p>L&rsquo;unit\u00e9 de refroidissement assure le refroidissement de la vapeur et garantit une saveur optimale et un ar\u00f4me cors\u00e9.<\/p>\n<p>Le MIGHTY+ MEDIC est con\u00e7u pour la vaporisation et l&rsquo;inhalation de cannabino\u00efdes extraits de fleurs de chanvre. L&rsquo;objectif est de d\u00e9livrer l&rsquo;ingr\u00e9dient actif dans le corps humain via les alv\u00e9oles pulmonaires pour l&rsquo;indication m\u00e9dicale correspondante.<\/p>\n<p>Le <strong>MIGHTY+ MEDIC<\/strong> convient \u00e0 l&rsquo;administration temporaire par inhalation de cannabino\u00efdes m\u00e9dicalement prescrits, pour une utilisation \u00e0 domicile, en milieu hospitalier et en ambulatoire. Les dispositifs garantissent une application hautement efficace, s\u00fbre et rapide des cannabino\u00efdes. Un examen m\u00e9dical doit dans tous les cas \u00eatre effectu\u00e9 avant le traitement.<\/p>\n<p>Le dispositif ne convient pas aux enfants et aux adolescents de moins de 18 ans. Les adultes peuvent utiliser MIGHTY+ MEDIC conform\u00e9ment au mode d&#8217;emploi ou sur les conseils d&rsquo;un m\u00e9decin.<\/p>\n<p><strong>Les indications donn\u00e9es dans ce texte ne peuvent en aucun cas remplacer l&rsquo;avis de votre m\u00e9decin.<\/strong><\/p>\n<h3>Avertissements MIGHTY+ MEDIC<\/h3>\n<p>Pour des raisons d&rsquo;hygi\u00e8ne, le Vaporisateur MIGHTY+ MEDIC ne peut \u00eatre utilis\u00e9 qu&rsquo;avec la partie labiale engag\u00e9e sur l&#8217;embout buccal (pour un usage unique). La partie labiale du Vaporisateur MIGHTY+ MEDIC est \u00e9quip\u00e9e d&rsquo;un clapet anti-retour. Ce clapet anti-retour r\u00e9duit le risque de contamination \u00e0 l&rsquo;int\u00e9rieur de l&rsquo;unit\u00e9 de refroidissement en emp\u00eachant l&rsquo;expiration dans l&rsquo;unit\u00e9 de refroidissement elle-m\u00eame. En cas d&rsquo;utilisation par une autre personne, une nouvelle unit\u00e9 de refroidissement doit \u00eatre utilis\u00e9e. MIGHTY+ MEDIC convient uniquement \u00e0 la vaporisation et \u00e0 l&rsquo;inhalation de fleurs de chanvre, et non d&rsquo;extraits ou d&rsquo;autres concentr\u00e9s.<\/p>\n<p><strong>Pi\u00e8ce \u00e0 l\u00e8vres jetable<br \/><\/strong><br \/>La pi\u00e8ce \u00e0 l\u00e8vres jetable peut \u00eatre utilis\u00e9e jusqu&rsquo;\u00e0 4 heures apr\u00e8s la premi\u00e8re utilisation, \u00e0 condition qu&rsquo;elle ne soit ni endommag\u00e9e ni sale. Il doit ensuite \u00eatre jet\u00e9 dans les ordures m\u00e9nag\u00e8res et un nouveau Lip Part doit \u00eatre utilis\u00e9 pour des raisons d&rsquo;hygi\u00e8ne. Suivez les instructions d&rsquo;hygi\u00e8ne figurant dans le mode d&#8217;emploi. Les parties de l\u00e8vres fragilis\u00e9es ou endommag\u00e9es ne peuvent pas \u00eatre utilis\u00e9es.<\/p>\n<p><strong>Informations g\u00e9n\u00e9rales<\/strong><\/p>\n<p>N&rsquo;utilisez que des fleurs de chanvre m\u00e9dicinales prescrites par un m\u00e9decin et achet\u00e9es en pharmacie. Renseignez-vous aupr\u00e8s de votre m\u00e9decin, de votre pharmacien ou, le cas \u00e9ch\u00e9ant, aupr\u00e8s des autorit\u00e9s comp\u00e9tentes pour conna\u00eetre la situation l\u00e9gale dans votre lieu de r\u00e9sidence.<\/p>\n<p>MIGHTY+ MEDIC ne doit pas \u00eatre utilis\u00e9 si l&rsquo;utilisateur souffre d&rsquo;une maladie des voies respiratoires ou des poumons. Les vapeurs, selon leur densit\u00e9, peuvent irriter les voies respiratoires et les poumons, ce qui peut entra\u00eener une toux. Bien que l&rsquo;inhalation de chanvre vaporis\u00e9 soit nettement moins irritante que le fait de fumer, les utilisateurs inexp\u00e9riment\u00e9s ont d&rsquo;abord besoin d&rsquo;une phase d&rsquo;adaptation pour trouver la temp\u00e9rature optimale d&rsquo;application. L&rsquo;utilisateur doit effectuer l&rsquo;inhalation avec concentration et pr\u00e9caution. Il convient d&rsquo;\u00e9viter de rire, de b\u00e2iller et de parler pendant l&rsquo;application afin de ne pas d\u00e9clencher de toux.<\/p>\n","protected":false},"excerpt":{"rendered":"<p>Le MIGHTY+ MEDIC est le premier vaporisateur portable approuv\u00e9 par les autorit\u00e9s sanitaires pour l&rsquo;inhalation d&rsquo;infusions. Il utilise un syst\u00e8me<\/p>\n","protected":false},"featured_media":131967,"comment_status":"open","ping_status":"closed","template":"","meta":[],"product_brand":[],"product_cat":[7910],"product_tag":[],"class_list":{"0":"post-131992","1":"product","2":"type-product","3":"status-publish","4":"has-post-thumbnail","6":"product_cat-vaporisateurs","8":"first","9":"instock","10":"sale","11":"taxable","12":"shipping-taxable","13":"purchasable","14":"product-type-simple"},"aioseo_notices":[],"_links":{"self":[{"href":"https:\/\/www.budream.com\/fr\/wp-json\/wp\/v2\/product\/131992","targetHints":{"allow":["GET"]}}],"collection":[{"href":"https:\/\/www.budream.com\/fr\/wp-json\/wp\/v2\/product"}],"about":[{"href":"https:\/\/www.budream.com\/fr\/wp-json\/wp\/v2\/types\/product"}],"replies":[{"embeddable":true,"href":"https:\/\/www.budream.com\/fr\/wp-json\/wp\/v2\/comments?post=131992"}],"version-history":[{"count":1,"href":"https:\/\/www.budream.com\/fr\/wp-json\/wp\/v2\/product\/131992\/revisions"}],"predecessor-version":[{"id":264337,"href":"https:\/\/www.budream.com\/fr\/wp-json\/wp\/v2\/product\/131992\/revisions\/264337"}],"wp:featuredmedia":[{"embeddable":true,"href":"https:\/\/www.budream.com\/fr\/wp-json\/wp\/v2\/media\/131967"}],"wp:attachment":[{"href":"https:\/\/www.budream.com\/fr\/wp-json\/wp\/v2\/media?parent=131992"}],"wp:term":[{"taxonomy":"product_brand","embeddable":true,"href":"https:\/\/www.budream.com\/fr\/wp-json\/wp\/v2\/product_brand?post=131992"},{"taxonomy":"product_cat","embeddable":true,"href":"https:\/\/www.budream.com\/fr\/wp-json\/wp\/v2\/product_cat?post=131992"},{"taxonomy":"product_tag","embeddable":true,"href":"https:\/\/www.budream.com\/fr\/wp-json\/wp\/v2\/product_tag?post=131992"}],"curies":[{"name":"wp","href":"https:\/\/api.w.org\/{rel}","templated":true}]}}