{"id":132022,"date":"2025-07-31T00:12:13","date_gmt":"2025-07-30T22:12:13","guid":{"rendered":"https:\/\/www.budream.com\/shop\/davinci-miqro-series-bong-adapter-10mm\/"},"modified":"2026-01-09T14:01:10","modified_gmt":"2026-01-09T12:01:10","slug":"davinci-miqro-series-bong-adapter-10mm","status":"publish","type":"product","link":"https:\/\/www.budream.com\/fr\/shop\/davinci-miqro-series-bong-adapter-10mm\/","title":{"rendered":"DAVINCI &#8211; MIQRO SERIES BONG ADAPTER 10mm"},"content":{"rendered":"<p>L&rsquo;adaptateur pour instrument \u00e0 eau de 10 mm rend votre Miqro compatible avec votre bang ou votre pipe \u00e0 eau.<br \/>Cet adaptateur en zircone permet au Miqro de s&rsquo;accoupler \u00e0 n&rsquo;importe quel bang dot\u00e9 d&rsquo;un insert femelle de 10 mm. Il peut \u00e9galement \u00eatre utilis\u00e9 comme \u00ab\u00a0paille\u00a0\u00bb pour les vaporisateurs Miqro <strong>(Miqro et Miqro-C)<\/strong>.<\/p>\n<p><\/p>\n<h2><span style=\"text-decoration: underline\">DAVINCI &#8211; Embout Miqro 10mm :<\/span><\/h2>\n<ul style=\"list-style-type: disc\">\n<li>adaptateur pour Davinci Miqro et Miqro-C<\/li>\n<li>Raccord m\u00e2le de 10 mm<\/li>\n<li>100% zircone<\/li>\n<li><strong>insert en silicone NON inclus<\/strong><\/li>\n<\/ul>\n","protected":false},"excerpt":{"rendered":"<p>L&rsquo;adaptateur pour instrument \u00e0 eau de 10 mm rend votre Miqro compatible avec votre bang ou votre pipe \u00e0 eau.Cet<\/p>\n","protected":false},"featured_media":132017,"comment_status":"open","ping_status":"closed","template":"","meta":[],"product_brand":[],"product_cat":[7910],"product_tag":[],"class_list":{"0":"post-132022","1":"product","2":"type-product","3":"status-publish","4":"has-post-thumbnail","6":"product_cat-vaporisateurs","8":"first","9":"instock","10":"sale","11":"taxable","12":"shipping-taxable","13":"purchasable","14":"product-type-simple"},"aioseo_notices":[],"_links":{"self":[{"href":"https:\/\/www.budream.com\/fr\/wp-json\/wp\/v2\/product\/132022","targetHints":{"allow":["GET"]}}],"collection":[{"href":"https:\/\/www.budream.com\/fr\/wp-json\/wp\/v2\/product"}],"about":[{"href":"https:\/\/www.budream.com\/fr\/wp-json\/wp\/v2\/types\/product"}],"replies":[{"embeddable":true,"href":"https:\/\/www.budream.com\/fr\/wp-json\/wp\/v2\/comments?post=132022"}],"version-history":[{"count":0,"href":"https:\/\/www.budream.com\/fr\/wp-json\/wp\/v2\/product\/132022\/revisions"}],"wp:featuredmedia":[{"embeddable":true,"href":"https:\/\/www.budream.com\/fr\/wp-json\/wp\/v2\/media\/132017"}],"wp:attachment":[{"href":"https:\/\/www.budream.com\/fr\/wp-json\/wp\/v2\/media?parent=132022"}],"wp:term":[{"taxonomy":"product_brand","embeddable":true,"href":"https:\/\/www.budream.com\/fr\/wp-json\/wp\/v2\/product_brand?post=132022"},{"taxonomy":"product_cat","embeddable":true,"href":"https:\/\/www.budream.com\/fr\/wp-json\/wp\/v2\/product_cat?post=132022"},{"taxonomy":"product_tag","embeddable":true,"href":"https:\/\/www.budream.com\/fr\/wp-json\/wp\/v2\/product_tag?post=132022"}],"curies":[{"name":"wp","href":"https:\/\/api.w.org\/{rel}","templated":true}]}}