{"id":132037,"date":"2025-07-31T00:12:41","date_gmt":"2025-07-30T22:12:41","guid":{"rendered":"https:\/\/www.budream.com\/shop\/vapormed-mighty-medic-set-de-pieces-consommables\/"},"modified":"2026-04-24T10:19:25","modified_gmt":"2026-04-24T08:19:25","slug":"vapormed-mighty-medic-set-de-pieces-consommables","status":"publish","type":"product","link":"https:\/\/www.budream.com\/fr\/shop\/vapormed-mighty-medic-set-de-pieces-consommables\/","title":{"rendered":"VAPORMED &#8211; MIGHTY+ MEDIC | SET DE PI\u00c8CES CONSOMMABLES"},"content":{"rendered":"<p>L&rsquo;ensemble de pi\u00e8ces consommables comprend toutes les pi\u00e8ces de rechange n\u00e9cessaires pour remettre \u00e0 neuf l&rsquo;unit\u00e9 de refroidissement Mighty+ Medic.<\/p>\n<h2><strong><span style=\"text-decoration: underline\">VAPORMED &#8211; MIGHTY+ MEDIC | Le kit de pi\u00e8ces d\u00e9tach\u00e9es comprend :<\/span><\/strong><\/h2>\n<ul class=\"ui-tabs-nav ui-helper-reset ui-helper-clearfix ui-widget-header ui-corner-all\">\n<li>3 pi\u00e8ces Embout buccal<\/li>\n<li>1 pi\u00e8ce Unit\u00e9 de refroidissement<\/li>\n<li>1 pc. Jeu de filtres<\/li>\n<li>2 pi\u00e8ces Outil de la chambre de remplissage<\/li>\n<li>1 pc. Brosse de nettoyage<\/li>\n<\/ul>\n","protected":false},"excerpt":{"rendered":"<p>L&rsquo;ensemble de pi\u00e8ces consommables comprend toutes les pi\u00e8ces de rechange n\u00e9cessaires pour remettre \u00e0 neuf l&rsquo;unit\u00e9 de refroidissement Mighty+ Medic.<\/p>\n","protected":false},"featured_media":132027,"comment_status":"open","ping_status":"closed","template":"","meta":[],"product_brand":[],"product_cat":[1179],"product_tag":[],"class_list":{"0":"post-132037","1":"product","2":"type-product","3":"status-publish","4":"has-post-thumbnail","6":"product_cat-vaporizzatori","8":"first","9":"outofstock","10":"taxable","11":"shipping-taxable","12":"purchasable","13":"product-type-simple"},"aioseo_notices":[],"_links":{"self":[{"href":"https:\/\/www.budream.com\/fr\/wp-json\/wp\/v2\/product\/132037","targetHints":{"allow":["GET"]}}],"collection":[{"href":"https:\/\/www.budream.com\/fr\/wp-json\/wp\/v2\/product"}],"about":[{"href":"https:\/\/www.budream.com\/fr\/wp-json\/wp\/v2\/types\/product"}],"replies":[{"embeddable":true,"href":"https:\/\/www.budream.com\/fr\/wp-json\/wp\/v2\/comments?post=132037"}],"version-history":[{"count":1,"href":"https:\/\/www.budream.com\/fr\/wp-json\/wp\/v2\/product\/132037\/revisions"}],"predecessor-version":[{"id":264539,"href":"https:\/\/www.budream.com\/fr\/wp-json\/wp\/v2\/product\/132037\/revisions\/264539"}],"wp:featuredmedia":[{"embeddable":true,"href":"https:\/\/www.budream.com\/fr\/wp-json\/wp\/v2\/media\/132027"}],"wp:attachment":[{"href":"https:\/\/www.budream.com\/fr\/wp-json\/wp\/v2\/media?parent=132037"}],"wp:term":[{"taxonomy":"product_brand","embeddable":true,"href":"https:\/\/www.budream.com\/fr\/wp-json\/wp\/v2\/product_brand?post=132037"},{"taxonomy":"product_cat","embeddable":true,"href":"https:\/\/www.budream.com\/fr\/wp-json\/wp\/v2\/product_cat?post=132037"},{"taxonomy":"product_tag","embeddable":true,"href":"https:\/\/www.budream.com\/fr\/wp-json\/wp\/v2\/product_tag?post=132037"}],"curies":[{"name":"wp","href":"https:\/\/api.w.org\/{rel}","templated":true}]}}