{"id":132067,"date":"2025-07-31T00:13:38","date_gmt":"2025-07-30T22:13:38","guid":{"rendered":"https:\/\/www.budream.com\/shop\/vapormed-volcano-medic-2-set-6-ballons-avec-valve-medic\/"},"modified":"2025-12-23T15:16:11","modified_gmt":"2025-12-23T13:16:11","slug":"vapormed-volcano-medic-2-set-6-ballons-avec-valve-medic","status":"publish","type":"product","link":"https:\/\/www.budream.com\/fr\/shop\/vapormed-volcano-medic-2-set-6-ballons-avec-valve-medic\/","title":{"rendered":"VAPORMED &#8211; VOLCANO MEDIC 2 | SET 6 BALLONS AVEC VALVE MEDIC"},"content":{"rendered":"<p>Lot de 6 ballons Medic Valve pr\u00eats \u00e0 \u00eatre utilis\u00e9s avec Volcano Medic &amp; Medic 2.<br \/>Longueur du ballon environ 60cm.<\/p>\n","protected":false},"excerpt":{"rendered":"<p>Lot de 6 ballons Medic Valve pr\u00eats \u00e0 \u00eatre utilis\u00e9s avec Volcano Medic &amp; Medic 2.Longueur du ballon environ 60cm.<\/p>\n","protected":false},"featured_media":132057,"comment_status":"open","ping_status":"closed","template":"","meta":[],"product_brand":[],"product_cat":[7910],"product_tag":[],"class_list":{"0":"post-132067","1":"product","2":"type-product","3":"status-publish","4":"has-post-thumbnail","6":"product_cat-vaporisateurs","8":"first","9":"instock","10":"sale","11":"taxable","12":"shipping-taxable","13":"purchasable","14":"product-type-simple"},"aioseo_notices":[],"_links":{"self":[{"href":"https:\/\/www.budream.com\/fr\/wp-json\/wp\/v2\/product\/132067","targetHints":{"allow":["GET"]}}],"collection":[{"href":"https:\/\/www.budream.com\/fr\/wp-json\/wp\/v2\/product"}],"about":[{"href":"https:\/\/www.budream.com\/fr\/wp-json\/wp\/v2\/types\/product"}],"replies":[{"embeddable":true,"href":"https:\/\/www.budream.com\/fr\/wp-json\/wp\/v2\/comments?post=132067"}],"version-history":[{"count":0,"href":"https:\/\/www.budream.com\/fr\/wp-json\/wp\/v2\/product\/132067\/revisions"}],"wp:featuredmedia":[{"embeddable":true,"href":"https:\/\/www.budream.com\/fr\/wp-json\/wp\/v2\/media\/132057"}],"wp:attachment":[{"href":"https:\/\/www.budream.com\/fr\/wp-json\/wp\/v2\/media?parent=132067"}],"wp:term":[{"taxonomy":"product_brand","embeddable":true,"href":"https:\/\/www.budream.com\/fr\/wp-json\/wp\/v2\/product_brand?post=132067"},{"taxonomy":"product_cat","embeddable":true,"href":"https:\/\/www.budream.com\/fr\/wp-json\/wp\/v2\/product_cat?post=132067"},{"taxonomy":"product_tag","embeddable":true,"href":"https:\/\/www.budream.com\/fr\/wp-json\/wp\/v2\/product_tag?post=132067"}],"curies":[{"name":"wp","href":"https:\/\/api.w.org\/{rel}","templated":true}]}}