{"id":132227,"date":"2025-07-31T00:19:13","date_gmt":"2025-07-30T22:19:13","guid":{"rendered":"https:\/\/www.budream.com\/shop\/weedlez-active-carbon-filters-classic-o-6mm-50pcs\/"},"modified":"2026-05-13T16:13:02","modified_gmt":"2026-05-13T14:13:02","slug":"weedlez-active-carbon-filters-classic-o-6mm-50pcs","status":"publish","type":"product","link":"https:\/\/www.budream.com\/fr\/shop\/weedlez-active-carbon-filters-classic-o-6mm-50pcs\/","title":{"rendered":"WEEDLEZ &#8211; ACTIVE CARBON FILTERS | CLASSIC \u00d8 6mm &#8211; 50pcs."},"content":{"rendered":"<p>Les nouveaux filtres \u00e0 charbon actif de qualit\u00e9 sup\u00e9rieure <strong>Weedlez<\/strong> FILTER ont d\u00e9sormais un diam\u00e8tre de 6,2 mm et une longueur de 27 mm. Le capuchon en c\u00e9ramique \u00e0 l&rsquo;int\u00e9rieur et la base en cellulose v\u00e9g\u00e9tale \u00e0 l&rsquo;autre extr\u00e9mit\u00e9 permettent d&rsquo;abaisser la temp\u00e9rature de la fum\u00e9e inhal\u00e9e et de filtrer au mieux les poussi\u00e8res fines, SANS ALTERER LE GO\u00dbT jusqu&rsquo;\u00e0 la derni\u00e8re bouff\u00e9e !<\/p>\n<p>es nouveaux filtres \u00e0 charbon actif haut de gamme Weedlez FILTER sont encore plus faciles \u00e0 manipuler, offrent une meilleure prise en main et rendent le roulement encore plus ais\u00e9 !<\/p>\n<h2><span style=\"text-decoration: underline\"><strong>Les avantages du NOUVEAU filtre \u00e0 charbon actif premium Weedlez FILTER d&rsquo;un diam\u00e8tre de 6,2 mm :<\/strong><\/span><\/h2>\n<ul style=\"list-style-type: disc\">\n<li>Rouler devient plus facile<\/li>\n<li>Meilleure prise en main<\/li>\n<li>Ne surchauffe pas<\/li>\n<li>Ne craint pas les variations de temp\u00e9rature ext\u00e9rieure<\/li>\n<li>Con\u00e7u pour le plaisir de partager<\/li>\n<\/ul>\n","protected":false},"excerpt":{"rendered":"<p>Les nouveaux filtres \u00e0 charbon actif de qualit\u00e9 sup\u00e9rieure Weedlez FILTER ont d\u00e9sormais un diam\u00e8tre de 6,2 mm et une<\/p>\n","protected":false},"featured_media":132212,"comment_status":"open","ping_status":"closed","template":"","meta":[],"product_brand":[],"product_cat":[7949],"product_tag":[],"class_list":{"0":"post-132227","1":"product","2":"type-product","3":"status-publish","4":"has-post-thumbnail","6":"product_cat-headshop-fr","8":"first","9":"instock","10":"taxable","11":"shipping-taxable","12":"purchasable","13":"product-type-simple"},"aioseo_notices":[],"_links":{"self":[{"href":"https:\/\/www.budream.com\/fr\/wp-json\/wp\/v2\/product\/132227","targetHints":{"allow":["GET"]}}],"collection":[{"href":"https:\/\/www.budream.com\/fr\/wp-json\/wp\/v2\/product"}],"about":[{"href":"https:\/\/www.budream.com\/fr\/wp-json\/wp\/v2\/types\/product"}],"replies":[{"embeddable":true,"href":"https:\/\/www.budream.com\/fr\/wp-json\/wp\/v2\/comments?post=132227"}],"version-history":[{"count":1,"href":"https:\/\/www.budream.com\/fr\/wp-json\/wp\/v2\/product\/132227\/revisions"}],"predecessor-version":[{"id":265896,"href":"https:\/\/www.budream.com\/fr\/wp-json\/wp\/v2\/product\/132227\/revisions\/265896"}],"wp:featuredmedia":[{"embeddable":true,"href":"https:\/\/www.budream.com\/fr\/wp-json\/wp\/v2\/media\/132212"}],"wp:attachment":[{"href":"https:\/\/www.budream.com\/fr\/wp-json\/wp\/v2\/media?parent=132227"}],"wp:term":[{"taxonomy":"product_brand","embeddable":true,"href":"https:\/\/www.budream.com\/fr\/wp-json\/wp\/v2\/product_brand?post=132227"},{"taxonomy":"product_cat","embeddable":true,"href":"https:\/\/www.budream.com\/fr\/wp-json\/wp\/v2\/product_cat?post=132227"},{"taxonomy":"product_tag","embeddable":true,"href":"https:\/\/www.budream.com\/fr\/wp-json\/wp\/v2\/product_tag?post=132227"}],"curies":[{"name":"wp","href":"https:\/\/api.w.org\/{rel}","templated":true}]}}