{"id":132277,"date":"2025-07-31T00:20:43","date_gmt":"2025-07-30T22:20:43","guid":{"rendered":"https:\/\/www.budream.com\/shop\/davinci-miqro-series-steel-dispensing-capsules-accessory\/"},"modified":"2026-01-30T15:01:40","modified_gmt":"2026-01-30T13:01:40","slug":"davinci-miqro-series-steel-dispensing-capsules-accessory","status":"publish","type":"product","link":"https:\/\/www.budream.com\/fr\/shop\/davinci-miqro-series-steel-dispensing-capsules-accessory\/","title":{"rendered":"DAVINCI &#8211; MIQRO SERIES STEEL DISPENSING CAPSULES | ACCESSORY"},"content":{"rendered":"<p><strong>Un dosage parfait n&rsquo;a jamais \u00e9t\u00e9 aussi facile. <\/strong><\/p>\n<p><span data-contrast=\"none\">Chargez jusqu&rsquo;\u00e0 0,15 g de fleurs et changez facilement les dosettes en cours de route avec les capsules de dosage en acier inoxydable de DaVinci, compatibles avec MIQRO et MIQRO-C. Un four plus propre, un chargement plus rapide, un dosage pr\u00e9cis et un chauffage plus rapide sont \u00e0 port\u00e9e de main avec les capsules de dosage en acier inoxydable<\/span><span data-ccp-props=\"{\">. <\/span><\/p>\n<p><span data-contrast=\"none\">Combinez les capsules avec le kit d&rsquo;extraction DaVinci pour que votre appareil de la s\u00e9rie MIQRO puisse \u00eatre utilis\u00e9 avec des concentr\u00e9s et des huiles<\/span><span data-ccp-props=\"{\">. <\/span><\/p>\n<p><span style=\"text-decoration: underline\"><b><strong>Contenu de la bo\u00eete :<\/strong><\/b><\/span><\/p>\n<ul style=\"list-style-type: disc\">\n<li><span data-contrast=\"none\">6 capsules de dosage en acier<\/span><span data-ccp-props=\"{\"> inoxydable <\/span><span data-contrast=\"none\">de la s\u00e9rie MIQRO<\/span><\/li>\n<li><span data-contrast=\"none\">6 \u00e9tuis en<\/span><span data-ccp-props=\"{\"> silicone <\/span><span data-contrast=\"none\">pour capsules de dosage<\/span><\/li>\n<\/ul>\n","protected":false},"excerpt":{"rendered":"<p>Un dosage parfait n&rsquo;a jamais \u00e9t\u00e9 aussi facile. Chargez jusqu&rsquo;\u00e0 0,15 g de fleurs et changez facilement les dosettes en<\/p>\n","protected":false},"featured_media":132262,"comment_status":"open","ping_status":"closed","template":"","meta":[],"product_brand":[],"product_cat":[7910],"product_tag":[],"class_list":{"0":"post-132277","1":"product","2":"type-product","3":"status-publish","4":"has-post-thumbnail","6":"product_cat-vaporisateurs","8":"first","9":"instock","10":"sale","11":"taxable","12":"shipping-taxable","13":"purchasable","14":"product-type-simple"},"aioseo_notices":[],"_links":{"self":[{"href":"https:\/\/www.budream.com\/fr\/wp-json\/wp\/v2\/product\/132277","targetHints":{"allow":["GET"]}}],"collection":[{"href":"https:\/\/www.budream.com\/fr\/wp-json\/wp\/v2\/product"}],"about":[{"href":"https:\/\/www.budream.com\/fr\/wp-json\/wp\/v2\/types\/product"}],"replies":[{"embeddable":true,"href":"https:\/\/www.budream.com\/fr\/wp-json\/wp\/v2\/comments?post=132277"}],"version-history":[{"count":0,"href":"https:\/\/www.budream.com\/fr\/wp-json\/wp\/v2\/product\/132277\/revisions"}],"wp:featuredmedia":[{"embeddable":true,"href":"https:\/\/www.budream.com\/fr\/wp-json\/wp\/v2\/media\/132262"}],"wp:attachment":[{"href":"https:\/\/www.budream.com\/fr\/wp-json\/wp\/v2\/media?parent=132277"}],"wp:term":[{"taxonomy":"product_brand","embeddable":true,"href":"https:\/\/www.budream.com\/fr\/wp-json\/wp\/v2\/product_brand?post=132277"},{"taxonomy":"product_cat","embeddable":true,"href":"https:\/\/www.budream.com\/fr\/wp-json\/wp\/v2\/product_cat?post=132277"},{"taxonomy":"product_tag","embeddable":true,"href":"https:\/\/www.budream.com\/fr\/wp-json\/wp\/v2\/product_tag?post=132277"}],"curies":[{"name":"wp","href":"https:\/\/api.w.org\/{rel}","templated":true}]}}