{"id":132297,"date":"2025-07-31T00:21:13","date_gmt":"2025-07-30T22:21:13","guid":{"rendered":"https:\/\/www.budream.com\/shop\/davinci-miqro-grinder-series-with-dispensing-capsules-accessoire\/"},"modified":"2025-12-23T21:25:17","modified_gmt":"2025-12-23T19:25:17","slug":"davinci-miqro-grinder-series-with-dispensing-capsules-accessoire","status":"publish","type":"product","link":"https:\/\/www.budream.com\/fr\/shop\/davinci-miqro-grinder-series-with-dispensing-capsules-accessoire\/","title":{"rendered":"DAVINCI &#8211; MIQRO GRINDER SERIES WITH DISPENSING CAPSULES | ACCESSOIRE"},"content":{"rendered":"<p><span data-contrast=\"none\">Remplissez facilement des capsules de dosage pour une utilisation pratique en d\u00e9placement avec le <strong>moulin \u00e0 capsules DaVinci<\/strong>, un moulin unique en quatre parties qui peut remplir jusqu&rsquo;\u00e0 six capsules de dosage \u00e0 la fois <\/span><span data-ccp-props=\"{\">. <\/span><\/p>\n<p><span data-contrast=\"none\">Fabriqu\u00e9 en aluminium de haute qualit\u00e9, le moulin broie les herbes jusqu&rsquo;\u00e0 obtenir une consistance moyenne, parfaite pour \u00eatre consomm\u00e9e comme vous le souhaitez. D&rsquo;une capacit\u00e9 de 0,2 gramme, le moulin peut servir de moulin normal en retirant facilement l&rsquo;anneau de la capsule <\/span><span data-ccp-props=\"{\">. <\/span><\/p>\n<p><span data-contrast=\"none\">Chargement et nettoyage faciles. Appr\u00e9ciez l&rsquo;effort.<\/p>\n<p><\/span><b><strong><span data-contrast=\"none\"><span style=\"text-decoration: underline\">Contenu de la bo\u00eete : <\/span><br \/><\/span><\/strong><\/b><\/p>\n<ul style=\"list-style-type: disc\">\n<li><span data-contrast=\"none\">1 moulin de la s\u00e9rie MIQRO<\/span><\/li>\n<\/ul>\n","protected":false},"excerpt":{"rendered":"<p>Remplissez facilement des capsules de dosage pour une utilisation pratique en d\u00e9placement avec le moulin \u00e0 capsules DaVinci, un moulin<\/p>\n","protected":false},"featured_media":132282,"comment_status":"open","ping_status":"closed","template":"","meta":[],"product_brand":[],"product_cat":[7910],"product_tag":[],"class_list":{"0":"post-132297","1":"product","2":"type-product","3":"status-publish","4":"has-post-thumbnail","6":"product_cat-vaporisateurs","8":"first","9":"instock","10":"sale","11":"taxable","12":"shipping-taxable","13":"purchasable","14":"product-type-simple"},"aioseo_notices":[],"_links":{"self":[{"href":"https:\/\/www.budream.com\/fr\/wp-json\/wp\/v2\/product\/132297","targetHints":{"allow":["GET"]}}],"collection":[{"href":"https:\/\/www.budream.com\/fr\/wp-json\/wp\/v2\/product"}],"about":[{"href":"https:\/\/www.budream.com\/fr\/wp-json\/wp\/v2\/types\/product"}],"replies":[{"embeddable":true,"href":"https:\/\/www.budream.com\/fr\/wp-json\/wp\/v2\/comments?post=132297"}],"version-history":[{"count":0,"href":"https:\/\/www.budream.com\/fr\/wp-json\/wp\/v2\/product\/132297\/revisions"}],"wp:featuredmedia":[{"embeddable":true,"href":"https:\/\/www.budream.com\/fr\/wp-json\/wp\/v2\/media\/132282"}],"wp:attachment":[{"href":"https:\/\/www.budream.com\/fr\/wp-json\/wp\/v2\/media?parent=132297"}],"wp:term":[{"taxonomy":"product_brand","embeddable":true,"href":"https:\/\/www.budream.com\/fr\/wp-json\/wp\/v2\/product_brand?post=132297"},{"taxonomy":"product_cat","embeddable":true,"href":"https:\/\/www.budream.com\/fr\/wp-json\/wp\/v2\/product_cat?post=132297"},{"taxonomy":"product_tag","embeddable":true,"href":"https:\/\/www.budream.com\/fr\/wp-json\/wp\/v2\/product_tag?post=132297"}],"curies":[{"name":"wp","href":"https:\/\/api.w.org\/{rel}","templated":true}]}}