{"id":132317,"date":"2025-07-31T00:21:42","date_gmt":"2025-07-30T22:21:42","guid":{"rendered":"https:\/\/www.budream.com\/shop\/davinci-iq-series-grinder-for-dispensing-capsules-accessoire\/"},"modified":"2025-12-23T21:21:05","modified_gmt":"2025-12-23T19:21:05","slug":"davinci-iq-series-grinder-for-dispensing-capsules-accessoire","status":"publish","type":"product","link":"https:\/\/www.budream.com\/fr\/shop\/davinci-iq-series-grinder-for-dispensing-capsules-accessoire\/","title":{"rendered":"DAVINCI &#8211; IQ SERIES GRINDER FOR DISPENSING CAPSULES | ACCESSOIRE"},"content":{"rendered":"<p>Le moulin \u00e0 herbe Dosing Capsule de DaVinci est fabriqu\u00e9 en aluminium de haute qualit\u00e9 et moud l&rsquo;herbe \u00e0 la consistance moyenne id\u00e9ale tout en remplissant les capsules de dosage de la s\u00e9rie IQ (IQ2 et IQC) en une seule \u00e9tape.<\/p>\n<p>Chargement et nettoyage faciles.<\/p>\n<p>Le moulin \u00e0 herbes avec capsules de dosage peut remplir jusqu&rsquo;\u00e0 6 capsules de dosage tout en broyant le produit. Le moulin \u00e0 herbes avec capsules de dosage peut contenir jusqu&rsquo;\u00e0 0,2 g d&rsquo;herbes moulues et fonctionne comme un moulin normal lorsque l&rsquo;anneau de la capsule de dosage est retir\u00e9.<\/p>\n<p><strong>LES CAPSULES DE DOSAGE SONT VENDUES S\u00c9PAR\u00c9MENT.<\/strong><\/p>\n<p><span data-contrast=\"none\"><br \/><\/span><b><strong><span data-contrast=\"none\"><span style=\"text-decoration: underline\">Contenu de la bo\u00eete : <\/span><br \/><\/span><\/strong><\/b><\/p>\n<ul style=\"list-style-type: disc\">\n<li><span data-contrast=\"none\">1 Moulin pour capsules de dosage<\/span><\/li>\n<\/ul>\n","protected":false},"excerpt":{"rendered":"<p>Le moulin \u00e0 herbe Dosing Capsule de DaVinci est fabriqu\u00e9 en aluminium de haute qualit\u00e9 et moud l&rsquo;herbe \u00e0 la<\/p>\n","protected":false},"featured_media":132302,"comment_status":"open","ping_status":"closed","template":"","meta":[],"product_brand":[],"product_cat":[7910],"product_tag":[],"class_list":{"0":"post-132317","1":"product","2":"type-product","3":"status-publish","4":"has-post-thumbnail","6":"product_cat-vaporisateurs","8":"first","9":"instock","10":"sale","11":"taxable","12":"shipping-taxable","13":"purchasable","14":"product-type-simple"},"aioseo_notices":[],"_links":{"self":[{"href":"https:\/\/www.budream.com\/fr\/wp-json\/wp\/v2\/product\/132317","targetHints":{"allow":["GET"]}}],"collection":[{"href":"https:\/\/www.budream.com\/fr\/wp-json\/wp\/v2\/product"}],"about":[{"href":"https:\/\/www.budream.com\/fr\/wp-json\/wp\/v2\/types\/product"}],"replies":[{"embeddable":true,"href":"https:\/\/www.budream.com\/fr\/wp-json\/wp\/v2\/comments?post=132317"}],"version-history":[{"count":0,"href":"https:\/\/www.budream.com\/fr\/wp-json\/wp\/v2\/product\/132317\/revisions"}],"wp:featuredmedia":[{"embeddable":true,"href":"https:\/\/www.budream.com\/fr\/wp-json\/wp\/v2\/media\/132302"}],"wp:attachment":[{"href":"https:\/\/www.budream.com\/fr\/wp-json\/wp\/v2\/media?parent=132317"}],"wp:term":[{"taxonomy":"product_brand","embeddable":true,"href":"https:\/\/www.budream.com\/fr\/wp-json\/wp\/v2\/product_brand?post=132317"},{"taxonomy":"product_cat","embeddable":true,"href":"https:\/\/www.budream.com\/fr\/wp-json\/wp\/v2\/product_cat?post=132317"},{"taxonomy":"product_tag","embeddable":true,"href":"https:\/\/www.budream.com\/fr\/wp-json\/wp\/v2\/product_tag?post=132317"}],"curies":[{"name":"wp","href":"https:\/\/api.w.org\/{rel}","templated":true}]}}