{"id":132357,"date":"2025-07-31T00:23:11","date_gmt":"2025-07-30T22:23:11","guid":{"rendered":"https:\/\/www.budream.com\/shop\/davinci-miqro-series-doseur-de-capsules-accessoire\/"},"modified":"2025-12-23T21:24:41","modified_gmt":"2025-12-23T19:24:41","slug":"davinci-miqro-series-doseur-de-capsules-accessoire","status":"publish","type":"product","link":"https:\/\/www.budream.com\/fr\/shop\/davinci-miqro-series-doseur-de-capsules-accessoire\/","title":{"rendered":"DAVINCI &#8211; MIQRO SERIES DOSEUR DE CAPSULES | ACCESSOIRE"},"content":{"rendered":"<p><strong>Un dosage parfait n&rsquo;a jamais \u00e9t\u00e9 aussi facile. <\/strong><\/p>\n<p>Le support de la s\u00e9rie Miqro permet de transporter facilement jusqu&rsquo;\u00e0 six capsules de dosage. <br \/>Fabriqu\u00e9 en aluminium anodis\u00e9 et \u00e9quip\u00e9 d&rsquo;un outil suppl\u00e9mentaire pour retirer les capsules chaudes, vous serez pr\u00eat pour la journ\u00e9e avec des capsules \u00e0 port\u00e9e de main.<\/p>\n<p><span data-contrast=\"none\">Combinez les capsules avec le kit d&rsquo;extraction DaVinci pour que votre appareil de la s\u00e9rie MIQRO puisse \u00eatre utilis\u00e9 avec des concentr\u00e9s et des huiles<\/span><span data-ccp-props=\"{\">. <\/span><\/p>\n<p><span style=\"text-decoration: underline\"><b><strong>Contenu de la bo\u00eete :<\/strong><\/b><\/span><\/p>\n<ul style=\"list-style-type: disc\">\n<li>1 porte-capsule de dosage MIQRO Series<\/li>\n<\/ul>\n<p><strong> * Capsules de dosage vendues s\u00e9par\u00e9ment<\/strong><\/p>\n","protected":false},"excerpt":{"rendered":"<p>Un dosage parfait n&rsquo;a jamais \u00e9t\u00e9 aussi facile. Le support de la s\u00e9rie Miqro permet de transporter facilement jusqu&rsquo;\u00e0 six<\/p>\n","protected":false},"featured_media":132342,"comment_status":"open","ping_status":"closed","template":"","meta":[],"product_brand":[],"product_cat":[7910],"product_tag":[],"class_list":{"0":"post-132357","1":"product","2":"type-product","3":"status-publish","4":"has-post-thumbnail","6":"product_cat-vaporisateurs","8":"first","9":"instock","10":"sale","11":"taxable","12":"shipping-taxable","13":"purchasable","14":"product-type-simple"},"aioseo_notices":[],"_links":{"self":[{"href":"https:\/\/www.budream.com\/fr\/wp-json\/wp\/v2\/product\/132357","targetHints":{"allow":["GET"]}}],"collection":[{"href":"https:\/\/www.budream.com\/fr\/wp-json\/wp\/v2\/product"}],"about":[{"href":"https:\/\/www.budream.com\/fr\/wp-json\/wp\/v2\/types\/product"}],"replies":[{"embeddable":true,"href":"https:\/\/www.budream.com\/fr\/wp-json\/wp\/v2\/comments?post=132357"}],"version-history":[{"count":0,"href":"https:\/\/www.budream.com\/fr\/wp-json\/wp\/v2\/product\/132357\/revisions"}],"wp:featuredmedia":[{"embeddable":true,"href":"https:\/\/www.budream.com\/fr\/wp-json\/wp\/v2\/media\/132342"}],"wp:attachment":[{"href":"https:\/\/www.budream.com\/fr\/wp-json\/wp\/v2\/media?parent=132357"}],"wp:term":[{"taxonomy":"product_brand","embeddable":true,"href":"https:\/\/www.budream.com\/fr\/wp-json\/wp\/v2\/product_brand?post=132357"},{"taxonomy":"product_cat","embeddable":true,"href":"https:\/\/www.budream.com\/fr\/wp-json\/wp\/v2\/product_cat?post=132357"},{"taxonomy":"product_tag","embeddable":true,"href":"https:\/\/www.budream.com\/fr\/wp-json\/wp\/v2\/product_tag?post=132357"}],"curies":[{"name":"wp","href":"https:\/\/api.w.org\/{rel}","templated":true}]}}