{"id":132402,"date":"2025-07-31T00:24:19","date_gmt":"2025-07-30T22:24:19","guid":{"rendered":"https:\/\/www.budream.com\/shop\/groove-bong-round-tube-h-18cm\/"},"modified":"2026-03-06T13:42:04","modified_gmt":"2026-03-06T11:42:04","slug":"groove-bong-round-tube-h-18cm","status":"publish","type":"product","link":"https:\/\/www.budream.com\/fr\/shop\/groove-bong-round-tube-h-18cm\/","title":{"rendered":"GROOVE &#8211; BONG ROUND TUBE | h.18cm"},"content":{"rendered":"<p><span data-contrast=\"none\">Produits en verre, fonctionnels et fiables, <strong>la ligne Groove Glass<\/strong> est fabriqu\u00e9e \u00e0 partir de mat\u00e9riaux de haute qualit\u00e9 et pr\u00e9sente un aspect \u00e9pur\u00e9 et classique. Le verre transparent avec des accents noirs rend ces produits intemporels et \u00e0 la mode <\/span><span data-ccp-props=\"{\">. <\/span><\/p>\n<p><span data-contrast=\"none\">Con\u00e7ue avec des raccords en verre d\u00e9poli et dot\u00e9e d&rsquo;un brasero de 14 mm d&rsquo;une hauteur totale de 18 cm, la pipe \u00e0 eau Round Tube Bong offre une exp\u00e9rience douce et impressionnante <\/span><span data-ccp-props=\"{\">. <\/span><\/p>\n<h2><span style=\"font-size: 14pt\"><strong><span style=\"text-decoration: underline\">Caract\u00e9ristiques du Round Tube :<\/span><\/strong><\/span><\/h2>\n<ul style=\"list-style-type: disc\">\n<li data-mce-fragment=\"1\" data-aria-level=\"1\" data-aria-posinset=\"1\" data-list-defn-props=\"{\" data-listid=\"1\" data-font=\"Symbol\" data-leveltext=\"\uf0b7\"><span data-mce-fragment=\"1\" data-contrast=\"none\">Verre transparent avec accents <\/span><span data-mce-fragment=\"1\" data-ccp-props=\"{\"> noirs <\/span><\/li>\n<li data-mce-fragment=\"1\" data-aria-level=\"1\" data-aria-posinset=\"2\" data-list-defn-props=\"{\" data-listid=\"1\" data-font=\"Symbol\" data-leveltext=\"\uf0b7\"><span data-mce-fragment=\"1\" data-contrast=\"none\">Raccords en verre <\/span><span data-mce-fragment=\"1\" data-ccp-props=\"{\"> d\u00e9poli <\/span><\/li>\n<li data-mce-fragment=\"1\" data-aria-level=\"1\" data-aria-posinset=\"3\" data-list-defn-props=\"{\" data-listid=\"1\" data-font=\"Symbol\" data-leveltext=\"\uf0b7\"><span data-mce-fragment=\"1\" data-contrast=\"none\">Comprend un brasero de 14 mm<\/span><\/li>\n<li data-mce-fragment=\"1\" data-aria-level=\"1\" data-aria-posinset=\"4\" data-list-defn-props=\"{\" data-listid=\"1\" data-font=\"Symbol\" data-leveltext=\"\uf0b7\"><span data-mce-fragment=\"1\" data-contrast=\"none\">Hauteur<\/span><span data-mce-fragment=\"1\" data-ccp-props=\"{\"> totale de<\/span><span data-mce-fragment=\"1\" data-contrast=\"none\">18 centim\u00e8tres<\/span><\/li>\n<\/ul>\n","protected":false},"excerpt":{"rendered":"<p>Produits en verre, fonctionnels et fiables, la ligne Groove Glass est fabriqu\u00e9e \u00e0 partir de mat\u00e9riaux de haute qualit\u00e9 et<\/p>\n","protected":false},"featured_media":132377,"comment_status":"open","ping_status":"closed","template":"","meta":[],"product_brand":[],"product_cat":[7949],"product_tag":[],"class_list":{"0":"post-132402","1":"product","2":"type-product","3":"status-publish","4":"has-post-thumbnail","6":"product_cat-headshop-fr","8":"first","9":"instock","10":"taxable","11":"shipping-taxable","12":"purchasable","13":"product-type-simple"},"aioseo_notices":[],"_links":{"self":[{"href":"https:\/\/www.budream.com\/fr\/wp-json\/wp\/v2\/product\/132402","targetHints":{"allow":["GET"]}}],"collection":[{"href":"https:\/\/www.budream.com\/fr\/wp-json\/wp\/v2\/product"}],"about":[{"href":"https:\/\/www.budream.com\/fr\/wp-json\/wp\/v2\/types\/product"}],"replies":[{"embeddable":true,"href":"https:\/\/www.budream.com\/fr\/wp-json\/wp\/v2\/comments?post=132402"}],"version-history":[{"count":0,"href":"https:\/\/www.budream.com\/fr\/wp-json\/wp\/v2\/product\/132402\/revisions"}],"wp:featuredmedia":[{"embeddable":true,"href":"https:\/\/www.budream.com\/fr\/wp-json\/wp\/v2\/media\/132377"}],"wp:attachment":[{"href":"https:\/\/www.budream.com\/fr\/wp-json\/wp\/v2\/media?parent=132402"}],"wp:term":[{"taxonomy":"product_brand","embeddable":true,"href":"https:\/\/www.budream.com\/fr\/wp-json\/wp\/v2\/product_brand?post=132402"},{"taxonomy":"product_cat","embeddable":true,"href":"https:\/\/www.budream.com\/fr\/wp-json\/wp\/v2\/product_cat?post=132402"},{"taxonomy":"product_tag","embeddable":true,"href":"https:\/\/www.budream.com\/fr\/wp-json\/wp\/v2\/product_tag?post=132402"}],"curies":[{"name":"wp","href":"https:\/\/api.w.org\/{rel}","templated":true}]}}