{"id":132412,"date":"2025-07-31T00:24:49","date_gmt":"2025-07-30T22:24:49","guid":{"rendered":"https:\/\/www.budream.com\/shop\/davinci-iqc-aroma-chamber-stash-tube\/"},"modified":"2025-12-23T21:18:48","modified_gmt":"2025-12-23T19:18:48","slug":"davinci-iqc-aroma-chamber-stash-tube","status":"publish","type":"product","link":"https:\/\/www.budream.com\/fr\/shop\/davinci-iqc-aroma-chamber-stash-tube\/","title":{"rendered":"DAVINCI &#8211; IQC AROMA CHAMBER STASH TUBE"},"content":{"rendered":"<p>Chambre d&rsquo;ar\u00f4me en c\u00e9ramique (Stash Tube) pour cr\u00e9er des combinaisons de saveurs exotiques tout en vaporisant de l&rsquo;herbe avec votre Davinci IQC.<br \/>Ce dispositif vous permet de varier et d&rsquo;ajuster la saveur de votre vapeur. De nombreux utilisateurs de l&rsquo;IQC qui appr\u00e9cient cette fonction disposent de plusieurs chambres, afin que chacune d&rsquo;entre elles soit d\u00e9di\u00e9e \u00e0 un ar\u00f4me unique et pur.<\/p>\n<h2><span style=\"text-decoration: underline\">DAVINCI &#8211; IQC AROMA CHAMBER :<\/span><\/h2>\n<ul style=\"list-style-type: disc\">\n<li>Chambre d&rsquo;aromatisation pour IQC ;<\/li>\n<li>100% zircone ;<\/li>\n<li>peut contenir des herbes ;<\/li>\n<li>ne fonctionne pas avec le Davinci IQ2 ;<\/li>\n<\/ul>\n","protected":false},"excerpt":{"rendered":"<p>Chambre d&rsquo;ar\u00f4me en c\u00e9ramique (Stash Tube) pour cr\u00e9er des combinaisons de saveurs exotiques tout en vaporisant de l&rsquo;herbe avec votre<\/p>\n","protected":false},"featured_media":132407,"comment_status":"open","ping_status":"closed","template":"","meta":[],"product_brand":[],"product_cat":[7910],"product_tag":[],"class_list":{"0":"post-132412","1":"product","2":"type-product","3":"status-publish","4":"has-post-thumbnail","6":"product_cat-vaporisateurs","8":"first","9":"instock","10":"taxable","11":"shipping-taxable","12":"purchasable","13":"product-type-simple"},"aioseo_notices":[],"_links":{"self":[{"href":"https:\/\/www.budream.com\/fr\/wp-json\/wp\/v2\/product\/132412","targetHints":{"allow":["GET"]}}],"collection":[{"href":"https:\/\/www.budream.com\/fr\/wp-json\/wp\/v2\/product"}],"about":[{"href":"https:\/\/www.budream.com\/fr\/wp-json\/wp\/v2\/types\/product"}],"replies":[{"embeddable":true,"href":"https:\/\/www.budream.com\/fr\/wp-json\/wp\/v2\/comments?post=132412"}],"version-history":[{"count":0,"href":"https:\/\/www.budream.com\/fr\/wp-json\/wp\/v2\/product\/132412\/revisions"}],"wp:featuredmedia":[{"embeddable":true,"href":"https:\/\/www.budream.com\/fr\/wp-json\/wp\/v2\/media\/132407"}],"wp:attachment":[{"href":"https:\/\/www.budream.com\/fr\/wp-json\/wp\/v2\/media?parent=132412"}],"wp:term":[{"taxonomy":"product_brand","embeddable":true,"href":"https:\/\/www.budream.com\/fr\/wp-json\/wp\/v2\/product_brand?post=132412"},{"taxonomy":"product_cat","embeddable":true,"href":"https:\/\/www.budream.com\/fr\/wp-json\/wp\/v2\/product_cat?post=132412"},{"taxonomy":"product_tag","embeddable":true,"href":"https:\/\/www.budream.com\/fr\/wp-json\/wp\/v2\/product_tag?post=132412"}],"curies":[{"name":"wp","href":"https:\/\/api.w.org\/{rel}","templated":true}]}}