{"id":132467,"date":"2025-07-31T00:27:29","date_gmt":"2025-07-30T22:27:29","guid":{"rendered":"https:\/\/www.budream.com\/shop\/kit-di-aspirazione-e-filtraggio-100-o100mm-250mc-h\/"},"modified":"2026-03-03T22:28:31","modified_gmt":"2026-03-03T20:28:31","slug":"kit-di-aspirazione-e-filtraggio-100-o100mm-250mc-h","status":"publish","type":"product","link":"https:\/\/www.budream.com\/fr\/shop\/kit-di-aspirazione-e-filtraggio-100-o100mm-250mc-h\/","title":{"rendered":"KIT DE PURIFICATION ET DE FILTRATION DE L&rsquo;AIR 100 | \u00d8100mm &#8211; 250mc\/h"},"content":{"rendered":"<p><strong>Kit d&rsquo;aspiration complet<\/strong> extr\u00eamement abordable, id\u00e9al pour tous les cultivateurs qui veulent assurer une qualit\u00e9 d&rsquo;air parfaite dans leurs growboxes ou leurs serres. C&rsquo;est essentiel pour que les plantes poussent rapidement et sainement. Le kit se compose d&rsquo;un extracteur Vents, d&rsquo;un filtre \u00e0 charbon actif PrimaKlima et de tous les accessoires n\u00e9cessaires pour connecter les diff\u00e9rents composants, cr\u00e9ant ainsi un syst\u00e8me complet d&rsquo;admission d&rsquo;air.<\/p>\n<p>Le kit est mont\u00e9 \u00e0 l&rsquo;int\u00e9rieur de la bo\u00eete et l&rsquo;air est expuls\u00e9 \u00e0 l&rsquo;aide du tuyau inclus dans l&#8217;emballage. En g\u00e9n\u00e9ral, la cr\u00e9ation d&rsquo;un l\u00e9ger vide est suffisante pour permettre \u00e0 l&rsquo;air frais d&rsquo;entrer par les ouvertures d&rsquo;a\u00e9ration de la bo\u00eete de culture, sans qu&rsquo;il soit n\u00e9cessaire d&rsquo;utiliser un syst\u00e8me de ventilation suppl\u00e9mentaire.<\/p>\n<p>Le ventilateur centrifuge VK Vents de 100 mm de diam\u00e8tre a un d\u00e9bit accru de 250 mc\/h. Fabriqu\u00e9 en technopolym\u00e8re auto-extinguible, il garantit un flux d&rsquo;air plus puissant que les extracteurs centrifuges conventionnels. Convient pour l&rsquo;aspiration dans les petites chambres de culture.<\/p>\n<p>Le kit d&rsquo;aspiration 100 est recommand\u00e9 pour une <strong>growbox d&rsquo;<\/strong> une surface de <strong>80x80cm.<\/strong><\/p>\n<h2><span style=\"text-decoration: underline\"><b>Caract\u00e9ristiques de l&rsquo;aspirateur :<\/b><\/span><\/h2>\n<ul style=\"list-style-type: disc\">\n<li>Fourni avec des supports pour le positionnement<\/li>\n<li>Moteur \u00e9quilibr\u00e9 pour minimiser les vibrations<\/li>\n<li>Vitesse r\u00e9glable gr\u00e2ce \u00e0 un r\u00e9gulateur de vitesse \u00e9lectronique (peut \u00eatre achet\u00e9 s\u00e9par\u00e9ment)<\/li>\n<li>Moteur mont\u00e9 sur roulements \u00e0 billes<\/li>\n<li>Protection thermique<\/li>\n<li>Coque en plastique anti-chocs<\/li>\n<li>Faible bruit = 40dbA \u00e0 3m<\/li>\n<\/ul>\n<p><\/p>\n<h2><span style=\"text-decoration: underline\"><b>Caract\u00e9ristiques du filtre<\/b><\/span><\/h2>\n<ul style=\"list-style-type: disc\">\n<li><strong>Hauteur :<\/strong> 250mm<\/li>\n<li><strong>Bride :<\/strong> 100mm<\/li>\n<li><strong>Poids :<\/strong> 2.4 Kg<\/li>\n<li><strong>D\u00e9bit MAX :<\/strong> 360 m3\/h<\/li>\n<li><strong>D\u00e9bit recommand\u00e9 :<\/strong> 240 m3\/h<\/li>\n<li><strong>Mod\u00e8le :<\/strong> K2600<\/li>\n<li><strong>Dur\u00e9e de vie moyenne :<\/strong> 15 mois<\/li>\n<li>Non rechargeable<\/li>\n<\/ul>\n<p><b>L&#8217;emballage contient :<\/b><\/p>\n<ul style=\"list-style-type: disc\">\n<li>VENTS &#8211; ASPIRATEUR CABLE VK100 | &Oslash; 100mm &#8211; 250mc\/h<\/li>\n<li>FIRST KLIMA &#8211; FILTRE A CARBONE ACTIVE K2600 MAX 360 &#8211; OPT 240MC\/H FLANGE &Oslash; 100mm<\/li>\n<li>COLLIER DE SERRAGE AVEC SUPPORT DE SUSPENSION ET JOINT D&rsquo;ECHAPPEMENT CZ100<\/li>\n<li>TUYAU PVC R\u00c9SISTANT DIAM\u00c8TRE 102MM LONGUEUR 3M<\/li>\n<li>colliers de serrage en m\u00e9tal 90-110mm<\/li>\n<\/ul>\n","protected":false},"excerpt":{"rendered":"<p>Kit d&rsquo;aspiration complet extr\u00eamement abordable, id\u00e9al pour tous les cultivateurs qui veulent assurer une qualit\u00e9 d&rsquo;air parfaite dans leurs growboxes<\/p>\n","protected":false},"featured_media":132462,"comment_status":"open","ping_status":"closed","template":"","meta":[],"product_brand":[],"product_cat":[7946],"product_tag":[],"class_list":{"0":"post-132467","1":"product","2":"type-product","3":"status-publish","4":"has-post-thumbnail","6":"product_cat-ventilateurs-et-extracteurs","8":"first","9":"instock","10":"taxable","11":"shipping-taxable","12":"purchasable","13":"product-type-simple"},"_links":{"self":[{"href":"https:\/\/www.budream.com\/fr\/wp-json\/wp\/v2\/product\/132467","targetHints":{"allow":["GET"]}}],"collection":[{"href":"https:\/\/www.budream.com\/fr\/wp-json\/wp\/v2\/product"}],"about":[{"href":"https:\/\/www.budream.com\/fr\/wp-json\/wp\/v2\/types\/product"}],"replies":[{"embeddable":true,"href":"https:\/\/www.budream.com\/fr\/wp-json\/wp\/v2\/comments?post=132467"}],"version-history":[{"count":0,"href":"https:\/\/www.budream.com\/fr\/wp-json\/wp\/v2\/product\/132467\/revisions"}],"wp:featuredmedia":[{"embeddable":true,"href":"https:\/\/www.budream.com\/fr\/wp-json\/wp\/v2\/media\/132462"}],"wp:attachment":[{"href":"https:\/\/www.budream.com\/fr\/wp-json\/wp\/v2\/media?parent=132467"}],"wp:term":[{"taxonomy":"product_brand","embeddable":true,"href":"https:\/\/www.budream.com\/fr\/wp-json\/wp\/v2\/product_brand?post=132467"},{"taxonomy":"product_cat","embeddable":true,"href":"https:\/\/www.budream.com\/fr\/wp-json\/wp\/v2\/product_cat?post=132467"},{"taxonomy":"product_tag","embeddable":true,"href":"https:\/\/www.budream.com\/fr\/wp-json\/wp\/v2\/product_tag?post=132467"}],"curies":[{"name":"wp","href":"https:\/\/api.w.org\/{rel}","templated":true}]}}