{"id":132477,"date":"2025-07-31T00:27:56","date_gmt":"2025-07-30T22:27:56","guid":{"rendered":"https:\/\/www.budream.com\/shop\/kit-di-aspirazione-e-filtraggio-125-o125mm-360mc-h\/"},"modified":"2026-01-07T17:24:11","modified_gmt":"2026-01-07T15:24:11","slug":"kit-di-aspirazione-e-filtraggio-125-o125mm-360mc-h","status":"publish","type":"product","link":"https:\/\/www.budream.com\/fr\/shop\/kit-di-aspirazione-e-filtraggio-125-o125mm-360mc-h\/","title":{"rendered":"KIT D&rsquo;ASPIRATION ET DE FILTRATION 125 | \u00d8125mm &#8211; 360mc\/h"},"content":{"rendered":"<p><strong>Kit d&rsquo;aspiration complet<\/strong> extr\u00eamement abordable, id\u00e9al pour tous les cultivateurs qui veulent assurer une qualit\u00e9 d&rsquo;air parfaite dans leurs growboxes ou leurs serres. C&rsquo;est essentiel pour que les plantes poussent rapidement et sainement. Le kit se compose d&rsquo;un extracteur Vents, d&rsquo;un filtre \u00e0 charbon actif PrimaKlima et de tous les accessoires n\u00e9cessaires pour connecter les diff\u00e9rents composants, cr\u00e9ant ainsi un syst\u00e8me complet d&rsquo;admission d&rsquo;air.<\/p>\n<p>Le kit est mont\u00e9 \u00e0 l&rsquo;int\u00e9rieur de la bo\u00eete et l&rsquo;air est expuls\u00e9 \u00e0 l&rsquo;aide du tuyau inclus dans l&#8217;emballage. En g\u00e9n\u00e9ral, la cr\u00e9ation d&rsquo;un l\u00e9ger vide est suffisante pour permettre \u00e0 l&rsquo;air frais d&rsquo;entrer par les ouvertures d&rsquo;a\u00e9ration de la bo\u00eete de culture, sans qu&rsquo;il soit n\u00e9cessaire d&rsquo;utiliser un syst\u00e8me de ventilation suppl\u00e9mentaire.<\/p>\n<p>Le ventilateur centrifuge VK Vents de 125 mm de diam\u00e8tre a un d\u00e9bit accru de 355 mc\/h. Fabriqu\u00e9 en technopolym\u00e8re auto-extinguible, il garantit un flux d&rsquo;air plus puissant que les extracteurs centrifuges conventionnels. Convient pour l&rsquo;aspiration dans les salles de culture de petite et moyenne taille.<\/p>\n<p>Le kit d&rsquo;aspiration 125 est recommand\u00e9 pour une <strong>growbox d&rsquo;<\/strong> une surface de <strong>100x100cm.<\/strong><\/p>\n<h2><span style=\"text-decoration: underline\"><b>Caract\u00e9ristiques de l&rsquo;aspirateur :<\/b><\/span><\/h2>\n<ul style=\"list-style-type: disc\">\n<li>Fourni avec des supports pour le positionnement<\/li>\n<li>Moteur \u00e9quilibr\u00e9 pour minimiser les vibrations<\/li>\n<li>Vitesse r\u00e9glable gr\u00e2ce \u00e0 un r\u00e9gulateur de vitesse \u00e9lectronique (peut \u00eatre achet\u00e9 s\u00e9par\u00e9ment)<\/li>\n<li>Moteur mont\u00e9 sur roulements \u00e0 billes<\/li>\n<li>Protection thermique<\/li>\n<li>Coque en plastique anti-chocs<\/li>\n<li>Faible bruit = 40dbA \u00e0 3m<\/li>\n<\/ul>\n<p><\/p>\n<h2><span style=\"text-decoration: underline\"><b>Caract\u00e9ristiques du filtre<\/b><\/span><\/h2>\n<ul style=\"list-style-type: disc\">\n<li><strong>Hauteur :<\/strong> 400mm<\/li>\n<li><strong>Bride :<\/strong> 125mm<\/li>\n<li><strong>Poids :<\/strong> 3.2 Kg<\/li>\n<li><strong>D\u00e9bit MAX :<\/strong> 480 m3\/h<\/li>\n<li><strong>D\u00e9bit recommand\u00e9 :<\/strong> 360 m3\/h<\/li>\n<li><strong>Mod\u00e8le :<\/strong> K2601<\/li>\n<li><strong>Dur\u00e9e de vie moyenne :<\/strong> 15 mois<\/li>\n<li>Non rechargeable<\/li>\n<\/ul>\n<p><b>Le paquet contient :<\/b><\/p>\n<ul style=\"list-style-type: disc\">\n<li>VENTS &#8211; VK125 ASPIRATEUR CABLED | &Oslash; 125mm &#8211; 355mc\/h<\/li>\n<li>FILTRES \u00c0 CHARBON ACTIF K2601 MAX 480 &#8211; OPT 360MC\/H BRIDE 125MM PRIMA KLIMA<\/li>\n<li>COLLIER DE SERRAGE AVEC SUPPORT DE SUSPENSION ET JOINT D&rsquo;ETANCHEITE A\u00c9RATEURS CZ125<\/li>\n<li>TUYAU FLEXIBLE EN PVC R\u00c9SISTANT DIAM\u00c8TRE 127MM LONGUEUR 3M<\/li>\n<li>colliers de serrage en m\u00e9tal 110-130mm<\/li>\n<\/ul>\n","protected":false},"excerpt":{"rendered":"<p>Kit d&rsquo;aspiration complet extr\u00eamement abordable, id\u00e9al pour tous les cultivateurs qui veulent assurer une qualit\u00e9 d&rsquo;air parfaite dans leurs growboxes<\/p>\n","protected":false},"featured_media":132472,"comment_status":"open","ping_status":"closed","template":"","meta":[],"product_brand":[],"product_cat":[7946],"product_tag":[],"class_list":{"0":"post-132477","1":"product","2":"type-product","3":"status-publish","4":"has-post-thumbnail","6":"product_cat-ventilateurs-et-extracteurs","8":"first","9":"instock","10":"taxable","11":"shipping-taxable","12":"purchasable","13":"product-type-simple"},"_links":{"self":[{"href":"https:\/\/www.budream.com\/fr\/wp-json\/wp\/v2\/product\/132477","targetHints":{"allow":["GET"]}}],"collection":[{"href":"https:\/\/www.budream.com\/fr\/wp-json\/wp\/v2\/product"}],"about":[{"href":"https:\/\/www.budream.com\/fr\/wp-json\/wp\/v2\/types\/product"}],"replies":[{"embeddable":true,"href":"https:\/\/www.budream.com\/fr\/wp-json\/wp\/v2\/comments?post=132477"}],"version-history":[{"count":0,"href":"https:\/\/www.budream.com\/fr\/wp-json\/wp\/v2\/product\/132477\/revisions"}],"wp:featuredmedia":[{"embeddable":true,"href":"https:\/\/www.budream.com\/fr\/wp-json\/wp\/v2\/media\/132472"}],"wp:attachment":[{"href":"https:\/\/www.budream.com\/fr\/wp-json\/wp\/v2\/media?parent=132477"}],"wp:term":[{"taxonomy":"product_brand","embeddable":true,"href":"https:\/\/www.budream.com\/fr\/wp-json\/wp\/v2\/product_brand?post=132477"},{"taxonomy":"product_cat","embeddable":true,"href":"https:\/\/www.budream.com\/fr\/wp-json\/wp\/v2\/product_cat?post=132477"},{"taxonomy":"product_tag","embeddable":true,"href":"https:\/\/www.budream.com\/fr\/wp-json\/wp\/v2\/product_tag?post=132477"}],"curies":[{"name":"wp","href":"https:\/\/api.w.org\/{rel}","templated":true}]}}