{"id":132517,"date":"2025-07-31T00:29:24","date_gmt":"2025-07-30T22:29:24","guid":{"rendered":"https:\/\/www.budream.com\/shop\/kenex-simplex100-balance-max-100-grammes-pas-0-01g\/"},"modified":"2026-03-23T16:24:25","modified_gmt":"2026-03-23T14:24:25","slug":"kenex-simplex100-balance-max-100-grammes-pas-0-01g","status":"publish","type":"product","link":"https:\/\/www.budream.com\/fr\/shop\/kenex-simplex100-balance-max-100-grammes-pas-0-01g\/","title":{"rendered":"KENEX &#8211; SIMPLEX100 BALANCE | MAX 100 GRAMMES PAS 0.01G"},"content":{"rendered":"<p>La s\u00e9rie Simplex est le mod\u00e8le le plus \u00e9conomique des balances Kenex avec le pas de pes\u00e9e de 0.01gr. Tr\u00e8s pratique pour vos pr\u00e9parations culinaires ou pour le dosage d&rsquo;<strong>engrais<\/strong> pour vos <strong>solutions nutritives<\/strong>. <strong><br \/><\/strong><\/p>\n<h2><strong><span style=\"text-decoration: underline\">Caract\u00e9ristiques Balance num\u00e9rique Kenex Simplex100 :<\/span><\/strong><\/h2>\n<ul style=\"list-style-type: disc\">\n<li>Couleur : Noir<\/li>\n<li>Capacit\u00e9 : 100 g<\/li>\n<li>Pr\u00e9cision (&plusmn;) : 0.01 g<\/li>\n<li>Balance de pr\u00e9cision en plastique<\/li>\n<li>Couvercle amovible servant de plateau<\/li>\n<li>Protection contre les surcharges<\/li>\n<li>5 modes de pes\u00e9e : g\/oz\/ct\/ozt\/dwt<\/li>\n<li>Fonction d&rsquo;arr\u00eat automatique apr\u00e8s 180 secondes<\/li>\n<\/ul>\n","protected":false},"excerpt":{"rendered":"<p>La s\u00e9rie Simplex est le mod\u00e8le le plus \u00e9conomique des balances Kenex avec le pas de pes\u00e9e de 0.01gr. Tr\u00e8s<\/p>\n","protected":false},"featured_media":132502,"comment_status":"open","ping_status":"closed","template":"","meta":[],"product_brand":[],"product_cat":[7949],"product_tag":[],"class_list":{"0":"post-132517","1":"product","2":"type-product","3":"status-publish","4":"has-post-thumbnail","6":"product_cat-headshop-fr","8":"first","9":"instock","10":"taxable","11":"shipping-taxable","12":"purchasable","13":"product-type-simple"},"_links":{"self":[{"href":"https:\/\/www.budream.com\/fr\/wp-json\/wp\/v2\/product\/132517","targetHints":{"allow":["GET"]}}],"collection":[{"href":"https:\/\/www.budream.com\/fr\/wp-json\/wp\/v2\/product"}],"about":[{"href":"https:\/\/www.budream.com\/fr\/wp-json\/wp\/v2\/types\/product"}],"replies":[{"embeddable":true,"href":"https:\/\/www.budream.com\/fr\/wp-json\/wp\/v2\/comments?post=132517"}],"version-history":[{"count":0,"href":"https:\/\/www.budream.com\/fr\/wp-json\/wp\/v2\/product\/132517\/revisions"}],"wp:featuredmedia":[{"embeddable":true,"href":"https:\/\/www.budream.com\/fr\/wp-json\/wp\/v2\/media\/132502"}],"wp:attachment":[{"href":"https:\/\/www.budream.com\/fr\/wp-json\/wp\/v2\/media?parent=132517"}],"wp:term":[{"taxonomy":"product_brand","embeddable":true,"href":"https:\/\/www.budream.com\/fr\/wp-json\/wp\/v2\/product_brand?post=132517"},{"taxonomy":"product_cat","embeddable":true,"href":"https:\/\/www.budream.com\/fr\/wp-json\/wp\/v2\/product_cat?post=132517"},{"taxonomy":"product_tag","embeddable":true,"href":"https:\/\/www.budream.com\/fr\/wp-json\/wp\/v2\/product_tag?post=132517"}],"curies":[{"name":"wp","href":"https:\/\/api.w.org\/{rel}","templated":true}]}}