{"id":132592,"date":"2025-07-31T00:32:04","date_gmt":"2025-07-30T22:32:04","guid":{"rendered":"https:\/\/www.budream.com\/shop\/ccell-m3-battery-with-510-350-mah-attachment\/"},"modified":"2026-03-24T18:44:04","modified_gmt":"2026-03-24T16:44:04","slug":"ccell-m3-battery-with-510-350-mah-attachment","status":"publish","type":"product","link":"https:\/\/www.budream.com\/fr\/shop\/ccell-m3-battery-with-510-350-mah-attachment\/","title":{"rendered":"CCELL &#8211; M3 BATTERY WITH 510 | 350 mAh ATTACHMENT"},"content":{"rendered":"<p>Le design en forme de stylo rend la <strong>batterie M3<\/strong> pratique \u00e0 transporter. Son bo\u00eetier est en acier inoxydable et le chargement s&rsquo;effectue via le connecteur 510\/USB fourni. L&rsquo;<strong>activation de la r\u00e9sistance par inhalation<\/strong>, le r\u00e9glage optimal de la temp\u00e9rature <strong>par auto-adaptation<\/strong> et la conception sans bouton rendent la M3 parfaite pour chaque cartouche et facile \u00e0 utiliser.<\/p>\n<p>Gr\u00e2ce \u00e0 des tests approfondis, les ing\u00e9nieurs de CCELL ont finalement atteint l&rsquo;\u00e9quilibre parfait entre haute performance et design compact. Tandis que le taux de d\u00e9charge \u00e9lev\u00e9 fournit une quantit\u00e9 g\u00e9n\u00e9reuse de vapeur, la taille de l&rsquo;appareil \u00e0 main assure la meilleure discr\u00e9tion possible.<\/p>\n<h2><span style=\"text-decoration: underline\"><strong>Caract\u00e9ristiques techniques Batterie CCELL M3 \u00e0 filetage 510 :<\/strong><br \/><\/span><\/h2>\n<ul style=\"list-style-type: disc\">\n<li>Bo\u00eetier en acier inoxydable<\/li>\n<li>Conception sans bouton<\/li>\n<li>Capacit\u00e9 de la batterie : 350 mAh<\/li>\n<li>Dimensions : &Oslash; 10.5 &times; h7.6cm<\/li>\n<li>Connexion standard 510<\/li>\n<li>Inhalation activ\u00e9e<\/li>\n<li>Indicateur LED int\u00e9gr\u00e9<\/li>\n<li>Adaptateur de charge USB inclus<\/li>\n<li>Marquage CE<\/li>\n<li>Emballage et instructions en italien<\/li>\n<\/ul>\n","protected":false},"excerpt":{"rendered":"<p>Le design en forme de stylo rend la batterie M3 pratique \u00e0 transporter. Son bo\u00eetier est en acier inoxydable et<\/p>\n","protected":false},"featured_media":132557,"comment_status":"open","ping_status":"closed","template":"","meta":[],"product_brand":[],"product_cat":[7910],"product_tag":[],"class_list":{"0":"post-132592","1":"product","2":"type-product","3":"status-publish","4":"has-post-thumbnail","6":"product_cat-vaporisateurs","8":"first","9":"instock","10":"taxable","11":"shipping-taxable","12":"purchasable","13":"product-type-simple"},"aioseo_notices":[],"_links":{"self":[{"href":"https:\/\/www.budream.com\/fr\/wp-json\/wp\/v2\/product\/132592","targetHints":{"allow":["GET"]}}],"collection":[{"href":"https:\/\/www.budream.com\/fr\/wp-json\/wp\/v2\/product"}],"about":[{"href":"https:\/\/www.budream.com\/fr\/wp-json\/wp\/v2\/types\/product"}],"replies":[{"embeddable":true,"href":"https:\/\/www.budream.com\/fr\/wp-json\/wp\/v2\/comments?post=132592"}],"version-history":[{"count":0,"href":"https:\/\/www.budream.com\/fr\/wp-json\/wp\/v2\/product\/132592\/revisions"}],"wp:featuredmedia":[{"embeddable":true,"href":"https:\/\/www.budream.com\/fr\/wp-json\/wp\/v2\/media\/132557"}],"wp:attachment":[{"href":"https:\/\/www.budream.com\/fr\/wp-json\/wp\/v2\/media?parent=132592"}],"wp:term":[{"taxonomy":"product_brand","embeddable":true,"href":"https:\/\/www.budream.com\/fr\/wp-json\/wp\/v2\/product_brand?post=132592"},{"taxonomy":"product_cat","embeddable":true,"href":"https:\/\/www.budream.com\/fr\/wp-json\/wp\/v2\/product_cat?post=132592"},{"taxonomy":"product_tag","embeddable":true,"href":"https:\/\/www.budream.com\/fr\/wp-json\/wp\/v2\/product_tag?post=132592"}],"curies":[{"name":"wp","href":"https:\/\/api.w.org\/{rel}","templated":true}]}}