{"id":132612,"date":"2025-07-31T00:32:34","date_gmt":"2025-07-30T22:32:34","guid":{"rendered":"https:\/\/www.budream.com\/shop\/ortoled-pulleys-pulleys-max-68kg\/"},"modified":"2026-03-30T09:50:54","modified_gmt":"2026-03-30T07:50:54","slug":"ortoled-pulleys-pulleys-max-68kg","status":"publish","type":"product","link":"https:\/\/www.budream.com\/fr\/shop\/ortoled-pulleys-pulleys-max-68kg\/","title":{"rendered":"ORTOLED &#8211; PULLEYS PULLEYS | Max 68Kg"},"content":{"rendered":"<h2><strong>La fa\u00e7on la plus simple de suspendre les lampes et les accessoires dans votre bo\u00eete de culture.<\/p>\n<p><\/strong><\/h2>\n<ul style=\"list-style-type: disc\">\n<li>Les pinces \u00e0 mousqueton maintiennent solidement les lampes et autres accessoires.<\/li>\n<li>Jeu de 2 poulies<\/li>\n<\/ul>\n<p>Avec les <strong>poulies Ortoled<\/strong>, vous pouvez suspendre vos lampes de culture presque n&rsquo;importe o\u00f9 ! Les mousquetons ont une porte \u00e0 ressort pour tenir solidement vos lampes sans risque de glissement. Et un syst\u00e8me de clip coulissant vous permet d&rsquo;ajuster la hauteur de vos lampes \u00e0 la hauteur de vos plantes.<\/p>\n<h3><span style=\"text-decoration: underline\"><strong><br \/>Sp\u00e9cifications des poulies Ortoled :<br \/><\/strong><\/span><\/h3>\n<ul style=\"list-style-type: disc\">\n<li>C\u00e2ble en nylon avec mousquetons en acier inoxydable<\/li>\n<li><strong>Longueur maximale :<\/strong> 160 cm<\/li>\n<li><strong>Poids maximum :<\/strong> 68kg<\/li>\n<\/ul>\n<div id=\"isChromeWebToolbarDiv\"><\/div>\n","protected":false},"excerpt":{"rendered":"<p>La fa\u00e7on la plus simple de suspendre les lampes et les accessoires dans votre bo\u00eete de culture. Les pinces \u00e0<\/p>\n","protected":false},"featured_media":132597,"comment_status":"open","ping_status":"closed","template":"","meta":[],"product_brand":[],"product_cat":[7935],"product_tag":[],"class_list":{"0":"post-132612","1":"product","2":"type-product","3":"status-publish","4":"has-post-thumbnail","6":"product_cat-lampe-led","8":"first","9":"instock","10":"sale","11":"taxable","12":"shipping-taxable","13":"purchasable","14":"product-type-simple"},"_links":{"self":[{"href":"https:\/\/www.budream.com\/fr\/wp-json\/wp\/v2\/product\/132612","targetHints":{"allow":["GET"]}}],"collection":[{"href":"https:\/\/www.budream.com\/fr\/wp-json\/wp\/v2\/product"}],"about":[{"href":"https:\/\/www.budream.com\/fr\/wp-json\/wp\/v2\/types\/product"}],"replies":[{"embeddable":true,"href":"https:\/\/www.budream.com\/fr\/wp-json\/wp\/v2\/comments?post=132612"}],"version-history":[{"count":0,"href":"https:\/\/www.budream.com\/fr\/wp-json\/wp\/v2\/product\/132612\/revisions"}],"wp:featuredmedia":[{"embeddable":true,"href":"https:\/\/www.budream.com\/fr\/wp-json\/wp\/v2\/media\/132597"}],"wp:attachment":[{"href":"https:\/\/www.budream.com\/fr\/wp-json\/wp\/v2\/media?parent=132612"}],"wp:term":[{"taxonomy":"product_brand","embeddable":true,"href":"https:\/\/www.budream.com\/fr\/wp-json\/wp\/v2\/product_brand?post=132612"},{"taxonomy":"product_cat","embeddable":true,"href":"https:\/\/www.budream.com\/fr\/wp-json\/wp\/v2\/product_cat?post=132612"},{"taxonomy":"product_tag","embeddable":true,"href":"https:\/\/www.budream.com\/fr\/wp-json\/wp\/v2\/product_tag?post=132612"}],"curies":[{"name":"wp","href":"https:\/\/api.w.org\/{rel}","templated":true}]}}