{"id":132657,"date":"2025-07-31T00:33:45","date_gmt":"2025-07-30T22:33:45","guid":{"rendered":"https:\/\/www.budream.com\/shop\/ortoled-spot-20-led-cob-total-agro-20w-pour-support-de-lampe-e27\/"},"modified":"2026-03-20T13:56:06","modified_gmt":"2026-03-20T11:56:06","slug":"ortoled-spot-20-led-cob-total-agro-20w-pour-support-de-lampe-e27","status":"publish","type":"product","link":"https:\/\/www.budream.com\/fr\/shop\/ortoled-spot-20-led-cob-total-agro-20w-pour-support-de-lampe-e27\/","title":{"rendered":"ORTOLED &#8211; SPOT 20 LED COB TOTAL AGRO | 20W POUR SUPPORT DE LAMPE E27"},"content":{"rendered":"<p><strong>ORTOLED SPOT 20<\/strong> est la nouvelle lampe d&rsquo;int\u00e9rieur de 20W dot\u00e9e de la technologie COB <strong>EPI&reg; <\/strong>LED <strong>, une <\/strong>puce con\u00e7ue et fabriqu\u00e9e exclusivement pour la culture des fleurs et des plantes.<\/p>\n<p>Gr\u00e2ce \u00e0 la lampe <strong>SPOT 20<\/strong>, il est possible d&rsquo;\u00e9clairer les plantes m\u00eame dans les zones prot\u00e9g\u00e9es par les branches et le feuillage.<br \/>Particuli\u00e8rement adapt\u00e9e \u00e0 la culture d&rsquo;orchid\u00e9es, de piments, de basilic, de laitue, d&rsquo;herbes aromatiques, de tomates, de poivrons, etc.<\/p>\n<p>Il est recommand\u00e9 de l&rsquo;utiliser en combinaison avec les syst\u00e8mes d&rsquo;\u00e9clairage Ortoled en pla\u00e7ant la lampe sur le c\u00f4t\u00e9 ou dans les parties inf\u00e9rieures de la chambre de culture afin d&rsquo;augmenter l&rsquo;\u00e9clairement dans les zones o\u00f9 la lumi\u00e8re principale est habituellement masqu\u00e9e par les feuilles et les branches.<\/p>\n<p>La lampe SPOT 20 convient \u00e9galement pour compl\u00e9ter la lumi\u00e8re du jour pendant les heures du soir afin d&rsquo;augmenter la croissance des l\u00e9gumes ou des plantes cultiv\u00e9es dans les environnements domestiques.<\/p>\n<p>Le spectre <strong>Total Agro<\/strong> est riche en blanc, en rouge et en orange.<\/p>\n<p>Gr\u00e2ce \u00e0 la technologie Ortoled et \u00e0 la puce COB <strong>EPI&reg;<\/strong>, il est possible d&rsquo;utiliser au mieux l&rsquo;\u00e9nergie \u00e9lectrique, en garantissant une synth\u00e8se parfaite entre \u00e9conomie d&rsquo;\u00e9nergie et performance.<br \/>Il est recommand\u00e9 de placer la lampe entre 50 et 80 cm des plantes.<\/p>\n<ul style=\"list-style-type: disc\">\n<li>Con\u00e7ue pour l&rsquo;\u00e9clairage int\u00e9rieur<\/li>\n<li>Placer la lampe dans un environnement sec et ventil\u00e9<\/li>\n<li>Eteindre la lampe apr\u00e8s utilisation<\/li>\n<li>Ne pas toucher la face inf\u00e9rieure de la lampe avec les doigts.<\/li>\n<li>Ne pas placer la lampe \u00e0 proximit\u00e9 de sources de chaleur<\/li>\n<li>Ne placez pas la lampe \u00e0 la lumi\u00e8re directe de personnes, prot\u00e9gez vos yeux.<\/li>\n<li>Ne jamais ouvrir la lampe<\/li>\n<\/ul>\n<h2 style=\"text-align: left\"><strong><br \/><span style=\"text-decoration: underline\">Caract\u00e9ristiques techniques Ortoled Spot 20 :<\/span><br \/><\/strong><\/h2>\n<ul style=\"list-style-type: disc\">\n<li style=\"text-align: left\">LED 20W&plusmn;5%<\/li>\n<li style=\"text-align: left\">Tension 220-240V 50\/60Hz<\/li>\n<li style=\"text-align: left\">Prise E27<\/li>\n<li style=\"text-align: left\">PPF 24 &mu;mol\/s<\/li>\n<li style=\"text-align: left\">Croissance\/inondation int\u00e9gr\u00e9e \u00e0 spectre complet de 3000K<\/li>\n<li style=\"text-align: left\">Angle de la lentille 30<\/li>\n<li style=\"text-align: left\">Dimension 98&#215;128(mm)<\/li>\n<li style=\"text-align: left\">Poids 190g<\/li>\n<li style=\"text-align: left\">Plage de temp\u00e9rature de travail 20~40\u2103<\/li>\n<li style=\"text-align: left\">Humidit\u00e9 de l&rsquo;air : 65%.<\/li>\n<li style=\"text-align: left\">Dur\u00e9e de vie 50 mille heures<\/li>\n<\/ul>\n<p><strong>Surface couverte 30&#215;30 cm ou int\u00e9gration lat\u00e9rale<\/strong><\/p>\n<p>Certifi\u00e9 CE, ROHS<br \/>SUPPORT DE LAMPE E27<\/p>\n<div><\/div>\n","protected":false},"excerpt":{"rendered":"<p>ORTOLED SPOT 20 est la nouvelle lampe d&rsquo;int\u00e9rieur de 20W dot\u00e9e de la technologie COB EPI&reg; LED , une puce<\/p>\n","protected":false},"featured_media":132647,"comment_status":"open","ping_status":"closed","template":"","meta":[],"product_brand":[],"product_cat":[7935],"product_tag":[],"class_list":{"0":"post-132657","1":"product","2":"type-product","3":"status-publish","4":"has-post-thumbnail","6":"product_cat-lampe-led","8":"first","9":"instock","10":"taxable","11":"shipping-taxable","12":"purchasable","13":"product-type-simple"},"_links":{"self":[{"href":"https:\/\/www.budream.com\/fr\/wp-json\/wp\/v2\/product\/132657","targetHints":{"allow":["GET"]}}],"collection":[{"href":"https:\/\/www.budream.com\/fr\/wp-json\/wp\/v2\/product"}],"about":[{"href":"https:\/\/www.budream.com\/fr\/wp-json\/wp\/v2\/types\/product"}],"replies":[{"embeddable":true,"href":"https:\/\/www.budream.com\/fr\/wp-json\/wp\/v2\/comments?post=132657"}],"version-history":[{"count":0,"href":"https:\/\/www.budream.com\/fr\/wp-json\/wp\/v2\/product\/132657\/revisions"}],"wp:featuredmedia":[{"embeddable":true,"href":"https:\/\/www.budream.com\/fr\/wp-json\/wp\/v2\/media\/132647"}],"wp:attachment":[{"href":"https:\/\/www.budream.com\/fr\/wp-json\/wp\/v2\/media?parent=132657"}],"wp:term":[{"taxonomy":"product_brand","embeddable":true,"href":"https:\/\/www.budream.com\/fr\/wp-json\/wp\/v2\/product_brand?post=132657"},{"taxonomy":"product_cat","embeddable":true,"href":"https:\/\/www.budream.com\/fr\/wp-json\/wp\/v2\/product_cat?post=132657"},{"taxonomy":"product_tag","embeddable":true,"href":"https:\/\/www.budream.com\/fr\/wp-json\/wp\/v2\/product_tag?post=132657"}],"curies":[{"name":"wp","href":"https:\/\/api.w.org\/{rel}","templated":true}]}}