{"id":132737,"date":"2025-07-31T00:36:22","date_gmt":"2025-07-30T22:36:22","guid":{"rendered":"https:\/\/www.budream.com\/shop\/storzbickel-venty-vaporisateur-portable\/"},"modified":"2026-03-10T16:19:50","modified_gmt":"2026-03-10T14:19:50","slug":"storzbickel-venty-vaporisateur-portable","status":"publish","type":"product","link":"https:\/\/www.budream.com\/fr\/shop\/storzbickel-venty-vaporisateur-portable\/","title":{"rendered":"STORZ&amp;BICKEL &#8211; VENTY | VAPORISATEUR PORTABLE"},"content":{"rendered":"<p>Le <strong>VENTY<\/strong> de StorZ&amp;Bickel est leur appareil le plus rapide et le premier vaporisateur de ce type \u00e0 disposer d&rsquo;une extraction d&rsquo;air r\u00e9glable. Bien qu&rsquo;il s&rsquo;agisse d&rsquo;un appareil portable, il offre une grande efficacit\u00e9 et ne prend que 20 secondes pour se r\u00e9chauffer, tout en offrant une extraction d&rsquo;air \u00e9tonnante de 20 litres\/minute lorsqu&rsquo;il est utilis\u00e9 \u00e0 plein r\u00e9gime. Si vous recherchez un S&amp;B polyvalent, le VENTY est celui qu&rsquo;il vous faut !<\/p>\n<p> Le <strong>VENTY<\/strong> est dot\u00e9 d&rsquo;un syst\u00e8me d&rsquo;extraction d&rsquo;air r\u00e9glable, qui vous permet de trouver l&rsquo;endroit qui vous convient le mieux. Au niveau le plus \u00e9lev\u00e9, l&rsquo;extraction d&rsquo;air atteint la valeur impressionnante de 20 litres\/minute ! Il s&rsquo;agit du d\u00e9bit d&rsquo;air le plus \u00e9lev\u00e9 propos\u00e9 par un vaporisateur portable S&amp;B. En outre, VENTY est \u00e9quip\u00e9 d&rsquo;un d\u00e9bitm\u00e8tre qui mesure la pression n\u00e9gative produite par votre inhalation et ajuste dynamiquement le chauffage en fonction de votre prise. Cela signifie que vous obtiendrez des r\u00e9sultats excellents et constants quelle que soit l&rsquo;intensit\u00e9 de votre inhalation. Pr\u00e9parez-vous \u00e0 \u00eatre inond\u00e9 par le flux libre et d\u00e9brid\u00e9 d&rsquo;un nuage de vapeur frais et savoureux !<\/p>\n<h3><strong><br \/>Pr\u00eat quand vous l&rsquo;\u00eates<br \/><\/strong><\/h3>\n<p>Ce qui est le plus impressionnant, c&rsquo;est la rapidit\u00e9 du temps de chauffe du VENTY. Gr\u00e2ce \u00e0 ses batteries puissantes, \u00e0 sa technologie de chauffe innovante et \u00e0 la conception intelligente de son logiciel, VENTY se r\u00e9chauffe en seulement 20 secondes. VENTY est actuellement le vaporisateur S&amp;B le plus rapide et est toujours pr\u00eat \u00e0 l&rsquo;action, quand vous le souhaitez.<\/p>\n<h3><strong><br \/>Une vapeur toujours fra\u00eeche<\/strong><\/h3>\n<p>Les ing\u00e9nieurs de S&amp;B ont fait de leur mieux et ont \u00e9quip\u00e9 VENTY d&rsquo;un syst\u00e8me de refroidissement vraiment efficace. Un d\u00e9bit d&rsquo;air aussi \u00e9lev\u00e9 n\u00e9cessite une unit\u00e9 de refroidissement qui refroidit la vapeur avant que vous ne l&rsquo;inhaliez. Ce processus se d\u00e9roule sur deux niveaux \u00e0 l&rsquo;int\u00e9rieur de l&rsquo;unit\u00e9 de refroidissement afin d&rsquo;allonger le trajet de la vapeur. Un bo\u00eetier \u00e0 double rev\u00eatement permet d&rsquo;entrer en contact avec l&rsquo;unit\u00e9 de refroidissement malgr\u00e9 les temp\u00e9ratures \u00e9lev\u00e9es. Un filtre suppl\u00e9mentaire est situ\u00e9 \u00e0 l&rsquo;int\u00e9rieur de l&rsquo;unit\u00e9 de refroidissement, ce qui garantit une filtration maximale et une exp\u00e9rience d&rsquo;inhalation agr\u00e9able.<\/p>\n<h3><strong><br \/>Un cheval de course in\u00e9gal\u00e9.<br \/><\/strong><\/h3>\n<p>Pr\u00e9parez-vous \u00e0 d\u00e9couvrir la puissance in\u00e9gal\u00e9e de VENTY . \u00c9quip\u00e9 de deux batteries lithium-ion 18650 et dot\u00e9 d&rsquo;une puissance maximale de 130 W @ 16 amp\u00e8res, VENTY est un v\u00e9ritable concentr\u00e9 de puissance, offrant des performances et une endurance in\u00e9gal\u00e9es.<\/p>\n<h3><strong><br \/>Une qualit\u00e9 sup\u00e9rieure, comme toujours<br \/><\/strong><\/h3>\n<p>La qualit\u00e9 est la marque de fabrique de S&amp;B et VENTY ne fait pas exception. Fabriqu\u00e9 selon des normes rigoureuses, VENTY garantit une qualit\u00e9 et des performances sup\u00e9rieures. Tous les mat\u00e9riaux sont de qualit\u00e9 alimentaire, r\u00e9sistants \u00e0 la chaleur et non conducteurs de chaleur, ce qui garantit les performances \u00e9lev\u00e9es de l&rsquo;appareil et optimise l&rsquo;exp\u00e9rience de l&rsquo;utilisateur. Vous pouvez \u00eatre rassur\u00e9 : VENTY est homologu\u00e9 UL (8139) et IEC 60335-1 et a subi des tests approfondis pour garantir sa s\u00e9curit\u00e9.<\/p>\n<h3><strong>Une commodit\u00e9 absolue<\/strong><\/h3>\n<p>Gr\u00e2ce \u00e0 l&rsquo;application personnalis\u00e9e, vous avez toujours tout sous contr\u00f4le. En vous connectant via Bluetooth&reg;, vous pouvez ajuster les diff\u00e9rents param\u00e8tres de VENTY, tels que les temp\u00e9ratures pr\u00e9r\u00e9gl\u00e9es du booster, la luminosit\u00e9 de l&rsquo;indicateur, les param\u00e8tres de vibration, le mode de charge ECO pour maximiser la dur\u00e9e de vie de la batterie et bien plus encore ! Il vous suffit d&rsquo;utiliser votre smartphone pour adapter VENTY \u00e0 vos go\u00fbts personnels.<\/p>\n<h2><strong><span style=\"text-decoration: underline\"><br \/>Caract\u00e9ristiques Venty Storz &amp; Bickel :<\/span><\/strong><\/h2>\n<ul style=\"list-style-type: disc\">\n<li>D\u00e9bit d&rsquo;air r\u00e9glable jusqu&rsquo;\u00e0 20 litres\/minute<\/li>\n<li>Chauffage rapide en seulement 20 secondes !<\/li>\n<li>Dot\u00e9 de notre nouveau syst\u00e8me de chauffage par mini-convection et conduction = pas de br\u00fblure, juste de gros nuages de vapeur savoureux.<\/li>\n<li>Temp\u00e9rature r\u00e9glable avec pr\u00e9cision sur l&rsquo;appareil, de 40&deg;C \u00e0 210&deg;C.<\/li>\n<li>Chargement par USB-C, avec fonction de super-charge : 80% de charge en 40 minutes. *<\/li>\n<li>Connectivit\u00e9 Bluetooth et contr\u00f4le par application web.<\/li>\n<li>Booster de temp\u00e9rature et super-booster int\u00e9gr\u00e9s pour une commodit\u00e9 maximale.<\/li>\n<li>2 batteries lithium-ion haute puissance<\/li>\n<li>Certifi\u00e9 UL<\/li>\n<li>Garantie de 2 ans + 1 an en cas d&rsquo;enregistrement<\/li>\n<\/ul>\n<p><em><br \/>*N\u00e9cessite une alimentation \u00e9lectrique de +15V \u00e0 3A, par exemple un <a href=\"https:\/\/www.indoorline.com\/storz-e-bickel\/p154\/storz-amp-bickel-supercharger-for-mighty-usb-c.html\">Supercharger<\/a>.<\/em><\/p>\n<p><strong>Contenu de l&#8217;emballage :<\/strong><br \/>1 pc. VENTY 1 pc. C\u00e2ble USB C (USB type C vers prise USB type C)<br \/>2 pc. Filtre standard, petit<br \/>3 pc. Filtre grossier, petit<br \/>2 pi\u00e8ces Filtre de l&rsquo;unit\u00e9 de refroidissement<br \/>2 pi\u00e8ces Joint torique &Oslash; 9&#215;1,5 mm<br \/>1 pc. Outils pour conteneurs<br \/>1 pc. Brosse de nettoyage<br \/>1 pc. Mode d&#8217;emploi<\/p>\n<h2><strong><span style=\"text-decoration: underline\">Caract\u00e9ristiques techniques Venty Storz &amp; Bickel :<\/span><\/strong><\/h2>\n<ul style=\"list-style-type: disc\">\n<li><strong>Plage de temp\u00e9rature :<\/strong> 40 &deg;C &#8211; 210 &deg;C (104 &deg;F &#8211; 410 &deg;F)<\/li>\n<li><strong>Principe de chauffage :<\/strong> Mini-convection et conduction de conception nouvelle<\/li>\n<li><strong>Largeur :<\/strong> 5,5 cm<\/li>\n<li><strong>Hauteur :<\/strong> 15,7 cm<\/li>\n<li><strong>Profondeur :<\/strong> 3,7 cm<\/li>\n<li><strong>Poids :<\/strong> 252 g<\/li>\n<\/ul>\n<div class=\"pagebuilder-column-line\" data-content-type=\"column-line\" data-element=\"main\" data-pb-style=\"K5KPQJU\">\n<div class=\"pagebuilder-column\" data-content-type=\"column\" data-appearance=\"full-height\" data-background-images=\"{}\" data-element=\"main\" data-pb-style=\"Q2MI51R\">\n<figure data-content-type=\"image\" data-appearance=\"full-width\" data-element=\"main\" data-pb-style=\"LM3WEAS\"><img decoding=\"async\" class=\"pagebuilder-mobile-hidden\" title=\"S&amp;B VENTY Vaporizer: Patented convection and conduction mini-heater\" src=\"https:\/\/www.storz-bickel.com\/media\/wysiwyg\/shot2_venty_heating-desktop.jpg\" alt=\"Cross-section of STORZ &amp; BICKEL VENTY Vaporizer shows color-coded mini-heater, two lithium-ion batteries, and display\" data-element=\"desktop_image\" data-pb-style=\"FT3VOQU\" \/><\/figure>\n<\/div>\n<div class=\"pagebuilder-column\" data-content-type=\"column\" data-appearance=\"align-center\" data-background-images=\"{}\" data-element=\"main\" data-pb-style=\"H90WWAX\">\n<div data-content-type=\"text\" data-appearance=\"default\" data-element=\"main\" data-pb-style=\"PXSILSY\">\n<h3>D\u00e9couvrez une puissance unique<\/h3>\n<ul>\n<li>\n<p>Nouveau mini-chauffage brevet\u00e9<br \/>Technologie combin\u00e9e de conduction et de convection<\/p>\n<\/li>\n<li>\n<p>2 batteries lithium-ion 18650<br \/>Max. 130 watts \u00e0 16 amp\u00e8res<\/p>\n<\/li>\n<li>\n<p>Prise USB-C et fonction de charge rapide<br \/>~80 % en 40 minutes<\/p>\n<\/li>\n<\/ul>\n<\/div>\n<\/div>\n<div class=\"pagebuilder-column\" data-content-type=\"column\" data-appearance=\"full-height\" data-background-images=\"{}\" data-element=\"main\" data-pb-style=\"W179GOI\"><\/div>\n<\/div>\n<div class=\"pagebuilder-column-line\" data-content-type=\"column-line\" data-element=\"main\" data-pb-style=\"SEGL1BU\">\n<div class=\"pagebuilder-column\" data-content-type=\"column\" data-appearance=\"full-height\" data-background-images=\"{}\" data-element=\"main\" data-pb-style=\"DJA9UBN\"><\/div>\n<div class=\"pagebuilder-column\" data-content-type=\"column\" data-appearance=\"full-height\" data-background-images=\"{}\" data-element=\"main\" data-pb-style=\"VMQ4OIC\">\n<figure data-content-type=\"image\" data-appearance=\"full-width\" data-element=\"main\" data-pb-style=\"P48EPXA\"><img decoding=\"async\" class=\"pagebuilder-mobile-hidden\" title=\"STORZ &amp; BICKEL VENTY Vaporizer: Freely adjustable airflow of 0-20l\/min\" src=\"https:\/\/www.storz-bickel.com\/media\/wysiwyg\/shot1_venty_airflow_wheel-desktop.jpg\" alt=\"Cross-section of Cooling Unit of STORZ &amp; BICKEL VENTY Vaporizer showing animated freely adjustable airflow setting wheel\" data-element=\"desktop_image\" data-pb-style=\"XR6I0IU\" \/><\/figure>\n<\/div>\n<div class=\"pagebuilder-column\" data-content-type=\"column\" data-appearance=\"align-center\" data-background-images=\"{}\" data-element=\"main\" data-pb-style=\"RL8F56B\">\n<div data-content-type=\"text\" data-appearance=\"default\" data-element=\"main\" data-pb-style=\"SJYG8YD\">\n<h3><span id=\"LJ6AQQS\">\u00c0 vous de jouer &#8211; suivez votre d\u00e9bit <\/span><\/h3>\n<ul>\n<li>D\u00e9bitm\u00e8tre nouvellement d\u00e9velopp\u00e9<br \/>\u279e Mesure la pression n\u00e9gative de l&rsquo;inhalation, ajustant dynamiquement le chauffage en fonction de la bouch\u00e9e.<\/li>\n<li>Le premier vaporisateur au monde \u00e0 d\u00e9bit d&rsquo;air r\u00e9glable<br \/>\u279e 0-20 litres par minute : tournez le bouton de r\u00e9glage et trouvez le d\u00e9bit id\u00e9al.<\/li>\n<\/ul>\n<\/div>\n<\/div>\n<div class=\"pagebuilder-column\" data-content-type=\"column\" data-appearance=\"full-height\" data-background-images=\"{}\" data-element=\"main\" data-pb-style=\"HSOMSW7\"><\/div>\n<\/div>\n<div class=\"pagebuilder-column-line\" data-content-type=\"column-line\" data-element=\"main\" data-pb-style=\"ME6RRHY\">\n<div class=\"pagebuilder-column\" data-content-type=\"column\" data-appearance=\"full-height\" data-background-images=\"{}\" data-element=\"main\" data-pb-style=\"P2CWJFT\"><\/div>\n<div class=\"pagebuilder-column\" data-content-type=\"column\" data-appearance=\"full-height\" data-background-images=\"{}\" data-element=\"main\" data-pb-style=\"XJ5YH89\">\n<figure data-content-type=\"image\" data-appearance=\"full-width\" data-element=\"main\" data-pb-style=\"MHQW45T\"><img decoding=\"async\" class=\"pagebuilder-mobile-hidden\" title=\"STORZ &amp; BICKEL VENTY: Smart control via Bluetooth and S&amp;B WebApp\" src=\"https:\/\/www.storz-bickel.com\/media\/wysiwyg\/shot4_venty_app-desktop.jpg\" alt=\"Front view of STORZ &amp; BICKEL VENTY Vaporizer in front of S&amp;B WebApp on Smartphone with temperature and booster settings\" data-element=\"desktop_image\" data-pb-style=\"PEGXKP0\" \/><\/figure>\n<\/div>\n<div class=\"pagebuilder-column\" data-content-type=\"column\" data-appearance=\"align-center\" data-background-images=\"{}\" data-element=\"main\" data-pb-style=\"Q1VAK8A\">\n<div data-content-type=\"text\" data-appearance=\"default\" data-element=\"main\" data-pb-style=\"B71OD2E\">\n<h3>Pratique dans l&rsquo;appli<\/h3>\n<p>Affichage et boutons LC surlign\u00e9s :<\/p>\n<ul>\n<li>R\u00e9glage pr\u00e9cis de la temp\u00e9rature entre 40&deg;C et 210&deg;C (104&deg;F &#8211; 410&deg;F)<\/li>\n<li>Activez le Booster et le Superbooster (+15&deg;C \/ 27&deg;F) en double-cliquant sur l&rsquo;interrupteur marche\/arr\u00eat.<\/li>\n<\/ul>\n<p>Adaptez le VENTY \u00e0 vos go\u00fbts personnels gr\u00e2ce \u00e0 la connectivit\u00e9 Bluetooth&reg;. Utilisez l&rsquo;application Web S&amp;B pour :<\/p>\n<ul>\n<li>R\u00e9gler la temp\u00e9rature<\/li>\n<li>Activer le mode de charge ECO<\/li>\n<li>Acc\u00e9der aux mises \u00e0 jour r\u00e9guli\u00e8res du logiciel et aux informations utiles<\/li>\n<\/ul>\n<\/div>\n<\/div>\n<div class=\"pagebuilder-column\" data-content-type=\"column\" data-appearance=\"full-height\" data-background-images=\"{}\" data-element=\"main\" data-pb-style=\"QMSSXD8\"><\/div>\n<\/div>\n<div class=\"pagebuilder-column-line\" data-content-type=\"column-line\" data-element=\"main\" data-pb-style=\"K4D835J\">\n<div class=\"pagebuilder-column\" data-content-type=\"column\" data-appearance=\"full-height\" data-background-images=\"{}\" data-element=\"main\" data-pb-style=\"WPJEUT9\"><\/div>\n<div class=\"pagebuilder-column\" data-content-type=\"column\" data-appearance=\"full-height\" data-background-images=\"{}\" data-element=\"main\" data-pb-style=\"DMJGVQO\">\n<figure data-content-type=\"image\" data-appearance=\"full-width\" data-element=\"main\" data-pb-style=\"EJRT38O\"><img decoding=\"async\" class=\"pagebuilder-mobile-hidden\" title=\"Ceramic-coated Filling Chamber for pure taste and easy cleaning\" src=\"https:\/\/www.storz-bickel.com\/media\/wysiwyg\/shot3_venty_fuellkammer-desktop.jpg\" alt=\"Removed cooling unit of STORZ &amp; BICKEL VENTY with mouthpiece and open filling chamber with ceramic coating and seal ring\" data-element=\"desktop_image\" data-pb-style=\"R4KX2U0\" \/><\/figure>\n<\/div>\n<div class=\"pagebuilder-column\" data-content-type=\"column\" data-appearance=\"align-center\" data-background-images=\"{}\" data-element=\"main\" data-pb-style=\"WVN2DPQ\">\n<div data-content-type=\"text\" data-appearance=\"default\" data-element=\"main\" data-pb-style=\"G8N7OMK\">\n<h3>Potentiel de lib\u00e9ration de haute qualit\u00e9<\/h3>\n<ul>\n<li>Mat\u00e9riau Peek de qualit\u00e9 m\u00e9dicale<br \/>\u279e S\u00fbr et r\u00e9sistant<\/li>\n<li>R\u00e9cipient (1,4 cm&sup3;)<br \/>\u279eRev\u00eatement c\u00e9ramique dur<\/li>\n<li>Vaporisateur certifi\u00e9<br \/>\u279e Conforme aux normes UL 8139 et IEC 60335-1<\/li>\n<\/ul>\n<\/div>\n<\/div>\n<div class=\"pagebuilder-column\" data-content-type=\"column\" data-appearance=\"full-height\" data-background-images=\"{}\" data-element=\"main\" data-pb-style=\"DGSIFIK\"><\/div>\n<\/div>\n<div class=\"pagebuilder-column-line\" data-content-type=\"column-line\" data-element=\"main\" data-pb-style=\"X5YAN6E\">\n<div class=\"pagebuilder-column\" data-content-type=\"column\" data-appearance=\"full-height\" data-background-images=\"{}\" data-element=\"main\" data-pb-style=\"MPVDISS\"><\/div>\n<div class=\"pagebuilder-column\" data-content-type=\"column\" data-appearance=\"full-height\" data-background-images=\"{}\" data-element=\"main\" data-pb-style=\"VCTS0P8\">\n<figure data-content-type=\"image\" data-appearance=\"full-width\" data-element=\"main\" data-pb-style=\"U8E89U6\"><img decoding=\"async\" class=\"pagebuilder-mobile-hidden\" title=\"VENTY Award winning vaporizer\" src=\"https:\/\/www.storz-bickel.com\/media\/wysiwyg\/Venty-Award-Desktop.jpg\" alt=\"Vaping360 and Emjays award logos\" data-element=\"desktop_image\" data-pb-style=\"SHCGA03\" \/><\/figure>\n<\/div>\n<\/div>\n","protected":false},"excerpt":{"rendered":"<p>Le VENTY de StorZ&amp;Bickel est leur appareil le plus rapide et le premier vaporisateur de ce type \u00e0 disposer d&rsquo;une<\/p>\n","protected":false},"featured_media":132662,"comment_status":"open","ping_status":"closed","template":"","meta":[],"product_brand":[],"product_cat":[7910],"product_tag":[],"class_list":{"0":"post-132737","1":"product","2":"type-product","3":"status-publish","4":"has-post-thumbnail","6":"product_cat-vaporisateurs","8":"first","9":"instock","10":"sale","11":"taxable","12":"shipping-taxable","13":"purchasable","14":"product-type-simple"},"_links":{"self":[{"href":"https:\/\/www.budream.com\/fr\/wp-json\/wp\/v2\/product\/132737","targetHints":{"allow":["GET"]}}],"collection":[{"href":"https:\/\/www.budream.com\/fr\/wp-json\/wp\/v2\/product"}],"about":[{"href":"https:\/\/www.budream.com\/fr\/wp-json\/wp\/v2\/types\/product"}],"replies":[{"embeddable":true,"href":"https:\/\/www.budream.com\/fr\/wp-json\/wp\/v2\/comments?post=132737"}],"version-history":[{"count":0,"href":"https:\/\/www.budream.com\/fr\/wp-json\/wp\/v2\/product\/132737\/revisions"}],"wp:featuredmedia":[{"embeddable":true,"href":"https:\/\/www.budream.com\/fr\/wp-json\/wp\/v2\/media\/132662"}],"wp:attachment":[{"href":"https:\/\/www.budream.com\/fr\/wp-json\/wp\/v2\/media?parent=132737"}],"wp:term":[{"taxonomy":"product_brand","embeddable":true,"href":"https:\/\/www.budream.com\/fr\/wp-json\/wp\/v2\/product_brand?post=132737"},{"taxonomy":"product_cat","embeddable":true,"href":"https:\/\/www.budream.com\/fr\/wp-json\/wp\/v2\/product_cat?post=132737"},{"taxonomy":"product_tag","embeddable":true,"href":"https:\/\/www.budream.com\/fr\/wp-json\/wp\/v2\/product_tag?post=132737"}],"curies":[{"name":"wp","href":"https:\/\/api.w.org\/{rel}","templated":true}]}}