{"id":132772,"date":"2025-07-31T00:37:32","date_gmt":"2025-07-30T22:37:32","guid":{"rendered":"https:\/\/www.budream.com\/shop\/kannodol-creme-exfoliante-au-cbd-50ml\/"},"modified":"2025-12-19T12:17:33","modified_gmt":"2025-12-19T10:17:33","slug":"kannodol-creme-exfoliante-au-cbd-50ml","status":"publish","type":"product","link":"https:\/\/www.budream.com\/fr\/shop\/kannodol-creme-exfoliante-au-cbd-50ml\/","title":{"rendered":"KANNODOL &#8211; CREME EXFOLIANTE AU CBD | 50ml"},"content":{"rendered":"<p>Mousse exfoliante douce enrichie en CBD. Sa texture cr\u00e9meuse permet d&rsquo;effectuer un nettoyage tr\u00e8s doux du visage. Le cannabidiol apaise, soigne la peau et lui conf\u00e8re des propri\u00e9t\u00e9s antioxydantes et protectrices. Il aide \u00e0 purifier la peau tout en apportant tous les bienfaits anti-inflammatoires et antioxydants du cannabidiol.<\/p>\n<p><em><br \/>Teneur en CBD : 825 mg.<br \/><strong>Sans THC<\/strong><\/em><\/p>\n<h3><span style=\"text-decoration: underline\"><strong>Mode d&#8217;emploi<\/strong><\/span><\/h3>\n<p>Appliquer matin ou soir, deux fois par semaine, pour un nettoyage doux et en profondeur en effectuant de l\u00e9gers mouvements circulaires sur une peau pr\u00e9alablement humidifi\u00e9e. Rincer \u00e0 l&rsquo;eau ti\u00e8de.<\/p>\n<h3><span style=\"text-decoration: underline\"><strong><br \/>Propri\u00e9t\u00e9s<\/strong><\/span><\/h3>\n<p><span class=\"S1PPyQ\">Exfoliant doux enrichi en CBD. Texture cr\u00e9meuse pour un nettoyage en douceur. Le cannabidiol apaise et revitalise la peau et lui conf\u00e8re des propri\u00e9t\u00e9s antioxydantes et protectrices.<br \/><\/span><\/p>\n<h3><span style=\"text-decoration: underline\"><strong><br \/>Ingr\u00e9dients<\/strong><\/span><\/h3>\n<p>Eau, alcool c\u00e9tylique, pierre ponce, caprate de coco\/caprylate, alcool st\u00e9arylique, beurre de butyrospermum Parkii, sodium cetearyl sulfate, cannabidiol, glyc\u00e9rine, alcool benzylique, caprylate de glyc\u00e9ryle, und\u00e9cyl\u00e9nate de glyc\u00e9ryle, ac\u00e9tate de tocoph\u00e9ryle.<\/p>\n","protected":false},"excerpt":{"rendered":"<p>Mousse exfoliante douce enrichie en CBD. Sa texture cr\u00e9meuse permet d&rsquo;effectuer un nettoyage tr\u00e8s doux du visage. Le cannabidiol apaise,<\/p>\n","protected":false},"featured_media":132767,"comment_status":"open","ping_status":"closed","template":"","meta":[],"product_brand":[],"product_cat":[7913],"product_tag":[],"class_list":{"0":"post-132772","1":"product","2":"type-product","3":"status-publish","4":"has-post-thumbnail","6":"product_cat-cosmetiques","8":"first","9":"instock","10":"taxable","11":"shipping-taxable","12":"purchasable","13":"product-type-simple"},"_links":{"self":[{"href":"https:\/\/www.budream.com\/fr\/wp-json\/wp\/v2\/product\/132772","targetHints":{"allow":["GET"]}}],"collection":[{"href":"https:\/\/www.budream.com\/fr\/wp-json\/wp\/v2\/product"}],"about":[{"href":"https:\/\/www.budream.com\/fr\/wp-json\/wp\/v2\/types\/product"}],"replies":[{"embeddable":true,"href":"https:\/\/www.budream.com\/fr\/wp-json\/wp\/v2\/comments?post=132772"}],"version-history":[{"count":0,"href":"https:\/\/www.budream.com\/fr\/wp-json\/wp\/v2\/product\/132772\/revisions"}],"wp:featuredmedia":[{"embeddable":true,"href":"https:\/\/www.budream.com\/fr\/wp-json\/wp\/v2\/media\/132767"}],"wp:attachment":[{"href":"https:\/\/www.budream.com\/fr\/wp-json\/wp\/v2\/media?parent=132772"}],"wp:term":[{"taxonomy":"product_brand","embeddable":true,"href":"https:\/\/www.budream.com\/fr\/wp-json\/wp\/v2\/product_brand?post=132772"},{"taxonomy":"product_cat","embeddable":true,"href":"https:\/\/www.budream.com\/fr\/wp-json\/wp\/v2\/product_cat?post=132772"},{"taxonomy":"product_tag","embeddable":true,"href":"https:\/\/www.budream.com\/fr\/wp-json\/wp\/v2\/product_tag?post=132772"}],"curies":[{"name":"wp","href":"https:\/\/api.w.org\/{rel}","templated":true}]}}