{"id":132782,"date":"2025-07-31T00:38:01","date_gmt":"2025-07-30T22:38:01","guid":{"rendered":"https:\/\/www.budream.com\/shop\/kannodol-masque-de-ceramique-avec-cbd-50ml\/"},"modified":"2025-12-19T12:19:22","modified_gmt":"2025-12-19T10:19:22","slug":"kannodol-masque-de-ceramique-avec-cbd-50ml","status":"publish","type":"product","link":"https:\/\/www.budream.com\/fr\/shop\/kannodol-masque-de-ceramique-avec-cbd-50ml\/","title":{"rendered":"KANNODOL &#8211; MASQUE DE C\u00c9RAMIQUE AVEC CBD | 50ml"},"content":{"rendered":"<p>Il aide \u00e0 nettoyer la peau, tout en apportant des b\u00e9n\u00e9fices anti-inflammatoires et antioxydants gr\u00e2ce au CBD.<\/p>\n<p><em>Teneur en CBD : 825 mg.<br \/><strong>Sans THC<\/strong><\/em><\/p>\n<h3><span style=\"text-decoration: underline\"><strong>Mode d&#8217;emploi<\/strong><\/span><\/h3>\n<p>Appliquer matin et\/ou soir apr\u00e8s avoir nettoy\u00e9 g\u00e9n\u00e9reusement la peau et laisser agir pendant 15 minutes. Le rin\u00e7age \u00e0 l&rsquo;eau ti\u00e8de est facultatif.<\/p>\n<h3><span style=\"text-decoration: underline\"><strong>Propri\u00e9t\u00e9s<\/strong><\/span><\/h3>\n<p><span class=\"S1PPyQ\">Masque \u00e0 l&rsquo;argile enrichi en cannabidiol. Massage doux qui absorbe et lib\u00e8re lentement le CBD \u00e0 travers la peau. Le CBD soigne, prot\u00e8ge la peau et a des propri\u00e9t\u00e9s antioxydantes.<br \/><\/span><\/p>\n<h3><span style=\"text-decoration: underline\"><strong><br \/>Ingr\u00e9dients<\/strong><\/span><\/h3>\n<p><span class=\"S1PPyQ\">Eau, kaolin, caprylate\/caprate de coco, alcool c\u00e9t\u00e9arylique, alcool st\u00e9arylique, cannabidiol, bentonite, ac\u00e9tate de tocoph\u00e9ryle, sodium cetearyl sulfate, ph\u00e9noxy\u00e9thanol, \u00e9thylhexylglyc\u00e9rine.<\/span><\/p>\n","protected":false},"excerpt":{"rendered":"<p>Il aide \u00e0 nettoyer la peau, tout en apportant des b\u00e9n\u00e9fices anti-inflammatoires et antioxydants gr\u00e2ce au CBD. Teneur en CBD<\/p>\n","protected":false},"featured_media":132777,"comment_status":"open","ping_status":"closed","template":"","meta":[],"product_brand":[],"product_cat":[7913],"product_tag":[],"class_list":{"0":"post-132782","1":"product","2":"type-product","3":"status-publish","4":"has-post-thumbnail","6":"product_cat-cosmetiques","8":"first","9":"instock","10":"taxable","11":"shipping-taxable","12":"purchasable","13":"product-type-simple"},"_links":{"self":[{"href":"https:\/\/www.budream.com\/fr\/wp-json\/wp\/v2\/product\/132782","targetHints":{"allow":["GET"]}}],"collection":[{"href":"https:\/\/www.budream.com\/fr\/wp-json\/wp\/v2\/product"}],"about":[{"href":"https:\/\/www.budream.com\/fr\/wp-json\/wp\/v2\/types\/product"}],"replies":[{"embeddable":true,"href":"https:\/\/www.budream.com\/fr\/wp-json\/wp\/v2\/comments?post=132782"}],"version-history":[{"count":0,"href":"https:\/\/www.budream.com\/fr\/wp-json\/wp\/v2\/product\/132782\/revisions"}],"wp:featuredmedia":[{"embeddable":true,"href":"https:\/\/www.budream.com\/fr\/wp-json\/wp\/v2\/media\/132777"}],"wp:attachment":[{"href":"https:\/\/www.budream.com\/fr\/wp-json\/wp\/v2\/media?parent=132782"}],"wp:term":[{"taxonomy":"product_brand","embeddable":true,"href":"https:\/\/www.budream.com\/fr\/wp-json\/wp\/v2\/product_brand?post=132782"},{"taxonomy":"product_cat","embeddable":true,"href":"https:\/\/www.budream.com\/fr\/wp-json\/wp\/v2\/product_cat?post=132782"},{"taxonomy":"product_tag","embeddable":true,"href":"https:\/\/www.budream.com\/fr\/wp-json\/wp\/v2\/product_tag?post=132782"}],"curies":[{"name":"wp","href":"https:\/\/api.w.org\/{rel}","templated":true}]}}