{"id":132852,"date":"2025-07-31T00:38:38","date_gmt":"2025-07-30T22:38:38","guid":{"rendered":"https:\/\/www.budream.com\/shop\/flowermate-stylo-vaporisateur\/"},"modified":"2026-04-20T14:20:29","modified_gmt":"2026-04-20T12:20:29","slug":"flowermate-stylo-vaporisateur","status":"publish","type":"product","link":"https:\/\/www.budream.com\/fr\/shop\/flowermate-stylo-vaporisateur\/","title":{"rendered":"FLOWERMATE &#8211; STYLO | VAPORISATEUR"},"content":{"rendered":"<p><strong>Flowermate pr\u00e9sente STYLO<\/strong>, la derni\u00e8re \u00e9volution de la technologie de l&rsquo;aromath\u00e9rapie portable.<\/p>\n<p>Il est dot\u00e9 de deux chambres de chauffe innovantes, ind\u00e9pendantes et rempla\u00e7ables, d&rsquo;un embout buccal puissant \u00e0 connexion magn\u00e9tique, d&rsquo;un \u00e9cran color\u00e9, d&rsquo;un <strong>adaptateur de bong \u00e0 eau unique<\/strong>, d&rsquo;un bo\u00eetier en aluminium durable et d&rsquo;un port de charge USB-C.<\/p>\n<p>Le vaporisateur <strong>STYLO<\/strong> est livr\u00e9 avec un adaptateur de bong \u00e0 eau unique qui offre une exp\u00e9rience transparente avec chaque bong.<\/p>\n<p><\/p>\n<h3><strong>VAPING PR\u00c9CIS<\/strong><\/h3>\n<p>Chambre de chauffe isol\u00e9e et rempla\u00e7able<br \/>Contr\u00f4le de la temp\u00e9rature enti\u00e8rement fonctionnel<br \/>Retour d&rsquo;information tactile<\/p>\n<h3><strong>BO\u00ceTIER EN ALUMINIUM DURABLE<\/strong><\/h3>\n<p>Batterie int\u00e9gr\u00e9e de 3000 mAh<br \/>Dur\u00e9e de la session personnalisable<\/p>\n<h3><strong>\u00c9CRAN OLED COLOR\u00c9<\/strong><\/h3>\n<p>Embout magn\u00e9tique<br \/>Port de charge de type C<\/p>\n<h2><span style=\"text-decoration: underline\"><strong><br \/>Caract\u00e9ristiques Flowermate Stylo :<\/strong><\/span><\/h2>\n<ul style=\"list-style-type: disc\">\n<li>Appareil \u00e0 base de plantes<\/li>\n<li>Capsule chauffante amovible<\/li>\n<li>\u00c9cran OLED color\u00e9<\/li>\n<li>Chambre de chauffe isol\u00e9e et rempla\u00e7able<\/li>\n<li>Contr\u00f4le de la temp\u00e9rature enti\u00e8rement fonctionnel<\/li>\n<li>Construction durable en aluminium<\/li>\n<li>Retour d&rsquo;information tactile<\/li>\n<li>Batterie int\u00e9gr\u00e9e de 3000 mAh<\/li>\n<li>Livr\u00e9 avec un adaptateur pour pipe \u00e0 eau<\/li>\n<\/ul>\n<h2><span style=\"text-decoration: underline\"><strong><br \/>Caract\u00e9ristiques techniques Flowermate Stylo<\/strong>:<br \/><\/span><\/h2>\n<ul style=\"list-style-type: disc\">\n<li>Plage de temp\u00e9rature 40&deg;C &#8211; 230&deg;C<\/li>\n<li>S\u00e9ances par charge &#8211; 8-10 s\u00e9ances<\/li>\n<li>Dur\u00e9e de la s\u00e9ance &#8211; 360 secondes r\u00e9glables<\/li>\n<li>Capacit\u00e9 de la batterie &#8211; 3000 mAh<\/li>\n<li>Temps de charge &#8211; 2-2,5 heures<\/li>\n<li>Tension de sortie &#8211; 7,3 V<\/li>\n<li>Dimensions &#8211; 122,78 * 50,2 * 23,2 (mm)<\/li>\n<li>Poids net &#8211; 155 g<\/li>\n<li>Mat\u00e9riau &#8211; Aluminium<\/li>\n<li>Port de charge &#8211; Type USB-C<\/li>\n<\/ul>\n","protected":false},"excerpt":{"rendered":"<p>Flowermate pr\u00e9sente STYLO, la derni\u00e8re \u00e9volution de la technologie de l&rsquo;aromath\u00e9rapie portable. Il est dot\u00e9 de deux chambres de chauffe<\/p>\n","protected":false},"featured_media":132787,"comment_status":"open","ping_status":"closed","template":"","meta":[],"product_brand":[],"product_cat":[7910],"product_tag":[],"class_list":{"0":"post-132852","1":"product","2":"type-product","3":"status-publish","4":"has-post-thumbnail","6":"product_cat-vaporisateurs","8":"first","9":"instock","10":"sale","11":"taxable","12":"shipping-taxable","13":"purchasable","14":"product-type-simple"},"_links":{"self":[{"href":"https:\/\/www.budream.com\/fr\/wp-json\/wp\/v2\/product\/132852","targetHints":{"allow":["GET"]}}],"collection":[{"href":"https:\/\/www.budream.com\/fr\/wp-json\/wp\/v2\/product"}],"about":[{"href":"https:\/\/www.budream.com\/fr\/wp-json\/wp\/v2\/types\/product"}],"replies":[{"embeddable":true,"href":"https:\/\/www.budream.com\/fr\/wp-json\/wp\/v2\/comments?post=132852"}],"version-history":[{"count":0,"href":"https:\/\/www.budream.com\/fr\/wp-json\/wp\/v2\/product\/132852\/revisions"}],"wp:featuredmedia":[{"embeddable":true,"href":"https:\/\/www.budream.com\/fr\/wp-json\/wp\/v2\/media\/132787"}],"wp:attachment":[{"href":"https:\/\/www.budream.com\/fr\/wp-json\/wp\/v2\/media?parent=132852"}],"wp:term":[{"taxonomy":"product_brand","embeddable":true,"href":"https:\/\/www.budream.com\/fr\/wp-json\/wp\/v2\/product_brand?post=132852"},{"taxonomy":"product_cat","embeddable":true,"href":"https:\/\/www.budream.com\/fr\/wp-json\/wp\/v2\/product_cat?post=132852"},{"taxonomy":"product_tag","embeddable":true,"href":"https:\/\/www.budream.com\/fr\/wp-json\/wp\/v2\/product_tag?post=132852"}],"curies":[{"name":"wp","href":"https:\/\/api.w.org\/{rel}","templated":true}]}}