{"id":132872,"date":"2025-07-31T00:39:18","date_gmt":"2025-07-30T22:39:18","guid":{"rendered":"https:\/\/www.budream.com\/shop\/ortoled-little-monster-quantum-board-full-cycle-dimmerable-100w-2-7%c2%b5mol-j\/"},"modified":"2026-03-23T16:19:15","modified_gmt":"2026-03-23T14:19:15","slug":"ortoled-little-monster-quantum-board-full-cycle-dimmerable-100w-2-7%c2%b5mol-j","status":"publish","type":"product","link":"https:\/\/www.budream.com\/fr\/shop\/ortoled-little-monster-quantum-board-full-cycle-dimmerable-100w-2-7%c2%b5mol-j\/","title":{"rendered":"ORTOLED &#8211; LITTLE MONSTER QUANTUM BOARD FULL CYCLE DIMMERABLE | 100W 2.7\u00b5mol\/J"},"content":{"rendered":"<div style=\"text-align: left\">ORTOLED a ajout\u00e9 \u00e0 son catalogue la nouvelle lampe <strong>Ortoled Little Monster Full Cycle 100W Dimmable 0-100% Honglitronic <\/strong>parfaite pour les espaces de culture restreints et les surfaces carr\u00e9es. Lampe dimmable 0-100% avec unit\u00e9 de contr\u00f4le pour le contr\u00f4le via 0-10V Master et Slave Daisy Control \/ Supporte n&rsquo;importe quel 0-10V<strong><br \/><\/strong><\/div>\n<p>La lampe <strong>Ortoled Little Monster Full Cycle 100W Dimmable 0-100% Honglitronic<\/strong><strong> est <\/strong> un appareil l\u00e9ger et pratique qui produit des niveaux \u00e9lev\u00e9s de <strong>PPF<\/strong> et une efficacit\u00e9 photonique de 2.7&micro;mol\/J <strong>,<span style=\"color: #000000\"> couvrant parfaitement 0,5-0,80 m2 de surface de culture.<\/span><\/p>\n<p><\/strong>Le spectre lumineux <strong>Full Cycle Ortoled <\/strong>produit par la combinaison de <strong>Honglitronic SMD2835<\/strong> LEDs <strong>* 320PCS<\/strong><br \/><strong>+ Honglitronic SMD3535 * 15PCS<\/strong> garantit un excellent rendement et une p\u00e9n\u00e9tration optimale de la lumi\u00e8re sans surchauffer l&rsquo;apex des plantes.<\/p>\n<p>La s\u00e9rie <strong>Little Monster Full Cycle 100W d&rsquo;Ortoled <\/strong><strong> est <\/strong> construite en utilisant les <strong>drivers LED Juson de<\/strong> la plus haute qualit\u00e9 <strong>, dimmables de 0 \u00e0 100%, avec un contr\u00f4le par bouton.<\/strong><br \/>Les diodes Honglitronic<strong> SMD2835<\/strong> <strong>* 320PCS <\/strong><strong>+ Honglitronic SMD3535 * 15PCS<\/strong> sont mont\u00e9es uniform\u00e9ment dans le corps de la lampe pour assurer une excellente distribution et une parfaite dissipation de la chaleur produite.<\/p>\n<p>Le degr\u00e9 de protection est IP65 avec une r\u00e9sine utratransparente pour prot\u00e9ger les diodes afin de maintenir le flux lumineux.<\/p>\n<p><strong>Spectre \u00e0 cycle complet<br \/><\/strong>La combinaison et la coloration des LED install\u00e9es captent toutes les bandes n\u00e9cessaires \u00e0 la plante, garantissant un flux optimal de la croissance \u00e0 la floraison pour les petites surfaces.<\/p>\n<p style=\"padding: 10px;background: #ebebeb\"><strong>Distribution des LED Ortoled Full Cycle 60W Samsung<br \/><\/strong><br \/>-Honglitronic<strong>SMD2835 * 320PCS <\/strong><br \/>-Honglitronic<strong>SMD3535 * 15PCS<\/strong><\/p>\n<p><strong>Tableau de bord \u00e0 refroidissement statique et syst\u00e8me Sound zero<br \/><\/strong>Le nouveau tableau de bord <strong>Sound zero<\/strong> con\u00e7u pour la s\u00e9rie <strong>Ortoled Little Monster Full Cycle 100W <\/strong><strong> assure une <\/strong>excellente dissipation de la chaleur produite par les LED. Cela signifie que la lampe n&rsquo;a pas besoin d&rsquo;un syst\u00e8me de refroidissement suppl\u00e9mentaire et qu&rsquo;il n&rsquo;y a donc pas de ventilateurs externes. Gr\u00e2ce au syst\u00e8me <strong>Sound zero<\/strong>, le r\u00e9sultat est une lampe performante et extr\u00eamement silencieuse.<\/p>\n<h2><span style=\"text-decoration: underline\"><span class=\"insidetitle\"><strong>Caract\u00e9ristiques techniques Ortoled Quantum Little Monster Board Full Cycle 100W :<\/strong><\/span><\/span><\/h2>\n<ul style=\"list-style-type: disc\">\n<li><strong>Efficacit\u00e9 :<\/strong><strong> 2,7 &micro;mol \/ J<\/strong><\/li>\n<li><span class=\"insidetitle\">Tension d&rsquo;entr\u00e9e :<\/span> AC 100-277V\/50-60HZ<\/li>\n<li><span class=\"insidetitle\">Consommation \u00e9lectrique :<\/span> 100 W<\/li>\n<li><span style=\"color: #000000\"><span class=\"insidetitle\">Surface \u00e9clair\u00e9e :<\/span> <strong>0,5-0,80 m2<\/strong><\/span><\/li>\n<li>Distance aux plantes : min.30 max.60 cm<\/li>\n<li><span class=\"insidetitle\">Dur\u00e9e de vie :<\/span> 60 000 heures<\/li>\n<li><span class=\"insidetitle\">R\u00e9partition de la lumi\u00e8re :<\/span> 120<\/li>\n<li><span class=\"insidetitle\">Source lumineuse : Honglitronic<\/span><strong> SMD2835<\/strong> <strong>* 320PCS <\/strong><strong>+ Honglitronic SMD3535 * 15PCS<\/strong><\/li>\n<li><span class=\"insidetitle\">Poids :<\/span> 1,5 kg<\/li>\n<li><span class=\"insidetitle\">Dimensions :<\/span> 250x250x61 mm<\/li>\n<li><span class=\"insidetitle\">Spectre :<\/span> cycle complet 4000K+660nm<\/li>\n<\/ul>\n<p><strong>Articles inclus dans le paquet<\/strong><\/p>\n<ul style=\"list-style-type: disc\">\n<li>1x 100w Ortoled FC 100W<\/li>\n<li>1x C\u00e2ble d&rsquo;alimentation de 1,8 m<\/li>\n<li>2x C\u00e2ble de suspension r\u00e9glable<\/li>\n<li>1x C\u00e2ble de connexion de contr\u00f4le Daisy ma\u00eetre et esclave Prend en charge tout contr\u00f4leur externe 0-10V<\/li>\n<li>2x C\u00e2ble de suspension fixe<\/li>\n<\/ul>\n<p class=\"p1\">\n<h2><span class=\"insidetitle\"><strong><span style=\"text-decoration: underline\">Caract\u00e9ristiques principales Ortoled FULL CYCLE 100W 2.7 &micro;mol\/J <\/span><\/strong><\/span><\/h2>\n<ul style=\"list-style-type: disc\">\n<li>Haute efficacit\u00e9 2,7 &micro;mol\/J<\/li>\n<li>Pilote LED<i><strong> Juson&reg; avec puissance r\u00e9glable de 0 \u00e0 100%.<\/strong><\/i><\/li>\n<li>Technologie de couverture protectrice avec r\u00e9sine \u00e0 haute transparence<\/li>\n<li>Spectre \u00e0 cycle complet<\/li>\n<li>Fonction de connexion Daisy Control ma\u00eetre et esclave \/ Prise en charge de tout contr\u00f4leur externe 0-10V<\/li>\n<li>Diffusion et uniformit\u00e9 de la lumi\u00e8re am\u00e9lior\u00e9es et syst\u00e8me <strong>Sound Zero<\/strong><\/li>\n<li><span style=\"color: #000000\">Conception compacte id\u00e9ale pour une surface de culture allant jusqu&rsquo;\u00e0 <strong>0,5-0,80<\/strong><strong> m2 ou pour l&rsquo;entretien de 1 m2<\/strong><\/span><\/li>\n<li>Installation facile Plug &amp; Play<\/li>\n<\/ul>\n<p><\/p>\n<p class=\"p1\">Ne pas utiliser le luminaire LED verticalement ou \u00e0 l&rsquo;envers (le contact direct avec les yeux et une exposition prolong\u00e9e peuvent causer des dommages permanents \u00e0 la vue).<br \/>contact direct avec les yeux et une exposition prolong\u00e9e peuvent causer des dommages permanents \u00e0 la vue).<br \/>Il est d\u00e9conseill\u00e9 d&rsquo;utiliser l&rsquo;appareil comme lampe d&rsquo;ambiance. Il est con\u00e7u et d\u00e9velopp\u00e9<br \/>exclusivement pour la germination, la culture et la floraison des plantes. Veillez \u00e0 ce que le luminaire \u00e0 LED soit<br \/>hors de la vue et de la port\u00e9e des enfants et des animaux afin de prot\u00e9ger leurs yeux !<br \/>Nous recommandons l&rsquo;utilisation de lunettes sp\u00e9ciales pour prot\u00e9ger vos yeux.<\/p>\n","protected":false},"excerpt":{"rendered":"<p>ORTOLED a ajout\u00e9 \u00e0 son catalogue la nouvelle lampe Ortoled Little Monster Full Cycle 100W Dimmable 0-100% Honglitronic parfaite pour<\/p>\n","protected":false},"featured_media":132857,"comment_status":"open","ping_status":"closed","template":"","meta":[],"product_brand":[],"product_cat":[7935],"product_tag":[],"class_list":{"0":"post-132872","1":"product","2":"type-product","3":"status-publish","4":"has-post-thumbnail","6":"product_cat-lampe-led","8":"first","9":"instock","10":"sale","11":"taxable","12":"shipping-taxable","13":"purchasable","14":"product-type-simple"},"_links":{"self":[{"href":"https:\/\/www.budream.com\/fr\/wp-json\/wp\/v2\/product\/132872","targetHints":{"allow":["GET"]}}],"collection":[{"href":"https:\/\/www.budream.com\/fr\/wp-json\/wp\/v2\/product"}],"about":[{"href":"https:\/\/www.budream.com\/fr\/wp-json\/wp\/v2\/types\/product"}],"replies":[{"embeddable":true,"href":"https:\/\/www.budream.com\/fr\/wp-json\/wp\/v2\/comments?post=132872"}],"version-history":[{"count":0,"href":"https:\/\/www.budream.com\/fr\/wp-json\/wp\/v2\/product\/132872\/revisions"}],"wp:featuredmedia":[{"embeddable":true,"href":"https:\/\/www.budream.com\/fr\/wp-json\/wp\/v2\/media\/132857"}],"wp:attachment":[{"href":"https:\/\/www.budream.com\/fr\/wp-json\/wp\/v2\/media?parent=132872"}],"wp:term":[{"taxonomy":"product_brand","embeddable":true,"href":"https:\/\/www.budream.com\/fr\/wp-json\/wp\/v2\/product_brand?post=132872"},{"taxonomy":"product_cat","embeddable":true,"href":"https:\/\/www.budream.com\/fr\/wp-json\/wp\/v2\/product_cat?post=132872"},{"taxonomy":"product_tag","embeddable":true,"href":"https:\/\/www.budream.com\/fr\/wp-json\/wp\/v2\/product_tag?post=132872"}],"curies":[{"name":"wp","href":"https:\/\/api.w.org\/{rel}","templated":true}]}}