{"id":132887,"date":"2025-07-31T00:39:58","date_gmt":"2025-07-30T22:39:58","guid":{"rendered":"https:\/\/www.budream.com\/shop\/barneys-farm-broyeur-de-metal-noir-50mm\/"},"modified":"2026-03-20T16:26:41","modified_gmt":"2026-03-20T14:26:41","slug":"barneys-farm-broyeur-de-metal-noir-50mm","status":"publish","type":"product","link":"https:\/\/www.budream.com\/fr\/shop\/barneys-farm-broyeur-de-metal-noir-50mm\/","title":{"rendered":"BARNEY&rsquo;S FARM &#8211; BROYEUR DE M\u00c9TAL NOIR | 50mm"},"content":{"rendered":"<p>Le Black Barney&rsquo;s Farm Metal Grinder est un broyeur en m\u00e9tal de haute qualit\u00e9 qui fonctionne parfaitement. Ce moulin \u00e0 herbe en 4 parties peut broyer tout ce que vous y mettez et le transformer en une fine poudre. Le filtre et le r\u00e9cipient \u00e0 kief vous permettent d&rsquo;\u00e9viter le gaspillage. Le grinder a un design noir avec le logo Barney&rsquo;s Farm s\u00e9rigraphi\u00e9 sur le couvercle.<\/p>\n<h2><strong>Caract\u00e9ristiques Barney&rsquo;s Farm Aluminium Grinder :<\/strong><\/h2>\n<ul style=\"list-style-type: disc\">\n<li><strong>Diam\u00e8tre : <\/strong>5,0 cm<\/li>\n<li><strong>Hauteur : <\/strong>3,7 cm<\/li>\n<li><strong>Mat\u00e9riau :<\/strong> Aluminium<\/li>\n<\/ul>\n<p><a href=\"http:\/\/www.dutch-passion.nl\/it\/\" target=\"_blank\" rel=\"noopener noreferrer nofollow\"><br \/><\/a><\/p>\n<div><\/div>\n","protected":false},"excerpt":{"rendered":"<p>Le Black Barney&rsquo;s Farm Metal Grinder est un broyeur en m\u00e9tal de haute qualit\u00e9 qui fonctionne parfaitement. Ce moulin \u00e0<\/p>\n","protected":false},"featured_media":253606,"comment_status":"open","ping_status":"closed","template":"","meta":[],"product_brand":[],"product_cat":[7949],"product_tag":[],"class_list":{"0":"post-132887","1":"product","2":"type-product","3":"status-publish","4":"has-post-thumbnail","6":"product_cat-headshop-fr","8":"first","9":"instock","10":"taxable","11":"shipping-taxable","12":"purchasable","13":"product-type-simple"},"_links":{"self":[{"href":"https:\/\/www.budream.com\/fr\/wp-json\/wp\/v2\/product\/132887","targetHints":{"allow":["GET"]}}],"collection":[{"href":"https:\/\/www.budream.com\/fr\/wp-json\/wp\/v2\/product"}],"about":[{"href":"https:\/\/www.budream.com\/fr\/wp-json\/wp\/v2\/types\/product"}],"replies":[{"embeddable":true,"href":"https:\/\/www.budream.com\/fr\/wp-json\/wp\/v2\/comments?post=132887"}],"version-history":[{"count":0,"href":"https:\/\/www.budream.com\/fr\/wp-json\/wp\/v2\/product\/132887\/revisions"}],"wp:featuredmedia":[{"embeddable":true,"href":"https:\/\/www.budream.com\/fr\/wp-json\/wp\/v2\/media\/253606"}],"wp:attachment":[{"href":"https:\/\/www.budream.com\/fr\/wp-json\/wp\/v2\/media?parent=132887"}],"wp:term":[{"taxonomy":"product_brand","embeddable":true,"href":"https:\/\/www.budream.com\/fr\/wp-json\/wp\/v2\/product_brand?post=132887"},{"taxonomy":"product_cat","embeddable":true,"href":"https:\/\/www.budream.com\/fr\/wp-json\/wp\/v2\/product_cat?post=132887"},{"taxonomy":"product_tag","embeddable":true,"href":"https:\/\/www.budream.com\/fr\/wp-json\/wp\/v2\/product_tag?post=132887"}],"curies":[{"name":"wp","href":"https:\/\/api.w.org\/{rel}","templated":true}]}}