{"id":132907,"date":"2025-07-31T00:41:31","date_gmt":"2025-07-30T22:41:31","guid":{"rendered":"https:\/\/www.budream.com\/shop\/weedlez-active-carbon-filters-green-o-6mm-50pcs\/"},"modified":"2026-03-24T18:41:54","modified_gmt":"2026-03-24T16:41:54","slug":"weedlez-active-carbon-filters-green-o-6mm-50pcs","status":"publish","type":"product","link":"https:\/\/www.budream.com\/fr\/shop\/weedlez-active-carbon-filters-green-o-6mm-50pcs\/","title":{"rendered":"WEEDLEZ &#8211; ACTIVE CARBON FILTERS | GREEN \u00d8 6mm &#8211; 50pcs."},"content":{"rendered":"<p>Les nouveaux filtres \u00e0 charbon actif de qualit\u00e9 sup\u00e9rieure <strong>Weedlez<\/strong> FILTER ont d\u00e9sormais un diam\u00e8tre de 6,2 mm et une longueur de 27 mm. Le capuchon en c\u00e9ramique \u00e0 l&rsquo;int\u00e9rieur et la base en cellulose v\u00e9g\u00e9tale \u00e0 l&rsquo;autre extr\u00e9mit\u00e9 permettent d&rsquo;abaisser la temp\u00e9rature de la fum\u00e9e inhal\u00e9e et de filtrer les fines poussi\u00e8res, SANS ALTERERER LE GO\u00dbT jusqu&rsquo;\u00e0 la derni\u00e8re bouff\u00e9e !<\/p>\n<h2><span style=\"text-decoration: underline\"><strong>Les avantages du NOUVEAU filtre \u00e0 charbon actif haut de gamme Weedlez FILTER d&rsquo;un diam\u00e8tre de 6,2 mm :<\/strong><\/span><\/h2>\n<ul style=\"list-style-type: disc\">\n<li>Rouler devient plus facile<\/li>\n<li>Meilleure prise en main<\/li>\n<li>Ne surchauffe pas<\/li>\n<li>N&rsquo;est pas affect\u00e9 par les fluctuations de la temp\u00e9rature ext\u00e9rieure<\/li>\n<li>Con\u00e7u pour le plaisir de partager<\/li>\n<\/ul>\n","protected":false},"excerpt":{"rendered":"<p>Les nouveaux filtres \u00e0 charbon actif de qualit\u00e9 sup\u00e9rieure Weedlez FILTER ont d\u00e9sormais un diam\u00e8tre de 6,2 mm et une<\/p>\n","protected":false},"featured_media":132902,"comment_status":"open","ping_status":"closed","template":"","meta":[],"product_brand":[],"product_cat":[7949],"product_tag":[],"class_list":{"0":"post-132907","1":"product","2":"type-product","3":"status-publish","4":"has-post-thumbnail","6":"product_cat-headshop-fr","8":"first","9":"instock","10":"taxable","11":"shipping-taxable","12":"purchasable","13":"product-type-simple"},"_links":{"self":[{"href":"https:\/\/www.budream.com\/fr\/wp-json\/wp\/v2\/product\/132907","targetHints":{"allow":["GET"]}}],"collection":[{"href":"https:\/\/www.budream.com\/fr\/wp-json\/wp\/v2\/product"}],"about":[{"href":"https:\/\/www.budream.com\/fr\/wp-json\/wp\/v2\/types\/product"}],"replies":[{"embeddable":true,"href":"https:\/\/www.budream.com\/fr\/wp-json\/wp\/v2\/comments?post=132907"}],"version-history":[{"count":0,"href":"https:\/\/www.budream.com\/fr\/wp-json\/wp\/v2\/product\/132907\/revisions"}],"wp:featuredmedia":[{"embeddable":true,"href":"https:\/\/www.budream.com\/fr\/wp-json\/wp\/v2\/media\/132902"}],"wp:attachment":[{"href":"https:\/\/www.budream.com\/fr\/wp-json\/wp\/v2\/media?parent=132907"}],"wp:term":[{"taxonomy":"product_brand","embeddable":true,"href":"https:\/\/www.budream.com\/fr\/wp-json\/wp\/v2\/product_brand?post=132907"},{"taxonomy":"product_cat","embeddable":true,"href":"https:\/\/www.budream.com\/fr\/wp-json\/wp\/v2\/product_cat?post=132907"},{"taxonomy":"product_tag","embeddable":true,"href":"https:\/\/www.budream.com\/fr\/wp-json\/wp\/v2\/product_tag?post=132907"}],"curies":[{"name":"wp","href":"https:\/\/api.w.org\/{rel}","templated":true}]}}