{"id":132917,"date":"2025-07-31T00:42:19","date_gmt":"2025-07-30T22:42:19","guid":{"rendered":"https:\/\/www.budream.com\/shop\/kannodol-serum-anti-ethyme-30ml\/"},"modified":"2025-12-19T12:19:51","modified_gmt":"2025-12-19T10:19:51","slug":"kannodol-serum-anti-ethyme-30ml","status":"publish","type":"product","link":"https:\/\/www.budream.com\/fr\/shop\/kannodol-serum-anti-ethyme-30ml\/","title":{"rendered":"KANNODOL &#8211; S\u00c9RUM ANTI-ETHYME | 30ml"},"content":{"rendered":"<p class=\"_04xlpA direction-ltr align-start para-style-body\"><span class=\"S1PPyQ\">Ce s\u00e9rum est formul\u00e9 avec du cannabidiol et des <\/span><span class=\"S1PPyQ\">c\u00e9ramides qui renforcent la fonction barri\u00e8re de la peau. Il augmente la r\u00e9sistance des peaux sensibles et r\u00e9duit l&rsquo;irritabilit\u00e9.<\/span><\/p>\n<p><em>Extrait de graines de chanvre.<br \/>Sans THC<\/em><\/p>\n<h3><span style=\"text-decoration: underline\"><strong>Mode d&#8217;emploi<\/strong><\/span><\/h3>\n<p>Appliquer deux ou trois gouttes sur les doigts et r\u00e9partir sur la zone \u00e0 hydrater et \u00e0 prot\u00e9ger.<\/p>\n<h3><span style=\"text-decoration: underline\"><strong><br \/>Propri\u00e9t\u00e9s<\/strong><\/span><\/h3>\n<p><span class=\"S1PPyQ\">Produit riche en c\u00e9ramides qui reconstituent la barri\u00e8re lipidique pour tous les types de peau. Stimule les fibroblastes pour g\u00e9n\u00e9rer du collag\u00e8ne, de l&rsquo;acide hyaluronique et de l&rsquo;\u00e9lastine, am\u00e9liorant l&rsquo;aspect de la peau en apportant du volume et en r\u00e9duisant l&rsquo;apparence des rides d&rsquo;expression.<br \/><\/span><\/p>\n<h3><span style=\"text-decoration: underline\"><strong><br \/>Ingr\u00e9dients<\/strong><\/span><\/h3>\n<p>Eau, glyc\u00e9rine, ac\u00e9tate de tocoph\u00e9ryl, PCA de cuivre, alcool c\u00e9tylique, cannabidiol, \u00e9lastine hydrolys\u00e9e, collag\u00e8ne soluble, glucosylc\u00e9ramides, phospholipides, cholest\u00e9rol, PCA de menthe, alcool benzylique, und\u00e9cyl\u00e9nate de glyc\u00e9ryle, caprylate de glyc\u00e9ryle, gomme xanthane, hydroxyde de sodium, acide citrique, parfum, citronellol, coumarine, linalol.<\/p>\n","protected":false},"excerpt":{"rendered":"<p>Ce s\u00e9rum est formul\u00e9 avec du cannabidiol et des c\u00e9ramides qui renforcent la fonction barri\u00e8re de la peau. Il augmente<\/p>\n","protected":false},"featured_media":132912,"comment_status":"open","ping_status":"closed","template":"","meta":[],"product_brand":[],"product_cat":[7913],"product_tag":[],"class_list":{"0":"post-132917","1":"product","2":"type-product","3":"status-publish","4":"has-post-thumbnail","6":"product_cat-cosmetiques","8":"first","9":"instock","10":"taxable","11":"shipping-taxable","12":"purchasable","13":"product-type-simple"},"aioseo_notices":[],"_links":{"self":[{"href":"https:\/\/www.budream.com\/fr\/wp-json\/wp\/v2\/product\/132917","targetHints":{"allow":["GET"]}}],"collection":[{"href":"https:\/\/www.budream.com\/fr\/wp-json\/wp\/v2\/product"}],"about":[{"href":"https:\/\/www.budream.com\/fr\/wp-json\/wp\/v2\/types\/product"}],"replies":[{"embeddable":true,"href":"https:\/\/www.budream.com\/fr\/wp-json\/wp\/v2\/comments?post=132917"}],"version-history":[{"count":0,"href":"https:\/\/www.budream.com\/fr\/wp-json\/wp\/v2\/product\/132917\/revisions"}],"wp:featuredmedia":[{"embeddable":true,"href":"https:\/\/www.budream.com\/fr\/wp-json\/wp\/v2\/media\/132912"}],"wp:attachment":[{"href":"https:\/\/www.budream.com\/fr\/wp-json\/wp\/v2\/media?parent=132917"}],"wp:term":[{"taxonomy":"product_brand","embeddable":true,"href":"https:\/\/www.budream.com\/fr\/wp-json\/wp\/v2\/product_brand?post=132917"},{"taxonomy":"product_cat","embeddable":true,"href":"https:\/\/www.budream.com\/fr\/wp-json\/wp\/v2\/product_cat?post=132917"},{"taxonomy":"product_tag","embeddable":true,"href":"https:\/\/www.budream.com\/fr\/wp-json\/wp\/v2\/product_tag?post=132917"}],"curies":[{"name":"wp","href":"https:\/\/api.w.org\/{rel}","templated":true}]}}